{"id":48076,"date":"2022-11-30T12:25:35","date_gmt":"2022-11-30T11:25:35","guid":{"rendered":"https:\/\/hajimekarate.com\/?post_type=product&#038;p=48076"},"modified":"2026-02-19T11:13:08","modified_gmt":"2026-02-19T10:13:08","slug":"tonfas-shureido-copia","status":"publish","type":"product","link":"https:\/\/hajimekarate.com\/pt-pt\/comprar\/tonfas-shureido-copia\/","title":{"rendered":"Eku Shureido"},"content":{"rendered":"[vc_row type=&#8221;in_container&#8221; full_screen_row_position=&#8221;middle&#8221; column_margin=&#8221;default&#8221; column_direction=&#8221;default&#8221; column_direction_tablet=&#8221;default&#8221; column_direction_phone=&#8221;default&#8221; scene_position=&#8221;center&#8221; text_color=&#8221;dark&#8221; text_align=&#8221;left&#8221; row_border_radius=&#8221;none&#8221; row_border_radius_applies=&#8221;bg&#8221; overflow=&#8221;visible&#8221; overlay_strength=&#8221;0.3&#8243; gradient_direction=&#8221;left_to_right&#8221; shape_divider_position=&#8221;bottom&#8221; bg_image_animation=&#8221;none&#8221;][vc_column column_padding=&#8221;no-extra-padding&#8221; column_padding_tablet=&#8221;inherit&#8221; column_padding_phone=&#8221;inherit&#8221; column_padding_position=&#8221;all&#8221; column_element_spacing=&#8221;default&#8221; background_color_opacity=&#8221;1&#8243; background_hover_color_opacity=&#8221;1&#8243; column_shadow=&#8221;none&#8221; column_border_radius=&#8221;none&#8221; column_link_target=&#8221;_self&#8221; column_position=&#8221;default&#8221; gradient_direction=&#8221;left_to_right&#8221; overlay_strength=&#8221;0.3&#8243; width=&#8221;1\/1&#8243; tablet_width_inherit=&#8221;default&#8221; tablet_text_alignment=&#8221;default&#8221; phone_text_alignment=&#8221;default&#8221; animation_type=&#8221;default&#8221; bg_image_animation=&#8221;none&#8221; border_type=&#8221;simple&#8221; column_border_width=&#8221;none&#8221; column_border_style=&#8221;solid&#8221;][vc_column_text]A origem do Eku ou do Oar \u00e9 muito antiga. Foi idealizado por pescadores de Okinawa para se protegerem de uma poss\u00edvel invas\u00e3o chinesa, adaptando os remos num utens\u00edlio de autodefesa. O resultado foi criarem um excelente utens\u00edlio para cortar o ar e com alto poder destrutivo. A utiliza\u00e7\u00e3o deste utens\u00edlio \u00e9 semelhante \u00e0 do B\u014d, embora devido ao seu formato, com o centro de gravidade deslocado, e ao facto de ser mais pesado, seja mais dif\u00edcil de manejar. Foi originalmente concebido para lutar na praia, uma vez que o lado plano permitia tapar a visibilidade do advers\u00e1rio, permitia fazer outro tipo de ataques, nomeadamente atirar areia para os olhos.<\/p>\n","protected":false},"excerpt":{"rendered":"<p>Eku Shureido em madeira de carvalho vermelho. Fabricado \u00e0 m\u00e3o em Okinawa (Jap\u00e3o). Com a op\u00e7\u00e3o de adicionar uma bolsa da marca Shureido.<\/p>\n<p>IMPORTANTE: Todas as nossas armas e utens\u00edlios s\u00e3o vendidos como artigos de cole\u00e7\u00e3o e \u00e9 proibida a sua utiliza\u00e7\u00e3o ou transporte como armas.<\/p>\n","protected":false},"featured_media":9983,"template":"","meta":{"_joinchat":[]},"product_brand":[],"product_cat":[800,1391],"product_tag":[3334,3146,2622],"class_list":{"0":"post-48076","1":"product","2":"type-product","3":"status-publish","4":"has-post-thumbnail","6":"product_cat-armas-e-utensilios","7":"product_cat-armas-e-utensilios-shureido","8":"product_tag-blackfriday-club-15-pt","9":"product_tag-blackfriday-pt","10":"product_tag-club-10-pt","11":"product_shipping_class-tools_vol","13":"first","14":"onbackorder","15":"taxable","16":"shipping-taxable","17":"purchasable","18":"product-type-variable"},"_links":{"self":[{"href":"https:\/\/hajimekarate.com\/pt-pt\/wp-json\/wp\/v2\/product\/48076","targetHints":{"allow":["GET"]}}],"collection":[{"href":"https:\/\/hajimekarate.com\/pt-pt\/wp-json\/wp\/v2\/product"}],"about":[{"href":"https:\/\/hajimekarate.com\/pt-pt\/wp-json\/wp\/v2\/types\/product"}],"wp:featuredmedia":[{"embeddable":true,"href":"https:\/\/hajimekarate.com\/pt-pt\/wp-json\/wp\/v2\/media\/9983"}],"wp:attachment":[{"href":"https:\/\/hajimekarate.com\/pt-pt\/wp-json\/wp\/v2\/media?parent=48076"}],"wp:term":[{"taxonomy":"product_brand","embeddable":true,"href":"https:\/\/hajimekarate.com\/pt-pt\/wp-json\/wp\/v2\/product_brand?post=48076"},{"taxonomy":"product_cat","embeddable":true,"href":"https:\/\/hajimekarate.com\/pt-pt\/wp-json\/wp\/v2\/product_cat?post=48076"},{"taxonomy":"product_tag","embeddable":true,"href":"https:\/\/hajimekarate.com\/pt-pt\/wp-json\/wp\/v2\/product_tag?post=48076"}],"curies":[{"name":"wp","href":"https:\/\/api.w.org\/{rel}","templated":true}]}}