{"id":47246,"date":"2022-10-19T17:01:07","date_gmt":"2022-10-19T15:01:07","guid":{"rendered":"https:\/\/hajimekarate.com\/?post_type=product&#038;p=47246"},"modified":"2025-08-11T11:36:43","modified_gmt":"2025-08-11T09:36:43","slug":"pack-protecoes-infantis-kaiten-homologadas-rfek","status":"publish","type":"product","link":"https:\/\/hajimekarate.com\/pt-pt\/comprar\/pack-protecoes-infantis-kaiten-homologadas-rfek\/","title":{"rendered":"Pack Prote\u00e7\u00f5es Infantis Kaiten homologadas RFEK"},"content":{"rendered":"","protected":false},"excerpt":{"rendered":"<p>Pack de prote\u00e7\u00f5es para escal\u00f5es infantis, da Kaiten, homologadas pela RFEK. O pack inclui:<\/p>\n<p>&#8211; Protetor do antebra\u00e7o- Peitorais para<\/p>\n<p> crian\u00e7as- Capacete<\/p>\n","protected":false},"featured_media":47250,"template":"","meta":{"_joinchat":[]},"product_brand":[],"product_cat":[2399,2954,1374,2490,344,343],"product_tag":[2627],"class_list":{"0":"post-47246","1":"product","2":"type-product","3":"status-publish","4":"has-post-thumbnail","6":"product_cat-kumite-concurso","7":"product_cat-packs-pt-pt","8":"product_cat-promocoes-pt-pt","9":"product_cat-protecciones-obligatorias-kumite-pt-pt","10":"product_cat-homologadas-rfek","11":"product_cat-protecoes-pt","12":"product_tag-club-15-pt","14":"first","15":"outofstock","16":"sale","17":"taxable","18":"shipping-taxable","19":"purchasable","20":"product-type-yith_bundle"},"_links":{"self":[{"href":"https:\/\/hajimekarate.com\/pt-pt\/wp-json\/wp\/v2\/product\/47246","targetHints":{"allow":["GET"]}}],"collection":[{"href":"https:\/\/hajimekarate.com\/pt-pt\/wp-json\/wp\/v2\/product"}],"about":[{"href":"https:\/\/hajimekarate.com\/pt-pt\/wp-json\/wp\/v2\/types\/product"}],"wp:featuredmedia":[{"embeddable":true,"href":"https:\/\/hajimekarate.com\/pt-pt\/wp-json\/wp\/v2\/media\/47250"}],"wp:attachment":[{"href":"https:\/\/hajimekarate.com\/pt-pt\/wp-json\/wp\/v2\/media?parent=47246"}],"wp:term":[{"taxonomy":"product_brand","embeddable":true,"href":"https:\/\/hajimekarate.com\/pt-pt\/wp-json\/wp\/v2\/product_brand?post=47246"},{"taxonomy":"product_cat","embeddable":true,"href":"https:\/\/hajimekarate.com\/pt-pt\/wp-json\/wp\/v2\/product_cat?post=47246"},{"taxonomy":"product_tag","embeddable":true,"href":"https:\/\/hajimekarate.com\/pt-pt\/wp-json\/wp\/v2\/product_tag?post=47246"}],"curies":[{"name":"wp","href":"https:\/\/api.w.org\/{rel}","templated":true}]}}