{"id":46974,"date":"2022-10-11T17:43:06","date_gmt":"2022-10-11T15:43:06","guid":{"rendered":"https:\/\/hajimekarate.com\/comprar\/kajukenbo-preto-com-cinto-vermelho-do-5o-dan\/"},"modified":"2024-10-08T16:18:32","modified_gmt":"2024-10-08T14:18:32","slug":"cinto-para-kajukenbo-preto-com-rebordo-vermelho-de-5o-dan","status":"publish","type":"product","link":"https:\/\/hajimekarate.com\/pt-pt\/comprar\/cinto-para-kajukenbo-preto-com-rebordo-vermelho-de-5o-dan\/","title":{"rendered":"Cinto para Kajukenbo Preto com Rebordo Vermelho de 5\u00b0 Dan"},"content":{"rendered":"<p><b>kajukenbo<\/b> ou <b>kajukembo<\/b> \u00e9 uma arte marcial h\u00edbrida do Havai que combina as t\u00e9cnicas de outras disciplinas:<br \/>\n&#8211; karat\u00e9 tradicional coreano ou tang soo do<br \/>\n&#8211; judo<br \/>\n&#8211; jiu-jitsu<br \/>\n<i>&#8211; kenp\u014d<br \/>\n<\/i>&#8211; boxeo chino kung fu<br \/>\n&#8211; eskrima filipino.<\/p>\n","protected":false},"excerpt":{"rendered":"<p>Cinto para Kajukenbo Preto com Rebordo Vermelho de 5\u00b0 Dan. O pre\u00e7o do cinto n\u00e3o varia, quer seja bordado ou n\u00e3o. A largura do cinto \u00e9 de 6 cent\u00edmetros. Para escolher o tamanho indique-nos a medida do cinto ao encomendar em intervalos de 5 cent\u00edmetros. Apenas por encomenda. Tempo de espera aproximado 4 meses.<\/p>\n","protected":false},"featured_media":46971,"template":"","meta":{"_joinchat":[]},"product_brand":[],"product_cat":[1893,1374,328,330,341],"product_tag":[2628],"class_list":{"0":"post-46974","1":"product","2":"type-product","3":"status-publish","4":"has-post-thumbnail","6":"product_cat-cintos-personalizados","7":"product_cat-promocoes-pt-pt","8":"product_cat-cintos-karate","9":"product_cat-cintos-kaiten","10":"product_cat-kaiten","11":"product_tag-club-20-pt-pt","13":"first","14":"onbackorder","15":"sale","16":"taxable","17":"shipping-taxable","18":"purchasable","19":"product-type-simple"},"_links":{"self":[{"href":"https:\/\/hajimekarate.com\/pt-pt\/wp-json\/wp\/v2\/product\/46974","targetHints":{"allow":["GET"]}}],"collection":[{"href":"https:\/\/hajimekarate.com\/pt-pt\/wp-json\/wp\/v2\/product"}],"about":[{"href":"https:\/\/hajimekarate.com\/pt-pt\/wp-json\/wp\/v2\/types\/product"}],"wp:featuredmedia":[{"embeddable":true,"href":"https:\/\/hajimekarate.com\/pt-pt\/wp-json\/wp\/v2\/media\/46971"}],"wp:attachment":[{"href":"https:\/\/hajimekarate.com\/pt-pt\/wp-json\/wp\/v2\/media?parent=46974"}],"wp:term":[{"taxonomy":"product_brand","embeddable":true,"href":"https:\/\/hajimekarate.com\/pt-pt\/wp-json\/wp\/v2\/product_brand?post=46974"},{"taxonomy":"product_cat","embeddable":true,"href":"https:\/\/hajimekarate.com\/pt-pt\/wp-json\/wp\/v2\/product_cat?post=46974"},{"taxonomy":"product_tag","embeddable":true,"href":"https:\/\/hajimekarate.com\/pt-pt\/wp-json\/wp\/v2\/product_tag?post=46974"}],"curies":[{"name":"wp","href":"https:\/\/api.w.org\/{rel}","templated":true}]}}