{"id":46594,"date":"2022-09-27T17:19:26","date_gmt":"2022-09-27T15:19:26","guid":{"rendered":"https:\/\/hajimekarate.com\/comprar\/pacote-de-proteccoes-kaiten-rfek\/"},"modified":"2025-10-22T18:40:25","modified_gmt":"2025-10-22T16:40:25","slug":"pack-protecoes-kaiten-homologadas-rfek","status":"publish","type":"product","link":"https:\/\/hajimekarate.com\/pt-pt\/comprar\/pack-protecoes-kaiten-homologadas-rfek\/","title":{"rendered":"Pack de Prote\u00e7\u00f5es Kaiten Homologadas RFEK"},"content":{"rendered":"","protected":false},"excerpt":{"rendered":"<p>Pack de caneleiras e luvas da KAITEN homologadas pela Real Federa\u00e7\u00e3o Espanhola de Karat\u00e9. Prote\u00e7\u00f5es resistentes, suaves e confort\u00e1veis. Poupa com este conjunto de caneleiras (2) e luvas (2) vermelhas e azuis.<\/p>\n","protected":false},"featured_media":46571,"template":"","meta":{"_joinchat":[]},"product_brand":[],"product_cat":[2399,2954,1374,2490,344,343],"product_tag":[2781],"class_list":{"0":"post-46594","1":"product","2":"type-product","3":"status-publish","4":"has-post-thumbnail","6":"product_cat-kumite-concurso","7":"product_cat-packs-pt-pt","8":"product_cat-promocoes-pt-pt","9":"product_cat-protecciones-obligatorias-kumite-pt-pt","10":"product_cat-homologadas-rfek","11":"product_cat-protecoes-pt","12":"product_tag-club-29-pt","14":"first","15":"instock","16":"sale","17":"taxable","18":"shipping-taxable","19":"purchasable","20":"product-type-yith_bundle"},"_links":{"self":[{"href":"https:\/\/hajimekarate.com\/pt-pt\/wp-json\/wp\/v2\/product\/46594","targetHints":{"allow":["GET"]}}],"collection":[{"href":"https:\/\/hajimekarate.com\/pt-pt\/wp-json\/wp\/v2\/product"}],"about":[{"href":"https:\/\/hajimekarate.com\/pt-pt\/wp-json\/wp\/v2\/types\/product"}],"wp:featuredmedia":[{"embeddable":true,"href":"https:\/\/hajimekarate.com\/pt-pt\/wp-json\/wp\/v2\/media\/46571"}],"wp:attachment":[{"href":"https:\/\/hajimekarate.com\/pt-pt\/wp-json\/wp\/v2\/media?parent=46594"}],"wp:term":[{"taxonomy":"product_brand","embeddable":true,"href":"https:\/\/hajimekarate.com\/pt-pt\/wp-json\/wp\/v2\/product_brand?post=46594"},{"taxonomy":"product_cat","embeddable":true,"href":"https:\/\/hajimekarate.com\/pt-pt\/wp-json\/wp\/v2\/product_cat?post=46594"},{"taxonomy":"product_tag","embeddable":true,"href":"https:\/\/hajimekarate.com\/pt-pt\/wp-json\/wp\/v2\/product_tag?post=46594"}],"curies":[{"name":"wp","href":"https:\/\/api.w.org\/{rel}","templated":true}]}}