{"id":46010,"date":"2022-09-15T16:37:10","date_gmt":"2022-09-15T14:37:10","guid":{"rendered":"https:\/\/hajimekarate.com\/?post_type=product&#038;p=46010"},"modified":"2025-05-26T15:00:14","modified_gmt":"2025-05-26T13:00:14","slug":"karate-e-flow-livro-em-espanhol-copia","status":"publish","type":"product","link":"https:\/\/hajimekarate.com\/pt-pt\/comprar\/karate-e-flow-livro-em-espanhol-copia\/","title":{"rendered":"Metodologia Completa &#8220;Karat\u00e9-Kata&#8221;"},"content":{"rendered":"[vc_row type=&#8221;in_container&#8221; full_screen_row_position=&#8221;middle&#8221; column_margin=&#8221;default&#8221; column_direction=&#8221;default&#8221; column_direction_tablet=&#8221;default&#8221; column_direction_phone=&#8221;default&#8221; scene_position=&#8221;center&#8221; text_color=&#8221;dark&#8221; text_align=&#8221;left&#8221; row_border_radius=&#8221;none&#8221; row_border_radius_applies=&#8221;bg&#8221; overflow=&#8221;visible&#8221; overlay_strength=&#8221;0.3&#8243; gradient_direction=&#8221;left_to_right&#8221; shape_divider_position=&#8221;bottom&#8221; bg_image_animation=&#8221;none&#8221;][vc_column column_padding=&#8221;no-extra-padding&#8221; column_padding_tablet=&#8221;inherit&#8221; column_padding_phone=&#8221;inherit&#8221; column_padding_position=&#8221;all&#8221; column_element_spacing=&#8221;default&#8221; background_color_opacity=&#8221;1&#8243; background_hover_color_opacity=&#8221;1&#8243; column_shadow=&#8221;none&#8221; column_border_radius=&#8221;none&#8221; column_link_target=&#8221;_self&#8221; column_position=&#8221;default&#8221; gradient_direction=&#8221;left_to_right&#8221; overlay_strength=&#8221;0.3&#8243; width=&#8221;1\/1&#8243; tablet_width_inherit=&#8221;default&#8221; tablet_text_alignment=&#8221;default&#8221; phone_text_alignment=&#8221;default&#8221; animation_type=&#8221;default&#8221; bg_image_animation=&#8221;none&#8221; border_type=&#8221;simple&#8221; column_border_width=&#8221;none&#8221; column_border_style=&#8221;solid&#8221;][vc_column_text]O objectivo deste texto \u00e9 oferecer-nos um m\u00e9todo desenvolvido, ordenado, progressivo e racional para gerir com maior versatilidade e efic\u00e1cia a bagagem gestual de t\u00e9cnicas que o Karateca j\u00e1 possui em maior ou menor medida, pois acreditamos que a maioria dos Karatecas pratica Katas, embora haja grande dificuldade em aplicar estas t\u00e9cnicas num contexto diferente do praticado em trabalhos como o Kihon Kumite ou Bunkai, ou seja, quando passamos de um trabalho pr\u00e9-estabelecido em que h\u00e1 colabora\u00e7\u00e3o para um trabalho n\u00e3o pr\u00e9-estabelecido e em que o atacante n\u00e3o colabora.<\/p>\n<p>Fornece uma nova perspectiva que vai desde o gesto t\u00e9cnico mais simples at\u00e9 ao trabalho adaptativo e mais tarde intuitivo. Sendo o aluno capaz de gerar respostas, tanto em defesa como em contra-ataque, de uma forma improvisada perante os diferentes ataques e situa\u00e7\u00f5es criados pelo atacante, n\u00e3o se limitando a executar as t\u00e9cnicas normalmente utilizadas no Kumite.<\/p>\n<p>Esta publica\u00e7\u00e3o, que cont\u00e9m mais de 4000 imagens, \u00e9 apresentada como um manual pr\u00e1tico e inovador de grande interesse tanto para professores como para praticantes, constituindo um texto a ser considerado na literatura sobre o Karat\u00e9, em espanhol ou em ingl\u00eas. O seu conte\u00fado foi criado e desenvolvido com rigor e profundidade durante doze anos de trabalho e investiga\u00e7\u00e3o cont\u00ednua.<\/p>\n<p>Acreditamos que \u00e9 uma obra de refer\u00eancia e que contribui para melhorar ainda mais a divulga\u00e7\u00e3o e compreens\u00e3o do Karat\u00e9 Do.[\/vc_column_text][\/vc_column][\/vc_row]\n","protected":false},"excerpt":{"rendered":"<p>Evolu\u00e7\u00e3o do movimento t\u00e9cnico para o movimento intuitivo atrav\u00e9s do Kata.<\/p>\n<p>Autor: Jos\u00e9 Ram\u00f3n \u00c1lvarez Ruiz-Huidobro<\/p>\n<p>Neste livro o autor quis &#8220;batizar&#8221; a sua obra como Metodologia Completa Karat\u00e9-Kata.<\/p>\n<ul>\n<li><strong>Metodologia<\/strong>: porque \u00e9 um m\u00e9todo com directrizes, procedimentos, ordem e l\u00f3gica.<\/li>\n<li><strong>Completa:<\/strong> porque integra ou re\u00fane todos os aspetos e formas de trabalho inerentes ao Karat\u00e9.<\/li>\n<li><strong>Karat\u00e9<\/strong>: porque \u00e9 a disciplina a ser desenvolvida.<\/li>\n<li><strong>Kata<\/strong>: porque se baseia nos Katas.<\/li>\n<\/ul>\n<p>Neste m\u00e9todo a informa\u00e7\u00e3o \u00e9 descodificada atrav\u00e9s dos Katas, n\u00e3o se trata de ensinar os Katas, entendemos que esta tarefa deve ser aprendida e superada.<\/p>\n","protected":false},"featured_media":46014,"template":"","meta":{"_joinchat":[]},"product_brand":[],"product_cat":[3365,333],"product_tag":[],"class_list":{"0":"post-46010","1":"product","2":"type-product","3":"status-publish","4":"has-post-thumbnail","6":"product_cat-livros-pt","7":"product_cat-acessorios-pt","9":"first","10":"instock","11":"taxable","12":"shipping-taxable","13":"purchasable","14":"product-type-simple"},"_links":{"self":[{"href":"https:\/\/hajimekarate.com\/pt-pt\/wp-json\/wp\/v2\/product\/46010","targetHints":{"allow":["GET"]}}],"collection":[{"href":"https:\/\/hajimekarate.com\/pt-pt\/wp-json\/wp\/v2\/product"}],"about":[{"href":"https:\/\/hajimekarate.com\/pt-pt\/wp-json\/wp\/v2\/types\/product"}],"wp:featuredmedia":[{"embeddable":true,"href":"https:\/\/hajimekarate.com\/pt-pt\/wp-json\/wp\/v2\/media\/46014"}],"wp:attachment":[{"href":"https:\/\/hajimekarate.com\/pt-pt\/wp-json\/wp\/v2\/media?parent=46010"}],"wp:term":[{"taxonomy":"product_brand","embeddable":true,"href":"https:\/\/hajimekarate.com\/pt-pt\/wp-json\/wp\/v2\/product_brand?post=46010"},{"taxonomy":"product_cat","embeddable":true,"href":"https:\/\/hajimekarate.com\/pt-pt\/wp-json\/wp\/v2\/product_cat?post=46010"},{"taxonomy":"product_tag","embeddable":true,"href":"https:\/\/hajimekarate.com\/pt-pt\/wp-json\/wp\/v2\/product_tag?post=46010"}],"curies":[{"name":"wp","href":"https:\/\/api.w.org\/{rel}","templated":true}]}}