{"id":37407,"date":"2022-08-07T14:23:05","date_gmt":"2022-08-07T12:23:05","guid":{"rendered":"https:\/\/hajimekarate.com\/?post_type=product&#038;p=37407"},"modified":"2026-01-21T10:52:11","modified_gmt":"2026-01-21T09:52:11","slug":"casaco-shureido-waza-wkf-approved-bordado-ombros-azul-vermelho","status":"publish","type":"product","link":"https:\/\/hajimekarate.com\/pt-pt\/comprar\/casaco-shureido-waza-wkf-approved-bordado-ombros-azul-vermelho\/","title":{"rendered":"Casaco | Shureido Waza | WKF Approved 2025 &#8211; 2029 | Bordado Ombros Azul ou Vermelho"},"content":{"rendered":"<p>O casaco Shureido Waza \u00e9 um casaco de Karat\u00e9 de competi\u00e7\u00e3o homologado pela World Karate Federation (WKF) e fabricado em Okinawa, no Jap\u00e3o. Este casaco vem com o logotipo da Shureido bordado na nuca, no peito e nos ombros, a azul ou vermelho, pelo que cumpre com todos os regulamentos WKF.<\/p>\n<p>Trata-se de um casaco de Karat\u00e9 concebido pela Shureido especialmente para competidores de Kumite. O modelo Waza destaca-se pela sua leveza e respirabilidade, o que proporciona aos Karatecas uma excelente comodidade quando no Tatami.<\/p>\n<p>O Shureido Waza \u00e9 um Karategui com um brilho espetacular, trata-se de um fato com um corte elegante e que se adapta totalmente ao corpo real\u00e7ando a tua figura. Al\u00e9m disso, tem um tom branco caracter\u00edstico de toda a gama de Karateguis da Shureido e que \u00e9 muito vistoso.<\/p>\n<p>Se estiveres \u00e0 procura de um fato para competir em Kumite o Karategui Shureido Waza WKF \u00e9 definitivamente a melhor escolha. Com a op\u00e7\u00e3o de comprares s\u00f3 o casaco, a Hajime Karate quer dar facilidades aos Karatecas que competem na WKF na adapta\u00e7\u00e3o aos novos regulamentos sem terem de comprar o fato completo, uma vez que as cal\u00e7as seguem os regulamentos anteriores.<\/p>\n<h3>Homologado pela WKF para o per\u00edodo de 2025 a 2029<\/h3>\n<p>Os Karateguis Shureido renovaram a certifica\u00e7\u00e3o \u201cWKF Approved\u201d para o per\u00edodo de 2025 a 2029. A utiliza\u00e7\u00e3o de Karateguis com licen\u00e7a da WKF ser\u00e1 obrigat\u00f3ria em todos os eventos oficiais da WKF e n\u00e3o poder\u00e1 ser recusada em qualquer competi\u00e7\u00e3o ou atividade organizada pelas federa\u00e7\u00f5es nacionais membros da WKF, de acordo com os regulamentos da WKF.  <a href=\"https:\/\/hajimekarate.com\/wp-content\/uploads\/2024\/12\/PHOTO-2024-12-04-16-12-42.jpg\" target=\"_blank\" rel=\"noopener\">Ver certificado.<\/a><\/p>\n<p>&nbsp;<\/p>\n","protected":false},"excerpt":{"rendered":"<p>S\u00f3 casaco do Karategui Shureido Waza para Kumite \u2013 WKF Approved 2025 \u2013 2029.<br \/>\nLog\u00f3tipo da Shureido bordado no peito, na nuca e nos ombros do Karategui.<br \/>\n<strong>Homologado pela Federa\u00e7\u00e3o Mundial de Karat\u00e9 (WKF). <\/strong><\/p>\n<p style=\"color: #e7110b;\"><strong>NOTA<br \/>\n<\/strong><span style=\"color: #333333;\">Todas as pe\u00e7as de vestu\u00e1rio Shureido t\u00eam um corante azulado muito suave para proteger o Karategui e para o tornar mais branco durante mais tempo. \u00c9 por isso que os modelos da Shureido t\u00eam um branco espetacular, chamativo e \u00fanico. Este tingimento ir\u00e1 desvanecer-se a cada lavagem e o branco ir\u00e1 corresponder ao de outras pe\u00e7as de vestu\u00e1rio novas.<\/span><\/p>\n","protected":false},"featured_media":57708,"template":"","meta":{"_joinchat":[]},"product_brand":[],"product_cat":[2911,2912,3134,2480,337,339,2399,1374,3138,334,340,342],"product_tag":[2622],"class_list":{"0":"post-37407","1":"product","2":"type-product","3":"status-publish","4":"has-post-thumbnail","6":"product_cat-equipamento-de-karate-personalizado","7":"product_cat-shureido-casaco-a-medida","8":"product_cat-karate-competicao","9":"product_cat-karategui-kumite-wkf","10":"product_cat-karateguis-shureido","11":"product_cat-karateguis-wkf","12":"product_cat-kumite-concurso","13":"product_cat-promocoes-pt-pt","14":"product_cat-shureido-competicao","15":"product_cat-karateguis","16":"product_cat-marcas","17":"product_cat-shureido","18":"product_tag-club-10-pt","20":"first","21":"instock","22":"sale","23":"taxable","24":"shipping-taxable","25":"purchasable","26":"product-type-variable","27":"has-default-attributes"},"_links":{"self":[{"href":"https:\/\/hajimekarate.com\/pt-pt\/wp-json\/wp\/v2\/product\/37407","targetHints":{"allow":["GET"]}}],"collection":[{"href":"https:\/\/hajimekarate.com\/pt-pt\/wp-json\/wp\/v2\/product"}],"about":[{"href":"https:\/\/hajimekarate.com\/pt-pt\/wp-json\/wp\/v2\/types\/product"}],"wp:featuredmedia":[{"embeddable":true,"href":"https:\/\/hajimekarate.com\/pt-pt\/wp-json\/wp\/v2\/media\/57708"}],"wp:attachment":[{"href":"https:\/\/hajimekarate.com\/pt-pt\/wp-json\/wp\/v2\/media?parent=37407"}],"wp:term":[{"taxonomy":"product_brand","embeddable":true,"href":"https:\/\/hajimekarate.com\/pt-pt\/wp-json\/wp\/v2\/product_brand?post=37407"},{"taxonomy":"product_cat","embeddable":true,"href":"https:\/\/hajimekarate.com\/pt-pt\/wp-json\/wp\/v2\/product_cat?post=37407"},{"taxonomy":"product_tag","embeddable":true,"href":"https:\/\/hajimekarate.com\/pt-pt\/wp-json\/wp\/v2\/product_tag?post=37407"}],"curies":[{"name":"wp","href":"https:\/\/api.w.org\/{rel}","templated":true}]}}