{"id":37073,"date":"2022-08-07T14:13:27","date_gmt":"2022-08-07T12:13:27","guid":{"rendered":"https:\/\/hajimekarate.com\/?post_type=product&#038;p=37073"},"modified":"2026-01-21T10:44:37","modified_gmt":"2026-01-21T09:44:37","slug":"karategui-shureido-waza-wkf-approved-bordado-ombros-azul-vermelho","status":"publish","type":"product","link":"https:\/\/hajimekarate.com\/pt-pt\/comprar\/karategui-shureido-waza-wkf-approved-bordado-ombros-azul-vermelho\/","title":{"rendered":"Karategui Shureido Waza | WKF Approved 2025 &#8211; 2029 | Bordado Ombros Azul ou Vermelho"},"content":{"rendered":"<p>O Karategui Shureido Waza \u00e9 um fato de competi\u00e7\u00e3o homologado pela Federa\u00e7\u00e3o Mundial de Karat\u00e9 (WKF) fabricado em Okinawa. Tem a certifica\u00e7\u00e3o &#8220;WKF Approved&#8221; para o per\u00edodo de 2025 a 2029.<\/p>\n<p>\u00c9 um Karategui concebido pela Shureido especialmente para os competidores de Kumite. O Waza destaca-se pela sua leveza e respirabilidade, o que proporciona aos Karatecas uma excelente comodidade quando no Tatami.<\/p>\n<p>O Shureido Waza \u00e9 um Karategui com um brilho espetacular, trata-se de um fato com um corte elegante e que se adapta totalmente ao corpo real\u00e7ando a tua figura. Al\u00e9m disso, tem um tom branco caracter\u00edstico de toda a gama de Karateguis da Shureido e que \u00e9 muito vistoso.<\/p>\n<p>Se estiveres \u00e0 procura de um fato para competir em Kumite o Karategui Shureido Waza WKF \u00e9 definitivamente a melhor escolha.<\/p>\n<h3>WKF Approved 2025 &#8211; 2029<\/h3>\n<p>Os Karateguis Shureido renovaram a certifica\u00e7\u00e3o \u201cWKF Approved\u201d para o per\u00edodo de 2025 a 2029. A utiliza\u00e7\u00e3o de Karateguis com licen\u00e7a da WKF ser\u00e1 obrigat\u00f3ria em todos os eventos oficiais da WKF e n\u00e3o poder\u00e1 ser recusada em qualquer competi\u00e7\u00e3o ou atividade organizada pelas federa\u00e7\u00f5es nacionais membros da WKF, de acordo com os regulamentos da WKF.  <a href=\"https:\/\/hajimekarate.com\/wp-content\/uploads\/2024\/12\/PHOTO-2024-12-04-16-12-42.jpg\" target=\"_blank\" rel=\"noopener\">Ver certificado.<\/a><\/p>\n<p>&nbsp;<\/p>\n<p>&nbsp;<\/p>\n","protected":false},"excerpt":{"rendered":"<p>Karategui Shureido Waza para Kumite\u2013 WKF Approved 2025 &#8211; 2029.<br \/>\nLog\u00f3tipo da Shureido bordado no peito, na nuca e nos ombros do Karategui. \u00c9 um Karategui concebido para os competidores de Kumite. O seu tecido ultraleve facilita o movimento, a respirabilidade e o conforto.<br \/>\n<strong>Homologado pela Federa\u00e7\u00e3o Mundial de Karat\u00e9 para o per\u00edodo de 2025 a 2029.<\/strong><\/p>\n","protected":false},"featured_media":57692,"template":"","meta":{"_joinchat":[]},"product_brand":[],"product_cat":[2911,2917,2912,3134,2480,337,339,2399,1374,3138,334,340,342],"product_tag":[2622],"class_list":{"0":"post-37073","1":"product","2":"type-product","3":"status-publish","4":"has-post-thumbnail","6":"product_cat-equipamento-de-karate-personalizado","7":"product_cat-shureido-calcas-a-medida","8":"product_cat-shureido-casaco-a-medida","9":"product_cat-karate-competicao","10":"product_cat-karategui-kumite-wkf","11":"product_cat-karateguis-shureido","12":"product_cat-karateguis-wkf","13":"product_cat-kumite-concurso","14":"product_cat-promocoes-pt-pt","15":"product_cat-shureido-competicao","16":"product_cat-karateguis","17":"product_cat-marcas","18":"product_cat-shureido","19":"product_tag-club-10-pt","21":"first","22":"instock","23":"sale","24":"taxable","25":"shipping-taxable","26":"purchasable","27":"product-type-variable","28":"has-default-attributes"},"_links":{"self":[{"href":"https:\/\/hajimekarate.com\/pt-pt\/wp-json\/wp\/v2\/product\/37073","targetHints":{"allow":["GET"]}}],"collection":[{"href":"https:\/\/hajimekarate.com\/pt-pt\/wp-json\/wp\/v2\/product"}],"about":[{"href":"https:\/\/hajimekarate.com\/pt-pt\/wp-json\/wp\/v2\/types\/product"}],"wp:featuredmedia":[{"embeddable":true,"href":"https:\/\/hajimekarate.com\/pt-pt\/wp-json\/wp\/v2\/media\/57692"}],"wp:attachment":[{"href":"https:\/\/hajimekarate.com\/pt-pt\/wp-json\/wp\/v2\/media?parent=37073"}],"wp:term":[{"taxonomy":"product_brand","embeddable":true,"href":"https:\/\/hajimekarate.com\/pt-pt\/wp-json\/wp\/v2\/product_brand?post=37073"},{"taxonomy":"product_cat","embeddable":true,"href":"https:\/\/hajimekarate.com\/pt-pt\/wp-json\/wp\/v2\/product_cat?post=37073"},{"taxonomy":"product_tag","embeddable":true,"href":"https:\/\/hajimekarate.com\/pt-pt\/wp-json\/wp\/v2\/product_tag?post=37073"}],"curies":[{"name":"wp","href":"https:\/\/api.w.org\/{rel}","templated":true}]}}