{"id":34790,"date":"2022-03-26T12:30:12","date_gmt":"2022-03-26T11:30:12","guid":{"rendered":"https:\/\/hajimekarate.com\/comprar\/t-shirt-shureido-shisa-okinawa-pride\/"},"modified":"2025-12-29T16:42:50","modified_gmt":"2025-12-29T15:42:50","slug":"t-shirt-shureido-shisa-okinawa-pride","status":"publish","type":"product","link":"https:\/\/hajimekarate.com\/pt-pt\/comprar\/t-shirt-shureido-shisa-okinawa-pride\/","title":{"rendered":"T-shirt Shureido Shisa &#8220;Okinawa Pride&#8221;"},"content":{"rendered":"[vc_row type=&#8221;in_container&#8221; full_screen_row_position=&#8221;middle&#8221; column_margin=&#8221;default&#8221; column_direction=&#8221;default&#8221; column_direction_tablet=&#8221;default&#8221; column_direction_phone=&#8221;default&#8221; scene_position=&#8221;center&#8221; text_color=&#8221;dark&#8221; text_align=&#8221;left&#8221; row_border_radius=&#8221;none&#8221; row_border_radius_applies=&#8221;bg&#8221; overflow=&#8221;visible&#8221; overlay_strength=&#8221;0.3&#8243; gradient_direction=&#8221;left_to_right&#8221; shape_divider_position=&#8221;bottom&#8221; bg_image_animation=&#8221;none&#8221;][vc_column column_padding=&#8221;no-extra-padding&#8221; column_padding_tablet=&#8221;inherit&#8221; column_padding_phone=&#8221;inherit&#8221; column_padding_position=&#8221;all&#8221; column_element_spacing=&#8221;default&#8221; background_color_opacity=&#8221;1&#8243; background_hover_color_opacity=&#8221;1&#8243; column_shadow=&#8221;none&#8221; column_border_radius=&#8221;none&#8221; column_link_target=&#8221;_self&#8221; column_position=&#8221;default&#8221; gradient_direction=&#8221;left_to_right&#8221; overlay_strength=&#8221;0.3&#8243; width=&#8221;1\/1&#8243; tablet_width_inherit=&#8221;default&#8221; tablet_text_alignment=&#8221;default&#8221; phone_text_alignment=&#8221;default&#8221; animation_type=&#8221;default&#8221; bg_image_animation=&#8221;none&#8221; border_type=&#8221;simple&#8221; column_border_width=&#8221;none&#8221; column_border_style=&#8221;solid&#8221;][vc_column_text]Camisolas Shureido modelo Shisa Okinawa Pride, com o Shisa, o ser mitol\u00f3gico de Okinawa, nas costas. Preta ou branca.<\/p>\n<p>100% algod\u00e3o<br \/>\nTamanhos dispon\u00edveis: S, M, L, XL e XXL<\/p>\n<div class=\"tabContainerTs\">\n<div class=\"FormatoTabTs\">\n<table class=\"tallasTs\">\n<caption>Medidas da camiseta SHUREIDO<br \/>\nModelo Okinawa.<\/caption>\n<thead>\n<tr>\n<th>Tamanho<\/th>\n<th>Largura<\/th>\n<th>Comprimento<\/th>\n<\/tr>\n<\/thead>\n<tbody>\n<tr>\n<td>S<\/td>\n<td>48<\/td>\n<td>64<\/td>\n<\/tr>\n<tr>\n<td>M<\/td>\n<td>52<\/td>\n<td>68<\/td>\n<\/tr>\n<tr>\n<td>L<\/td>\n<td>53<\/td>\n<td>73<\/td>\n<\/tr>\n<tr>\n<td>XL<\/td>\n<td>58<\/td>\n<td>78<\/td>\n<\/tr>\n<tr>\n<td>XXL<\/td>\n<td>61<\/td>\n<td>81<\/td>\n<\/tr>\n<\/tbody>\n<tfoot>\n<tr>\n<td colspan=\"3\">* Podem ocorrer ligeiras varia\u00e7\u00f5es nas medidas<\/td>\n<\/tr>\n<\/tfoot>\n<\/table>\n<p>&nbsp;<\/p>\n<\/div>\n<\/div>\n[\/vc_column_text][\/vc_column][\/vc_row]\n","protected":false},"excerpt":{"rendered":"<p>T-shirt Shureido modelo Shisa &#8220;Okinawa Pride&#8221;, com o Shisa, a criatura mitol\u00f3gica de Okinawa, nas costas. 100% algod\u00e3o. T-shirt importada de Okinawa, Jap\u00e3o. Pedimos o envio para a Hajime aquando do teu pedido. Dispon\u00edvel em preta ou branca. Escolhe o teu tamanho.<\/p>\n","protected":false},"featured_media":24540,"template":"","meta":{"_joinchat":[]},"product_brand":[],"product_cat":[3341,333,340,342],"product_tag":[],"class_list":{"0":"post-34790","1":"product","2":"type-product","3":"status-publish","4":"has-post-thumbnail","6":"product_cat-t-shirts-pt","7":"product_cat-acessorios-pt","8":"product_cat-marcas","9":"product_cat-shureido","11":"first","12":"onbackorder","13":"taxable","14":"shipping-taxable","15":"purchasable","16":"product-type-variable","17":"has-default-attributes"},"_links":{"self":[{"href":"https:\/\/hajimekarate.com\/pt-pt\/wp-json\/wp\/v2\/product\/34790","targetHints":{"allow":["GET"]}}],"collection":[{"href":"https:\/\/hajimekarate.com\/pt-pt\/wp-json\/wp\/v2\/product"}],"about":[{"href":"https:\/\/hajimekarate.com\/pt-pt\/wp-json\/wp\/v2\/types\/product"}],"wp:featuredmedia":[{"embeddable":true,"href":"https:\/\/hajimekarate.com\/pt-pt\/wp-json\/wp\/v2\/media\/24540"}],"wp:attachment":[{"href":"https:\/\/hajimekarate.com\/pt-pt\/wp-json\/wp\/v2\/media?parent=34790"}],"wp:term":[{"taxonomy":"product_brand","embeddable":true,"href":"https:\/\/hajimekarate.com\/pt-pt\/wp-json\/wp\/v2\/product_brand?post=34790"},{"taxonomy":"product_cat","embeddable":true,"href":"https:\/\/hajimekarate.com\/pt-pt\/wp-json\/wp\/v2\/product_cat?post=34790"},{"taxonomy":"product_tag","embeddable":true,"href":"https:\/\/hajimekarate.com\/pt-pt\/wp-json\/wp\/v2\/product_tag?post=34790"}],"curies":[{"name":"wp","href":"https:\/\/api.w.org\/{rel}","templated":true}]}}