{"id":33207,"date":"2022-03-03T19:44:21","date_gmt":"2022-03-03T18:44:21","guid":{"rendered":"https:\/\/hajimekarate.com\/comprar\/kumite-de-cinto-basico-vermelho-e-azul-de-kaiten\/"},"modified":"2026-01-13T15:53:48","modified_gmt":"2026-01-13T14:53:48","slug":"cinto-basico-de-humite-vermelho-ou-azul-da-kaiten","status":"publish","type":"product","link":"https:\/\/hajimekarate.com\/pt-pt\/comprar\/cinto-basico-de-humite-vermelho-ou-azul-da-kaiten\/","title":{"rendered":"Cinto B\u00e1sico Kaiten Vermelho ou Azul para Kumite"},"content":{"rendered":"","protected":false},"excerpt":{"rendered":"<p>Cinto b\u00e1sico de Karat\u00e9, vermelho ou azul, para Kumite da marca europeia Kaiten. N\u00c3O homologados pela WKF. 100% algod\u00e3o com os melhores acabamentos. F\u00e1cil de colocar e muito resistente.<\/p>\n","protected":false},"featured_media":92200,"template":"","meta":{"_joinchat":[]},"product_brand":[],"product_cat":[3369,2483,2399,328,330,341],"product_tag":[2633],"class_list":{"0":"post-33207","1":"product","2":"type-product","3":"status-publish","4":"has-post-thumbnail","6":"product_cat-cintos-de-cor","7":"product_cat-fato-karate-kumite","8":"product_cat-kumite-concurso","9":"product_cat-cintos-karate","10":"product_cat-cintos-kaiten","11":"product_cat-kaiten","12":"product_tag-club-33-pt","14":"first","15":"instock","16":"taxable","17":"shipping-taxable","18":"purchasable","19":"product-type-variable","20":"has-default-attributes"},"_links":{"self":[{"href":"https:\/\/hajimekarate.com\/pt-pt\/wp-json\/wp\/v2\/product\/33207","targetHints":{"allow":["GET"]}}],"collection":[{"href":"https:\/\/hajimekarate.com\/pt-pt\/wp-json\/wp\/v2\/product"}],"about":[{"href":"https:\/\/hajimekarate.com\/pt-pt\/wp-json\/wp\/v2\/types\/product"}],"wp:featuredmedia":[{"embeddable":true,"href":"https:\/\/hajimekarate.com\/pt-pt\/wp-json\/wp\/v2\/media\/92200"}],"wp:attachment":[{"href":"https:\/\/hajimekarate.com\/pt-pt\/wp-json\/wp\/v2\/media?parent=33207"}],"wp:term":[{"taxonomy":"product_brand","embeddable":true,"href":"https:\/\/hajimekarate.com\/pt-pt\/wp-json\/wp\/v2\/product_brand?post=33207"},{"taxonomy":"product_cat","embeddable":true,"href":"https:\/\/hajimekarate.com\/pt-pt\/wp-json\/wp\/v2\/product_cat?post=33207"},{"taxonomy":"product_tag","embeddable":true,"href":"https:\/\/hajimekarate.com\/pt-pt\/wp-json\/wp\/v2\/product_tag?post=33207"}],"curies":[{"name":"wp","href":"https:\/\/api.w.org\/{rel}","templated":true}]}}