{"id":32934,"date":"2022-02-25T21:22:02","date_gmt":"2022-02-25T20:22:02","guid":{"rendered":"https:\/\/hajimekarate.com\/comprar\/fato-shureido-shihan-kc-10-2\/"},"modified":"2026-01-20T11:33:23","modified_gmt":"2026-01-20T10:33:23","slug":"karategui-shureido-shihan-kc-10","status":"publish","type":"product","link":"https:\/\/hajimekarate.com\/pt-pt\/comprar\/karategui-shureido-shihan-kc-10\/","title":{"rendered":"Karategui Shureido Shihan KC-10"},"content":{"rendered":"","protected":false},"excerpt":{"rendered":"<p>Karategui Shureido topo de gama com um corte mais largo. Este \u00e9 um modelo cl\u00e1ssico da Shureido recomendado para Instrutores. O tecido deste fato \u00e9 o mesmo que o do TKC-10, mas o corte \u00e9 japon\u00eas, pelo que o casaco \u00e9 mais curto do que no modelo TKC-10. Al\u00e9m disso, neste modelo as mangas e cal\u00e7as s\u00e3o compridas, n\u00e3o s\u00e3o pr\u00e9-cortadas. Indicado para Karatecas que procuram um Karategui japon\u00eas muito pesado.<\/p>\n<p>Se quiser saber mais sobre as diferen\u00e7as entre os tecidos e cortes dos modelos de karateguis Shureido, <a href=\"https:\/\/hajimekarate.com\/pt-pt\/corte-japones-vs-corte-europeu-nos-karategis-shureido\/\" target=\"_blank\" rel=\"noopener\">clique aqui.<\/a><\/p>\n<p><span style=\"color: red;\"><em>*<strong>Dispon\u00edvel apenas por encomenda.<\/strong><\/em><\/span><\/p>\n","protected":false},"featured_media":32880,"template":"","meta":{"_joinchat":[]},"product_brand":[],"product_cat":[2911,2917,2918,2912,2921,1897,3113,337,3126,334,342],"product_tag":[2622],"class_list":{"0":"post-32934","1":"product","2":"type-product","3":"status-publish","4":"has-post-thumbnail","6":"product_cat-equipamento-de-karate-personalizado","7":"product_cat-shureido-calcas-a-medida","8":"product_cat-shureido-calcas-bordados","9":"product_cat-shureido-casaco-a-medida","10":"product_cat-shureido-casaco-bordados","11":"product_cat-fatos-shureido-personalizables","12":"product_cat-karate-tradicional-pt","13":"product_cat-karateguis-shureido","14":"product_cat-shureido-tradicional-pt-pt","15":"product_cat-karateguis","16":"product_cat-shureido","17":"product_tag-club-10-pt","19":"first","20":"instock","21":"taxable","22":"shipping-taxable","23":"purchasable","24":"product-type-variable","25":"has-default-attributes"},"_links":{"self":[{"href":"https:\/\/hajimekarate.com\/pt-pt\/wp-json\/wp\/v2\/product\/32934","targetHints":{"allow":["GET"]}}],"collection":[{"href":"https:\/\/hajimekarate.com\/pt-pt\/wp-json\/wp\/v2\/product"}],"about":[{"href":"https:\/\/hajimekarate.com\/pt-pt\/wp-json\/wp\/v2\/types\/product"}],"wp:featuredmedia":[{"embeddable":true,"href":"https:\/\/hajimekarate.com\/pt-pt\/wp-json\/wp\/v2\/media\/32880"}],"wp:attachment":[{"href":"https:\/\/hajimekarate.com\/pt-pt\/wp-json\/wp\/v2\/media?parent=32934"}],"wp:term":[{"taxonomy":"product_brand","embeddable":true,"href":"https:\/\/hajimekarate.com\/pt-pt\/wp-json\/wp\/v2\/product_brand?post=32934"},{"taxonomy":"product_cat","embeddable":true,"href":"https:\/\/hajimekarate.com\/pt-pt\/wp-json\/wp\/v2\/product_cat?post=32934"},{"taxonomy":"product_tag","embeddable":true,"href":"https:\/\/hajimekarate.com\/pt-pt\/wp-json\/wp\/v2\/product_tag?post=32934"}],"curies":[{"name":"wp","href":"https:\/\/api.w.org\/{rel}","templated":true}]}}