{"id":31329,"date":"2021-11-30T17:54:26","date_gmt":"2021-11-30T16:54:26","guid":{"rendered":"https:\/\/hajimekarate.com\/comprar\/protetor-de-peito-feminino-kaiten\/"},"modified":"2024-12-13T12:08:15","modified_gmt":"2024-12-13T11:08:15","slug":"protetor-de-peito-feminino-kaiten","status":"publish","type":"product","link":"https:\/\/hajimekarate.com\/pt-pt\/comprar\/protetor-de-peito-feminino-kaiten\/","title":{"rendered":"Prote\u00e7\u00e3o Pl\u00e1stica de Peito Feminino Kaiten Homologada RFEK"},"content":{"rendered":"[vc_row type=&#8221;in_container&#8221; full_screen_row_position=&#8221;middle&#8221; column_margin=&#8221;default&#8221; column_direction=&#8221;default&#8221; column_direction_tablet=&#8221;default&#8221; column_direction_phone=&#8221;default&#8221; scene_position=&#8221;center&#8221; text_color=&#8221;dark&#8221; text_align=&#8221;left&#8221; row_border_radius=&#8221;none&#8221; row_border_radius_applies=&#8221;bg&#8221; overlay_strength=&#8221;0.3&#8243; gradient_direction=&#8221;left_to_right&#8221; shape_divider_position=&#8221;bottom&#8221; bg_image_animation=&#8221;none&#8221;][vc_column column_padding=&#8221;no-extra-padding&#8221; column_padding_tablet=&#8221;inherit&#8221; column_padding_phone=&#8221;inherit&#8221; column_padding_position=&#8221;all&#8221; column_element_spacing=&#8221;default&#8221; background_color_opacity=&#8221;1&#8243; background_hover_color_opacity=&#8221;1&#8243; column_shadow=&#8221;none&#8221; column_border_radius=&#8221;none&#8221; column_link_target=&#8221;_self&#8221; gradient_direction=&#8221;left_to_right&#8221; overlay_strength=&#8221;0.3&#8243; width=&#8221;1\/1&#8243; tablet_width_inherit=&#8221;default&#8221; tablet_text_alignment=&#8221;default&#8221; phone_text_alignment=&#8221;default&#8221; bg_image_animation=&#8221;none&#8221; border_type=&#8221;simple&#8221; column_border_width=&#8221;none&#8221; column_border_style=&#8221;solid&#8221;][vc_column_text]Evita o risco de les\u00f5es com a prote\u00e7\u00e3o de peito feminino mais vendida no mundo. A prote\u00e7\u00e3o de pl\u00e1stico flex\u00edvel aumenta o conforto, apoio e a seguran\u00e7a.[\/vc_column_text][\/vc_column][\/vc_row]\n","protected":false},"excerpt":{"rendered":"<p>Prote\u00e7\u00e3o pl\u00e1stica de peito feminino homologada pela RFEK. Evita o risco de les\u00f5es com a prote\u00e7\u00e3o de peito feminino mais vendida no mundo. A prote\u00e7\u00e3o de pl\u00e1stico flex\u00edvel aumenta o conforto, apoio e a seguran\u00e7a.<\/p>\n","protected":false},"featured_media":34368,"template":"","meta":{"_joinchat":[]},"product_brand":[],"product_cat":[2399,344,341,343],"product_tag":[2627],"class_list":{"0":"post-31329","1":"product","2":"type-product","3":"status-publish","4":"has-post-thumbnail","6":"product_cat-kumite-concurso","7":"product_cat-homologadas-rfek","8":"product_cat-kaiten","9":"product_cat-protecoes-pt","10":"product_tag-club-15-pt","12":"first","13":"instock","14":"taxable","15":"shipping-taxable","16":"purchasable","17":"product-type-variable","18":"has-default-attributes"},"_links":{"self":[{"href":"https:\/\/hajimekarate.com\/pt-pt\/wp-json\/wp\/v2\/product\/31329","targetHints":{"allow":["GET"]}}],"collection":[{"href":"https:\/\/hajimekarate.com\/pt-pt\/wp-json\/wp\/v2\/product"}],"about":[{"href":"https:\/\/hajimekarate.com\/pt-pt\/wp-json\/wp\/v2\/types\/product"}],"wp:featuredmedia":[{"embeddable":true,"href":"https:\/\/hajimekarate.com\/pt-pt\/wp-json\/wp\/v2\/media\/34368"}],"wp:attachment":[{"href":"https:\/\/hajimekarate.com\/pt-pt\/wp-json\/wp\/v2\/media?parent=31329"}],"wp:term":[{"taxonomy":"product_brand","embeddable":true,"href":"https:\/\/hajimekarate.com\/pt-pt\/wp-json\/wp\/v2\/product_brand?post=31329"},{"taxonomy":"product_cat","embeddable":true,"href":"https:\/\/hajimekarate.com\/pt-pt\/wp-json\/wp\/v2\/product_cat?post=31329"},{"taxonomy":"product_tag","embeddable":true,"href":"https:\/\/hajimekarate.com\/pt-pt\/wp-json\/wp\/v2\/product_tag?post=31329"}],"curies":[{"name":"wp","href":"https:\/\/api.w.org\/{rel}","templated":true}]}}