{"id":30925,"date":"2021-11-19T16:05:25","date_gmt":"2021-11-19T15:05:25","guid":{"rendered":"https:\/\/hajimekarate.com\/?post_type=product&#038;p=30925"},"modified":"2025-10-13T17:59:34","modified_gmt":"2025-10-13T15:59:34","slug":"shureido-protector-ultra-leve-do-peito-feminino-aprovado-pela-wkf","status":"publish","type":"product","link":"https:\/\/hajimekarate.com\/pt-pt\/comprar\/shureido-protector-ultra-leve-do-peito-feminino-aprovado-pela-wkf\/","title":{"rendered":"Prote\u00e7\u00e3o Feminina de Peito Ultraleve Shureido"},"content":{"rendered":"[vc_row type=&#8221;full_width_background&#8221; full_screen_row_position=&#8221;middle&#8221; column_margin=&#8221;default&#8221; column_direction=&#8221;default&#8221; column_direction_tablet=&#8221;default&#8221; column_direction_phone=&#8221;default&#8221; bg_color=&#8221;#f9f9f9&#8243; scene_position=&#8221;center&#8221; top_padding=&#8221;5%&#8221; text_color=&#8221;dark&#8221; text_align=&#8221;left&#8221; row_border_radius=&#8221;none&#8221; row_border_radius_applies=&#8221;bg&#8221; overflow=&#8221;visible&#8221; overlay_strength=&#8221;0.3&#8243; gradient_direction=&#8221;left_to_right&#8221; shape_divider_position=&#8221;bottom&#8221; bg_image_animation=&#8221;none&#8221; image_bg=&#8221;https:\/\/source.unsplash.com\/collection\/310797\/daily&#8221;][vc_column column_padding=&#8221;padding-1-percent&#8221; column_padding_tablet=&#8221;inherit&#8221; column_padding_phone=&#8221;inherit&#8221; column_padding_position=&#8221;all&#8221; column_element_spacing=&#8221;default&#8221; background_color_opacity=&#8221;1&#8243; background_hover_color_opacity=&#8221;1&#8243; column_shadow=&#8221;none&#8221; column_border_radius=&#8221;none&#8221; column_link_target=&#8221;_self&#8221; column_position=&#8221;default&#8221; gradient_direction=&#8221;left_to_right&#8221; overlay_strength=&#8221;0.3&#8243; width=&#8221;1\/1&#8243; tablet_width_inherit=&#8221;default&#8221; tablet_text_alignment=&#8221;default&#8221; phone_text_alignment=&#8221;default&#8221; animation_type=&#8221;default&#8221; bg_image_animation=&#8221;none&#8221; border_type=&#8221;simple&#8221; column_border_width=&#8221;none&#8221; column_border_style=&#8221;solid&#8221;][vc_column_text]\n<h2><span style=\"color: #76b82a;\">Especifica\u00e7\u00f5es T\u00e9cnicas<\/span><\/h2>\n[\/vc_column_text][\/vc_column][\/vc_row][vc_row type=&#8221;full_width_background&#8221; full_screen_row_position=&#8221;middle&#8221; column_margin=&#8221;default&#8221; column_direction=&#8221;default&#8221; column_direction_tablet=&#8221;default&#8221; column_direction_phone=&#8221;default&#8221; bg_color=&#8221;#f9f9f9&#8243; scene_position=&#8221;center&#8221; bottom_padding=&#8221;4%&#8221; text_color=&#8221;dark&#8221; text_align=&#8221;left&#8221; row_border_radius=&#8221;none&#8221; row_border_radius_applies=&#8221;bg&#8221; overflow=&#8221;visible&#8221; overlay_strength=&#8221;0.3&#8243; gradient_direction=&#8221;left_to_right&#8221; shape_divider_position=&#8221;bottom&#8221; bg_image_animation=&#8221;none&#8221;][vc_column column_padding=&#8221;padding-1-percent&#8221; column_padding_tablet=&#8221;inherit&#8221; column_padding_phone=&#8221;inherit&#8221; column_padding_position=&#8221;all&#8221; column_element_spacing=&#8221;default&#8221; background_color_opacity=&#8221;1&#8243; background_hover_color_opacity=&#8221;1&#8243; column_shadow=&#8221;none&#8221; column_border_radius=&#8221;none&#8221; column_link_target=&#8221;_self&#8221; column_position=&#8221;default&#8221; gradient_direction=&#8221;left_to_right&#8221; overlay_strength=&#8221;0.3&#8243; width=&#8221;1\/3&#8243; tablet_width_inherit=&#8221;default&#8221; tablet_text_alignment=&#8221;default&#8221; phone_text_alignment=&#8221;default&#8221; animation_type=&#8221;default&#8221; bg_image_animation=&#8221;none&#8221; border_type=&#8221;simple&#8221; column_border_width=&#8221;none&#8221; column_border_style=&#8221;solid&#8221;][vc_column_text]<span style=\"color: #999999;\">Protetor de Karat\u00e9 para Mulheres Shureido BodyGuard Lightweight.<br \/>\nDesde que a WKF tornou obrigat\u00f3rio o uso de protectores corporais, as mulheres foram obrigadas a usar duas pe\u00e7as para proteger os seus seios. mulheres foram obrigadas a usar duas pe\u00e7as para proteger o peito. Esta nova prote\u00e7\u00e3o de peito para mulher homologada pela WKF oferece uma solu\u00e7\u00e3o pr\u00e1tica e confort\u00e1vel numa pe\u00e7a \u00fanica que pode ser utilizada em conjunto com uma prote\u00e7\u00e3o pl\u00e1stica.<\/span>[\/vc_column_text][\/vc_column][vc_column column_padding=&#8221;padding-1-percent&#8221; column_padding_tablet=&#8221;inherit&#8221; column_padding_phone=&#8221;inherit&#8221; column_padding_position=&#8221;all&#8221; column_element_spacing=&#8221;default&#8221; background_color_opacity=&#8221;1&#8243; background_hover_color_opacity=&#8221;1&#8243; column_shadow=&#8221;none&#8221; column_border_radius=&#8221;none&#8221; column_link_target=&#8221;_self&#8221; column_position=&#8221;default&#8221; gradient_direction=&#8221;left_to_right&#8221; overlay_strength=&#8221;0.3&#8243; width=&#8221;1\/3&#8243; tablet_width_inherit=&#8221;default&#8221; tablet_text_alignment=&#8221;default&#8221; phone_text_alignment=&#8221;default&#8221; animation_type=&#8221;default&#8221; bg_image_animation=&#8221;none&#8221; border_type=&#8221;simple&#8221; column_border_width=&#8221;none&#8221; column_border_style=&#8221;solid&#8221;][vc_column_text]<span style=\"color: #999999;\"><br \/>\nCertificados CE: EN-13277\/1: 2000, EN-13277\/3: 2014, EU 2016\/425.\u00c9 o protetor de peito de karat\u00e9 feminino n\u00famero 1 no mundo .<br \/>\nFlex\u00edvel para um melhor ajuste. Parte superior do tecido el\u00e1stica e super confort\u00e1vel. Espuma respir\u00e1vel no interior. Nylon resistente no exterior.<br \/>\nFecho de velcro sem fric\u00e7\u00e3o. Tamanhos S, M, L e XL.<br \/>\n<\/span>[\/vc_column_text][\/vc_column][vc_column column_padding=&#8221;padding-1-percent&#8221; column_padding_tablet=&#8221;inherit&#8221; column_padding_phone=&#8221;inherit&#8221; column_padding_position=&#8221;all&#8221; column_element_spacing=&#8221;default&#8221; background_color_opacity=&#8221;1&#8243; background_hover_color_opacity=&#8221;1&#8243; column_shadow=&#8221;none&#8221; column_border_radius=&#8221;none&#8221; column_link_target=&#8221;_self&#8221; column_position=&#8221;default&#8221; gradient_direction=&#8221;left_to_right&#8221; overlay_strength=&#8221;0.3&#8243; width=&#8221;1\/3&#8243; tablet_width_inherit=&#8221;default&#8221; tablet_text_alignment=&#8221;default&#8221; phone_text_alignment=&#8221;default&#8221; animation_type=&#8221;default&#8221; bg_image_animation=&#8221;none&#8221; border_type=&#8221;simple&#8221; column_border_width=&#8221;none&#8221; column_border_style=&#8221;solid&#8221;][vc_column_text]\n<h6><span style=\"color: #76b82a;\">P\u00fablico<\/span><\/h6>\n<p><span style=\"color: #999999;\">Competidora feminina<\/span>[\/vc_column_text][divider line_type=&#8221;No Line&#8221; custom_height=&#8221;30&#8243;][vc_column_text]\n<h6><span style=\"color: #76b82a;\">Homologa\u00e7\u00e3o<\/span><\/h6>\n<p><span style=\"color: #999999;\">Kumite WKF<\/span>[\/vc_column_text][divider line_type=&#8221;No Line&#8221; custom_height=&#8221;30&#8243;][vc_column_text]\n<h6><span style=\"color: #76b82a;\">Categorias<\/span><\/h6>\n<p><span style=\"color: #999999;\">Kumite Cadete, J\u00fanior, Sub-21 e S\u00e9nior.<\/span>[\/vc_column_text][\/vc_column][\/vc_row]\n","protected":false},"excerpt":{"rendered":"<p><strong>Protetor peitoral de karat\u00e9 para mulher.<\/strong><br \/>\nProtetor peitoral para karat\u00e9 feminino dur\u00e1vel e ultra-leve, que oferece um maior conforto \u00e0s praticantes de karat\u00e9 do sexo feminino. Com esta prote\u00e7\u00e3o de peito evitar\u00e1s andar com duas pe\u00e7as para te protegeres, uma vez que esta prote\u00e7\u00e3o protege ao mesmo tempo o peito, as costelas e o abd\u00f3men. Agora, com este <strong>novo design,<\/strong> numa s\u00f3 prote\u00e7\u00e3o de peito tens tudo e com maior comodidade e de forma mais econ\u00f3mica.<\/p>\n<p><span style=\"vertical-align: inherit;\"><span style=\"vertical-align: inherit;\">Fabricado num material super flex\u00edvel que permite um melhor ajuste e conforto para lidar com as duras exig\u00eancias do Karat\u00e9.<\/span><\/span><\/p>\n<p><strong><span style=\"color: #74b32a;\">Esta prote\u00e7ao N\u00c3O INCLUI A CARCA\u00c7A EM PL\u00c1STICO.<\/span><\/strong><\/p>\n<p><a href=\"https:\/\/hajimekarate.com\/pt-pt\/comprar\/protetor-de-peito-feminino-kaiten\/\">Prote\u00e7\u00e3o Pl\u00e1stica De Peito Feminino Kaiten Homologada RFEK<\/a><\/p>\n<p><strong>Como escolheres o tamanho correto?<\/strong><br \/>\nEscolhe o teu tamanho de acordo com a tua altura:<br \/>\nS: 130-152 cm, M: 152-170 cm, L: 170-188 cm, XL: +188 cm.<\/p>\n<p><em>*A utiliza\u00e7\u00e3o de protectores SHUREIDO ser\u00e1 permitida nas provas oficiais da WKF at\u00e9 30 de junho de 2025. <\/em><em>E para eventos oficiais do RFEK ao longo de 2025. <a href=\"https:\/\/hajimekarate.com\/wp-content\/uploads\/2024\/12\/PHOTO-2024-12-04-16-12-42.jpg\" target=\"_blank\" rel=\"noopener\">Veja aqui o certificado de validade WKF.<\/a><\/em><\/p>\n","protected":false},"featured_media":30902,"template":"","meta":{"_joinchat":[]},"product_brand":[],"product_cat":[2399,1374,344,342,343],"product_tag":[],"class_list":{"0":"post-30925","1":"product","2":"type-product","3":"status-publish","4":"has-post-thumbnail","6":"product_cat-kumite-concurso","7":"product_cat-promocoes-pt-pt","8":"product_cat-homologadas-rfek","9":"product_cat-shureido","10":"product_cat-protecoes-pt","12":"first","13":"instock","14":"sale","15":"taxable","16":"shipping-taxable","17":"purchasable","18":"product-type-variable"},"_links":{"self":[{"href":"https:\/\/hajimekarate.com\/pt-pt\/wp-json\/wp\/v2\/product\/30925","targetHints":{"allow":["GET"]}}],"collection":[{"href":"https:\/\/hajimekarate.com\/pt-pt\/wp-json\/wp\/v2\/product"}],"about":[{"href":"https:\/\/hajimekarate.com\/pt-pt\/wp-json\/wp\/v2\/types\/product"}],"wp:featuredmedia":[{"embeddable":true,"href":"https:\/\/hajimekarate.com\/pt-pt\/wp-json\/wp\/v2\/media\/30902"}],"wp:attachment":[{"href":"https:\/\/hajimekarate.com\/pt-pt\/wp-json\/wp\/v2\/media?parent=30925"}],"wp:term":[{"taxonomy":"product_brand","embeddable":true,"href":"https:\/\/hajimekarate.com\/pt-pt\/wp-json\/wp\/v2\/product_brand?post=30925"},{"taxonomy":"product_cat","embeddable":true,"href":"https:\/\/hajimekarate.com\/pt-pt\/wp-json\/wp\/v2\/product_cat?post=30925"},{"taxonomy":"product_tag","embeddable":true,"href":"https:\/\/hajimekarate.com\/pt-pt\/wp-json\/wp\/v2\/product_tag?post=30925"}],"curies":[{"name":"wp","href":"https:\/\/api.w.org\/{rel}","templated":true}]}}