{"id":30895,"date":"2021-11-19T15:31:01","date_gmt":"2021-11-19T14:31:01","guid":{"rendered":"https:\/\/hajimekarate.com\/?post_type=product&#038;p=30895"},"modified":"2024-12-13T11:56:21","modified_gmt":"2024-12-13T10:56:21","slug":"protecao-peito-top-feminino-kaiten-rfek","status":"publish","type":"product","link":"https:\/\/hajimekarate.com\/pt-pt\/comprar\/protecao-peito-top-feminino-kaiten-rfek\/","title":{"rendered":"Prote\u00e7\u00e3o de Peito e Top Femininos Kaiten Homologados RFEK"},"content":{"rendered":"<p>Guia de tamanhos<\/p>\n<table border=\"0\" width=\"740\" cellspacing=\"0\" cellpadding=\"0\">\n<colgroup>\n<col width=\"159\">\n<col width=\"87\">\n<col width=\"29\">\n<col span=\"15\" width=\"31\"><\/colgroup>\n<tbody>\n<tr>\n<td class=\"xl81\" rowspan=\"3\" width=\"159\" height=\"63\">Medida tendo em conta o busto<\/td>\n<td class=\"xl63\" width=\"87\"><\/td>\n<td class=\"xl64\" width=\"29\">cm<\/td>\n<td class=\"xl63\" align=\"right\" width=\"31\">72<\/td>\n<td class=\"xl63\" align=\"right\" width=\"31\">74<\/td>\n<td class=\"xl63\" align=\"right\" width=\"31\">76<\/td>\n<td class=\"xl63\" align=\"right\" width=\"31\">78<\/td>\n<td class=\"xl63\" align=\"right\" width=\"31\">80<\/td>\n<td class=\"xl63\" align=\"right\" width=\"31\">82<\/td>\n<td class=\"xl63\" align=\"right\" width=\"31\">84<\/td>\n<td class=\"xl63\" align=\"right\" width=\"31\">86<\/td>\n<td class=\"xl63\" align=\"right\" width=\"31\">88<\/td>\n<td class=\"xl63\" align=\"right\" width=\"31\">90<\/td>\n<td class=\"xl63\" align=\"right\" width=\"31\">92<\/td>\n<td class=\"xl63\" align=\"right\" width=\"31\">94<\/td>\n<td class=\"xl63\" align=\"right\" width=\"31\">96<\/td>\n<td class=\"xl63\" align=\"right\" width=\"31\">104<\/td>\n<td class=\"xl76\" rowspan=\"4\" width=\"31\">TOP<\/td>\n<\/tr>\n<tr>\n<td height=\"21\"><\/td>\n<td class=\"xl65\">in<\/td>\n<td align=\"right\">28<\/td>\n<td align=\"right\">29<\/td>\n<td align=\"right\">30<\/td>\n<td align=\"right\">31<\/td>\n<td align=\"right\">31<\/td>\n<td align=\"right\">32<\/td>\n<td align=\"right\">33<\/td>\n<td align=\"right\">34<\/td>\n<td align=\"right\">35<\/td>\n<td align=\"right\">35<\/td>\n<td align=\"right\">36<\/td>\n<td align=\"right\">37<\/td>\n<td align=\"right\">48<\/td>\n<td align=\"right\">41<\/td>\n<\/tr>\n<tr>\n<td height=\"21\"><\/td>\n<td><\/td>\n<td class=\"xl84\" style=\"text-align: center;\" colspan=\"4\" rowspan=\"2\" width=\"124\">XS<\/td>\n<td class=\"xl86\" style=\"text-align: center;\" colspan=\"3\" rowspan=\"2\" width=\"93\">S<\/td>\n<td class=\"xl87\" style=\"text-align: center;\" colspan=\"3\" rowspan=\"2\" width=\"93\">M<\/td>\n<td class=\"xl88\" style=\"text-align: center;\" colspan=\"4\" rowspan=\"2\" width=\"124\">L<\/td>\n<\/tr>\n<tr>\n<td class=\"xl66\" height=\"23\"><\/td>\n<td class=\"xl67\"><\/td>\n<td class=\"xl67\"><\/td>\n<\/tr>\n<tr>\n<td class=\"xl81\" rowspan=\"18\" width=\"159\" height=\"380\">Medida tendo em conta o busto<\/td>\n<td class=\"xl63\"><\/td>\n<td class=\"xl63\"><\/td>\n<td class=\"xl63\"><\/td>\n<td class=\"xl63\"><\/td>\n<td class=\"xl63\"><\/td>\n<td class=\"xl63\"><\/td>\n<td class=\"xl63\"><\/td>\n<td class=\"xl63\"><\/td>\n<td class=\"xl63\"><\/td>\n<td class=\"xl63\"><\/td>\n<td class=\"xl63\"><\/td>\n<td class=\"xl63\"><\/td>\n<td class=\"xl63\"><\/td>\n<td class=\"xl63\"><\/td>\n<td class=\"xl63\"><\/td>\n<td class=\"xl63\"><\/td>\n<td class=\"xl68\"><\/td>\n<\/tr>\n<tr>\n<td class=\"xl65\" height=\"21\">cm<\/td>\n<td class=\"xl65\">in<\/td>\n<td><\/td>\n<td><\/td>\n<td><\/td>\n<td><\/td>\n<td><\/td>\n<td><\/td>\n<td><\/td>\n<td><\/td>\n<td><\/td>\n<td><\/td>\n<td><\/td>\n<td><\/td>\n<td><\/td>\n<td><\/td>\n<td class=\"xl79\" rowspan=\"17\" width=\"31\">PROTE\u00c7\u00c3O PEITO<\/td>\n<\/tr>\n<tr>\n<td align=\"right\" height=\"21\">80<\/td>\n<td align=\"right\">31<\/td>\n<td class=\"xl69\"><\/td>\n<td class=\"xl70\">XS<\/td>\n<td><\/td>\n<td><\/td>\n<td><\/td>\n<td><\/td>\n<td><\/td>\n<td><\/td>\n<td><\/td>\n<td><\/td>\n<td><\/td>\n<td><\/td>\n<td><\/td>\n<td><\/td>\n<\/tr>\n<tr>\n<td align=\"right\" height=\"21\">82<\/td>\n<td align=\"right\">32<\/td>\n<td class=\"xl69\"><\/td>\n<td class=\"xl70\">XS<\/td>\n<td class=\"xl70\">XS<\/td>\n<td class=\"xl71\"><\/td>\n<td><\/td>\n<td><\/td>\n<td><\/td>\n<td><\/td>\n<td><\/td>\n<td><\/td>\n<td><\/td>\n<td><\/td>\n<td><\/td>\n<td><\/td>\n<\/tr>\n<tr>\n<td align=\"right\" height=\"21\">84<\/td>\n<td align=\"right\">33<\/td>\n<td class=\"xl69\"><\/td>\n<td class=\"xl70\">XS<\/td>\n<td class=\"xl70\">XS<\/td>\n<td class=\"xl70\">XS<\/td>\n<td><\/td>\n<td><\/td>\n<td><\/td>\n<td><\/td>\n<td><\/td>\n<td><\/td>\n<td><\/td>\n<td><\/td>\n<td><\/td>\n<td><\/td>\n<\/tr>\n<tr>\n<td align=\"right\" height=\"21\">86<\/td>\n<td align=\"right\">34<\/td>\n<td class=\"xl69\"><\/td>\n<td class=\"xl70\">XS<\/td>\n<td class=\"xl70\">XS<\/td>\n<td class=\"xl70\">XS<\/td>\n<td><\/td>\n<td><\/td>\n<td><\/td>\n<td><\/td>\n<td><\/td>\n<td><\/td>\n<td><\/td>\n<td><\/td>\n<td><\/td>\n<td><\/td>\n<\/tr>\n<tr>\n<td align=\"right\" height=\"21\">88<\/td>\n<td align=\"right\">35<\/td>\n<td class=\"xl69\"><\/td>\n<td><\/td>\n<td><\/td>\n<td class=\"xl70\">XS<\/td>\n<td class=\"xl72\">S<\/td>\n<td><\/td>\n<td><\/td>\n<td><\/td>\n<td><\/td>\n<td><\/td>\n<td><\/td>\n<td><\/td>\n<td><\/td>\n<td><\/td>\n<\/tr>\n<tr>\n<td align=\"right\" height=\"21\">90<\/td>\n<td align=\"right\">35<\/td>\n<td><\/td>\n<td><\/td>\n<td><\/td>\n<td><\/td>\n<td class=\"xl72\">S<\/td>\n<td class=\"xl72\">S<\/td>\n<td><\/td>\n<td><\/td>\n<td><\/td>\n<td><\/td>\n<td><\/td>\n<td><\/td>\n<td><\/td>\n<td><\/td>\n<\/tr>\n<tr>\n<td align=\"right\" height=\"21\">92<\/td>\n<td align=\"right\">36<\/td>\n<td><\/td>\n<td><\/td>\n<td><\/td>\n<td><\/td>\n<td class=\"xl72\">S<\/td>\n<td class=\"xl72\">S<\/td>\n<td class=\"xl72\">S<\/td>\n<td><\/td>\n<td><\/td>\n<td><\/td>\n<td><\/td>\n<td><\/td>\n<td><\/td>\n<td><\/td>\n<\/tr>\n<tr>\n<td align=\"right\" height=\"21\">94<\/td>\n<td align=\"right\">37<\/td>\n<td><\/td>\n<td><\/td>\n<td><\/td>\n<td><\/td>\n<td class=\"xl72\">S<\/td>\n<td class=\"xl72\">S<\/td>\n<td class=\"xl72\">S<\/td>\n<td><\/td>\n<td><\/td>\n<td><\/td>\n<td><\/td>\n<td><\/td>\n<td><\/td>\n<td><\/td>\n<\/tr>\n<tr>\n<td align=\"right\" height=\"21\">96<\/td>\n<td align=\"right\">38<\/td>\n<td><\/td>\n<td><\/td>\n<td><\/td>\n<td><\/td>\n<td><\/td>\n<td class=\"xl72\">S<\/td>\n<td class=\"xl72\">S<\/td>\n<td class=\"xl73\">M<\/td>\n<td><\/td>\n<td><\/td>\n<td><\/td>\n<td><\/td>\n<td><\/td>\n<td><\/td>\n<\/tr>\n<tr>\n<td align=\"right\" height=\"21\">98<\/td>\n<td align=\"right\">39<\/td>\n<td><\/td>\n<td><\/td>\n<td><\/td>\n<td><\/td>\n<td><\/td>\n<td><\/td>\n<td class=\"xl72\">S<\/td>\n<td class=\"xl73\">M<\/td>\n<td class=\"xl73\">M<\/td>\n<td><\/td>\n<td><\/td>\n<td><\/td>\n<td><\/td>\n<td><\/td>\n<\/tr>\n<tr>\n<td align=\"right\" height=\"21\">100<\/td>\n<td align=\"right\">39<\/td>\n<td><\/td>\n<td><\/td>\n<td><\/td>\n<td><\/td>\n<td><\/td>\n<td><\/td>\n<td><\/td>\n<td class=\"xl73\">M<\/td>\n<td class=\"xl73\">M<\/td>\n<td><\/td>\n<td><\/td>\n<td><\/td>\n<td><\/td>\n<td><\/td>\n<\/tr>\n<tr>\n<td align=\"right\" height=\"21\">102<\/td>\n<td align=\"right\">40<\/td>\n<td><\/td>\n<td><\/td>\n<td><\/td>\n<td><\/td>\n<td><\/td>\n<td><\/td>\n<td><\/td>\n<td class=\"xl73\">M<\/td>\n<td class=\"xl73\">M<\/td>\n<td class=\"xl73\">M<\/td>\n<td class=\"xl74\">L<\/td>\n<td><\/td>\n<td><\/td>\n<td><\/td>\n<\/tr>\n<tr>\n<td align=\"right\" height=\"21\">104<\/td>\n<td align=\"right\">41<\/td>\n<td><\/td>\n<td><\/td>\n<td><\/td>\n<td><\/td>\n<td><\/td>\n<td><\/td>\n<td><\/td>\n<td><\/td>\n<td class=\"xl73\">M<\/td>\n<td class=\"xl73\">M<\/td>\n<td class=\"xl74\">L<\/td>\n<td class=\"xl74\">L<\/td>\n<td><\/td>\n<td><\/td>\n<\/tr>\n<tr>\n<td align=\"right\" height=\"21\">104<\/td>\n<td align=\"right\">42<\/td>\n<td><\/td>\n<td><\/td>\n<td><\/td>\n<td><\/td>\n<td><\/td>\n<td><\/td>\n<td><\/td>\n<td><\/td>\n<td><\/td>\n<td class=\"xl73\">M<\/td>\n<td class=\"xl74\">L<\/td>\n<td class=\"xl74\">L<\/td>\n<td class=\"xl74\">L<\/td>\n<td><\/td>\n<\/tr>\n<tr>\n<td align=\"right\" height=\"21\">104<\/td>\n<td align=\"right\">43<\/td>\n<td><\/td>\n<td><\/td>\n<td><\/td>\n<td><\/td>\n<td><\/td>\n<td><\/td>\n<td><\/td>\n<td><\/td>\n<td><\/td>\n<td class=\"xl73\">M<\/td>\n<td><\/td>\n<td class=\"xl74\">L<\/td>\n<td class=\"xl74\">L<\/td>\n<td><\/td>\n<\/tr>\n<tr>\n<td class=\"xl67\" align=\"right\" height=\"23\">104<\/td>\n<td class=\"xl67\" align=\"right\">43<\/td>\n<td class=\"xl67\"><\/td>\n<td class=\"xl67\"><\/td>\n<td class=\"xl67\"><\/td>\n<td class=\"xl67\"><\/td>\n<td class=\"xl67\"><\/td>\n<td class=\"xl67\"><\/td>\n<td class=\"xl67\"><\/td>\n<td class=\"xl67\"><\/td>\n<td class=\"xl67\"><\/td>\n<td class=\"xl67\"><\/td>\n<td class=\"xl67\"><\/td>\n<td class=\"xl67\"><\/td>\n<td class=\"xl75\">L<\/td>\n<td class=\"xl67\"><\/td>\n<\/tr>\n<\/tbody>\n<\/table>\n","protected":false},"excerpt":{"rendered":"<p>Prote\u00e7\u00e3o de peito e top femininos da marca Kaite homologados pela Real Federa\u00e7\u00e3o Espanhola de Karat\u00e9 (RFEK). Evita o risco de les\u00f5es com a prote\u00e7\u00e3o de peito feminino mais vendida no mundo. A prote\u00e7\u00e3o de pl\u00e1stico flex\u00edvel aumenta o conforto, apoio e a seguran\u00e7a.<\/p>\n","protected":false},"featured_media":30875,"template":"","meta":{"_joinchat":[]},"product_brand":[],"product_cat":[2399,2954,1374,344,341,343],"product_tag":[2627],"class_list":{"0":"post-30895","1":"product","2":"type-product","3":"status-publish","4":"has-post-thumbnail","6":"product_cat-kumite-concurso","7":"product_cat-packs-pt-pt","8":"product_cat-promocoes-pt-pt","9":"product_cat-homologadas-rfek","10":"product_cat-kaiten","11":"product_cat-protecoes-pt","12":"product_tag-club-15-pt","14":"first","15":"instock","16":"sale","17":"taxable","18":"shipping-taxable","19":"purchasable","20":"product-type-variable"},"_links":{"self":[{"href":"https:\/\/hajimekarate.com\/pt-pt\/wp-json\/wp\/v2\/product\/30895","targetHints":{"allow":["GET"]}}],"collection":[{"href":"https:\/\/hajimekarate.com\/pt-pt\/wp-json\/wp\/v2\/product"}],"about":[{"href":"https:\/\/hajimekarate.com\/pt-pt\/wp-json\/wp\/v2\/types\/product"}],"wp:featuredmedia":[{"embeddable":true,"href":"https:\/\/hajimekarate.com\/pt-pt\/wp-json\/wp\/v2\/media\/30875"}],"wp:attachment":[{"href":"https:\/\/hajimekarate.com\/pt-pt\/wp-json\/wp\/v2\/media?parent=30895"}],"wp:term":[{"taxonomy":"product_brand","embeddable":true,"href":"https:\/\/hajimekarate.com\/pt-pt\/wp-json\/wp\/v2\/product_brand?post=30895"},{"taxonomy":"product_cat","embeddable":true,"href":"https:\/\/hajimekarate.com\/pt-pt\/wp-json\/wp\/v2\/product_cat?post=30895"},{"taxonomy":"product_tag","embeddable":true,"href":"https:\/\/hajimekarate.com\/pt-pt\/wp-json\/wp\/v2\/product_tag?post=30895"}],"curies":[{"name":"wp","href":"https:\/\/api.w.org\/{rel}","templated":true}]}}