{"id":30845,"date":"2019-04-16T14:35:39","date_gmt":"2021-11-18T15:19:29","guid":{"rendered":"https:\/\/hajimekarate.com\/comprar\/karate-e-flow-livro-em-espanhol\/"},"modified":"2025-05-26T14:46:03","modified_gmt":"2025-05-26T12:46:03","slug":"karate-e-flow","status":"publish","type":"product","link":"https:\/\/hajimekarate.com\/pt-pt\/comprar\/karate-e-flow\/","title":{"rendered":"Karat\u00e9 e Flow (Livro em Espanhol)"},"content":{"rendered":"[vc_row type=&#8221;in_container&#8221; full_screen_row_position=&#8221;middle&#8221; column_margin=&#8221;default&#8221; column_direction=&#8221;default&#8221; column_direction_tablet=&#8221;default&#8221; column_direction_phone=&#8221;default&#8221; scene_position=&#8221;center&#8221; text_color=&#8221;dark&#8221; text_align=&#8221;left&#8221; row_border_radius=&#8221;none&#8221; row_border_radius_applies=&#8221;bg&#8221; overlay_strength=&#8221;0.3&#8243; gradient_direction=&#8221;left_to_right&#8221; shape_divider_position=&#8221;bottom&#8221; bg_image_animation=&#8221;none&#8221;][vc_column column_padding=&#8221;no-extra-padding&#8221; column_padding_tablet=&#8221;inherit&#8221; column_padding_phone=&#8221;inherit&#8221; column_padding_position=&#8221;all&#8221; column_element_spacing=&#8221;default&#8221; background_color_opacity=&#8221;1&#8243; background_hover_color_opacity=&#8221;1&#8243; column_shadow=&#8221;none&#8221; column_border_radius=&#8221;none&#8221; column_link_target=&#8221;_self&#8221; gradient_direction=&#8221;left_to_right&#8221; overlay_strength=&#8221;0.3&#8243; width=&#8221;1\/1&#8243; tablet_width_inherit=&#8221;default&#8221; tablet_text_alignment=&#8221;default&#8221; phone_text_alignment=&#8221;default&#8221; bg_image_animation=&#8221;none&#8221; border_type=&#8221;simple&#8221; column_border_width=&#8221;none&#8221; column_border_style=&#8221;solid&#8221;][vc_column_text]O Flow, ou fluxo, \u00e9 o momento em que estamos t\u00e3o concentrados numa atividade que chegamos a perder a consci\u00eancia do nosso pr\u00f3prio ser \u00e0 medida que os pensamentos se desvanecem e o tempo se distorce. Nesse momento age-se intuitivamente, deixamo-nos levar, flu\u00edmos e fundimo-nos com a tarefa que estamos a levar a cabo. Pode este estado ser alcan\u00e7ado com o Karat\u00e9-do? Pode este estado ser alcan\u00e7ado quando \u00e9 desejado?<br \/>Este livro responde a estas quest\u00f5es e mostra como consegui-lo atrav\u00e9s de exerc\u00edcios pr\u00e1ticos e da aplica\u00e7\u00e3o do m\u00e9todo Flow. \u00c9 dirigido a todos os Karatecas, independentemente do seu n\u00edvel, que queiram fluir com a pr\u00e1tica de Karat\u00e9.[\/vc_column_text][\/vc_column][\/vc_row]\n","protected":false},"excerpt":{"rendered":"<p>Neste livro explicam-se as estrat\u00e9gias para fluir praticanto Karat\u00e9-Do. Este estado pode ser alcan\u00e7ado com o Karat\u00e9-do? Pode este estado ser alcan\u00e7ado quando \u00e9 desejado?<\/p>\n","protected":false},"featured_media":9206,"template":"","meta":{"_joinchat":[]},"product_brand":[],"product_cat":[333],"product_tag":[],"class_list":{"0":"post-30845","1":"product","2":"type-product","3":"status-publish","4":"has-post-thumbnail","6":"product_cat-acessorios-pt","8":"first","9":"onbackorder","10":"taxable","11":"shipping-taxable","12":"purchasable","13":"product-type-simple"},"_links":{"self":[{"href":"https:\/\/hajimekarate.com\/pt-pt\/wp-json\/wp\/v2\/product\/30845","targetHints":{"allow":["GET"]}}],"collection":[{"href":"https:\/\/hajimekarate.com\/pt-pt\/wp-json\/wp\/v2\/product"}],"about":[{"href":"https:\/\/hajimekarate.com\/pt-pt\/wp-json\/wp\/v2\/types\/product"}],"wp:featuredmedia":[{"embeddable":true,"href":"https:\/\/hajimekarate.com\/pt-pt\/wp-json\/wp\/v2\/media\/9206"}],"wp:attachment":[{"href":"https:\/\/hajimekarate.com\/pt-pt\/wp-json\/wp\/v2\/media?parent=30845"}],"wp:term":[{"taxonomy":"product_brand","embeddable":true,"href":"https:\/\/hajimekarate.com\/pt-pt\/wp-json\/wp\/v2\/product_brand?post=30845"},{"taxonomy":"product_cat","embeddable":true,"href":"https:\/\/hajimekarate.com\/pt-pt\/wp-json\/wp\/v2\/product_cat?post=30845"},{"taxonomy":"product_tag","embeddable":true,"href":"https:\/\/hajimekarate.com\/pt-pt\/wp-json\/wp\/v2\/product_tag?post=30845"}],"curies":[{"name":"wp","href":"https:\/\/api.w.org\/{rel}","templated":true}]}}