{"id":30842,"date":"2020-08-24T15:29:09","date_gmt":"2020-08-24T13:29:09","guid":{"rendered":"https:\/\/hajimekarate.com\/comprar\/bokken-tsuba-shureido\/"},"modified":"2026-02-16T11:01:19","modified_gmt":"2026-02-16T10:01:19","slug":"bokken-tsuba","status":"publish","type":"product","link":"https:\/\/hajimekarate.com\/pt-pt\/comprar\/bokken-tsuba\/","title":{"rendered":"Bokken Shureido com Tsuba"},"content":{"rendered":"<p>O Bokken \u00e9 uma Katana de madeira, tamb\u00e9m chamada Bokuto. A sua utiliza\u00e7\u00e3o tornou-se popular no per\u00edodo Muromachi (1336-1600), quando os guerreiros come\u00e7aram a utiliz\u00e1-lo na arte de duelo e n\u00e3o no campo de batalha. \u00c9 atualmente utilizado no Iaijutsu ou Kenjutsu, facto j\u00e1 documentado no s\u00e9culo XVII. Kenjutsu \u00e9 uma t\u00e9cnica do Kobujutsu e que \u00e9 a origem do Kendo. \u00c9 imprescind\u00edvel no treino de Kata. Para o seu fabrico os materiais mais populares utilizados s\u00e3o o carvalho vermelho ou o carvalho branco.<\/p>\n","protected":false},"excerpt":{"rendered":"<p>Bokken com Tsuba fabricado em carvalho vermelho e com 102 cm de comprimento, fabricado artesanalmente em Okinawa, Jap\u00e3o.<\/p>\n<p>&nbsp;<\/p>\n<p>IMPORTANTE: Todas as nossas armas e utens\u00edlios s\u00e3o vendidos como artigos de cole\u00e7\u00e3o e \u00e9 proibida a sua utiliza\u00e7\u00e3o ou transporte como armas.<\/p>\n","protected":false},"featured_media":21971,"template":"","meta":{"_joinchat":[]},"product_brand":[],"product_cat":[791,800,1391],"product_tag":[2622],"class_list":{"0":"post-30842","1":"product","2":"type-product","3":"status-publish","4":"has-post-thumbnail","6":"product_cat-aikido","7":"product_cat-armas-e-utensilios","8":"product_cat-armas-e-utensilios-shureido","9":"product_tag-club-10-pt","10":"product_shipping_class-tools_vol","12":"first","13":"onbackorder","14":"taxable","15":"shipping-taxable","16":"purchasable","17":"product-type-simple"},"_links":{"self":[{"href":"https:\/\/hajimekarate.com\/pt-pt\/wp-json\/wp\/v2\/product\/30842","targetHints":{"allow":["GET"]}}],"collection":[{"href":"https:\/\/hajimekarate.com\/pt-pt\/wp-json\/wp\/v2\/product"}],"about":[{"href":"https:\/\/hajimekarate.com\/pt-pt\/wp-json\/wp\/v2\/types\/product"}],"wp:featuredmedia":[{"embeddable":true,"href":"https:\/\/hajimekarate.com\/pt-pt\/wp-json\/wp\/v2\/media\/21971"}],"wp:attachment":[{"href":"https:\/\/hajimekarate.com\/pt-pt\/wp-json\/wp\/v2\/media?parent=30842"}],"wp:term":[{"taxonomy":"product_brand","embeddable":true,"href":"https:\/\/hajimekarate.com\/pt-pt\/wp-json\/wp\/v2\/product_brand?post=30842"},{"taxonomy":"product_cat","embeddable":true,"href":"https:\/\/hajimekarate.com\/pt-pt\/wp-json\/wp\/v2\/product_cat?post=30842"},{"taxonomy":"product_tag","embeddable":true,"href":"https:\/\/hajimekarate.com\/pt-pt\/wp-json\/wp\/v2\/product_tag?post=30842"}],"curies":[{"name":"wp","href":"https:\/\/api.w.org\/{rel}","templated":true}]}}