{"id":30127,"date":"2021-11-08T16:37:51","date_gmt":"2021-11-08T15:37:51","guid":{"rendered":"https:\/\/hajimekarate.com\/?post_type=product&#038;p=30127"},"modified":"2026-03-31T12:09:25","modified_gmt":"2026-03-31T10:09:25","slug":"luvas-vermelhas-o-azuis-kaiten-rfek","status":"publish","type":"product","link":"https:\/\/hajimekarate.com\/pt-pt\/comprar\/luvas-vermelhas-o-azuis-kaiten-rfek\/","title":{"rendered":"Luvas Vermelhas ou Azuis Kaiten Homologadas RFEK"},"content":{"rendered":"[vc_row type=&#8221;in_container&#8221; full_screen_row_position=&#8221;middle&#8221; column_margin=&#8221;default&#8221; column_direction=&#8221;default&#8221; column_direction_tablet=&#8221;default&#8221; column_direction_phone=&#8221;default&#8221; scene_position=&#8221;center&#8221; text_color=&#8221;dark&#8221; text_align=&#8221;left&#8221; row_border_radius=&#8221;none&#8221; row_border_radius_applies=&#8221;bg&#8221; overlay_strength=&#8221;0.3&#8243; gradient_direction=&#8221;left_to_right&#8221; shape_divider_position=&#8221;bottom&#8221; bg_image_animation=&#8221;none&#8221;][vc_column column_padding=&#8221;no-extra-padding&#8221; column_padding_tablet=&#8221;inherit&#8221; column_padding_phone=&#8221;inherit&#8221; column_padding_position=&#8221;all&#8221; column_element_spacing=&#8221;default&#8221; background_color_opacity=&#8221;1&#8243; background_hover_color_opacity=&#8221;1&#8243; column_shadow=&#8221;none&#8221; column_border_radius=&#8221;none&#8221; column_link_target=&#8221;_self&#8221; gradient_direction=&#8221;left_to_right&#8221; overlay_strength=&#8221;0.3&#8243; width=&#8221;1\/1&#8243; tablet_width_inherit=&#8221;default&#8221; tablet_text_alignment=&#8221;default&#8221; phone_text_alignment=&#8221;default&#8221; bg_image_animation=&#8221;none&#8221; border_type=&#8221;simple&#8221; column_border_width=&#8221;none&#8221; column_border_style=&#8221;solid&#8221;][vc_column_text]Luvas sem dedo para competi\u00e7\u00f5es de Karat\u00e9, vermelhas ou azuis, da marca Kaiten, homologadas pela Real Federa\u00e7\u00e3o Espanhola de Karat\u00e9 (RFEK). NOVO LOGO 2021.[\/vc_column_text][\/vc_column][\/vc_row]\n","protected":false},"excerpt":{"rendered":"<p>Luvas sem dedo para competi\u00e7\u00f5es de Karat\u00e9, vermelhas ou azuis, da marca Kaiten, homologadas pela Real Federa\u00e7\u00e3o Espanhola de Karat\u00e9 (RFEK).<span style=\"color: red;\"><br \/>\n<\/span><\/p>\n","protected":false},"featured_media":30294,"template":"","meta":{"_joinchat":[]},"product_brand":[],"product_cat":[2399,344,340,341,343],"product_tag":[3390],"class_list":{"0":"post-30127","1":"product","2":"type-product","3":"status-publish","4":"has-post-thumbnail","6":"product_cat-kumite-concurso","7":"product_cat-homologadas-rfek","8":"product_cat-marcas","9":"product_cat-kaiten","10":"product_cat-protecoes-pt","11":"product_tag-club-24-pt","13":"first","14":"instock","15":"taxable","16":"shipping-taxable","17":"purchasable","18":"product-type-variable"},"_links":{"self":[{"href":"https:\/\/hajimekarate.com\/pt-pt\/wp-json\/wp\/v2\/product\/30127","targetHints":{"allow":["GET"]}}],"collection":[{"href":"https:\/\/hajimekarate.com\/pt-pt\/wp-json\/wp\/v2\/product"}],"about":[{"href":"https:\/\/hajimekarate.com\/pt-pt\/wp-json\/wp\/v2\/types\/product"}],"wp:featuredmedia":[{"embeddable":true,"href":"https:\/\/hajimekarate.com\/pt-pt\/wp-json\/wp\/v2\/media\/30294"}],"wp:attachment":[{"href":"https:\/\/hajimekarate.com\/pt-pt\/wp-json\/wp\/v2\/media?parent=30127"}],"wp:term":[{"taxonomy":"product_brand","embeddable":true,"href":"https:\/\/hajimekarate.com\/pt-pt\/wp-json\/wp\/v2\/product_brand?post=30127"},{"taxonomy":"product_cat","embeddable":true,"href":"https:\/\/hajimekarate.com\/pt-pt\/wp-json\/wp\/v2\/product_cat?post=30127"},{"taxonomy":"product_tag","embeddable":true,"href":"https:\/\/hajimekarate.com\/pt-pt\/wp-json\/wp\/v2\/product_tag?post=30127"}],"curies":[{"name":"wp","href":"https:\/\/api.w.org\/{rel}","templated":true}]}}