{"id":30009,"date":"2018-09-10T21:19:47","date_gmt":"2018-09-10T19:19:47","guid":{"rendered":"https:\/\/hajimekarate.com\/comprar\/karategui-kaiten-sovereign-2\/"},"modified":"2026-02-13T17:43:56","modified_gmt":"2026-02-13T16:43:56","slug":"karategui-sovereign","status":"publish","type":"product","link":"https:\/\/hajimekarate.com\/pt-pt\/comprar\/karategui-sovereign\/","title":{"rendered":"Karategui Kaiten Sovereign | Slim\/Regular"},"content":{"rendered":"<p>Este Karategui da Kaiten \u00e9 feito numa fibra de qualidade premium para uma \u00f3tima respira\u00e7\u00e3o da pele em treino ou competi\u00e7\u00e3o. Desenhado para satisfazer as exig\u00eancias dos instrutores no Jap\u00e3o e adaptado \u00e0s necessidades do Karat\u00e9 europeu.<\/p>\n<p>Trata-se dum fato de Karat\u00e9 leve e confort\u00e1vel, mas, mesmo assim, a tens\u00e3o corporal \u00e9 vis\u00edvel. Um fato que real\u00e7a o dinamismo do Karat\u00e9.<\/p>\n","protected":false},"excerpt":{"rendered":"<p>Karategui Kaiten Sovereign de peso leve. Composi\u00e7\u00e3o de tecidos com um peso de 10 on\u00e7as, f\u00e1cil de engomar e muito c\u00f3modo para treinos longos. Dispon\u00edvel na vers\u00e3o Regular ou Slim, esta para pessoas magras e altas porque vem com as mangas, as cal\u00e7as e o casaco mais compridos e ligeiramente mais estreitos.<\/p>\n","protected":false},"featured_media":10796,"template":"","meta":{"_joinchat":[]},"product_brand":[],"product_cat":[2911,2932,2930,2931,2933,1896,3130,3113,335,1374,334,341],"product_tag":[2627],"class_list":{"0":"post-30009","1":"product","2":"type-product","3":"status-publish","4":"has-post-thumbnail","6":"product_cat-equipamento-de-karate-personalizado","7":"product_cat-kaiten-calcas-a-medida","8":"product_cat-kaiten-casaco-a-medida","9":"product_cat-kaiten-chaqueta-bordado-pt-pt","10":"product_cat-kaiten-pantalon-bordado-pt-pt","11":"product_cat-fatos-kaiten-personalizados","12":"product_cat-kaiten-tradicional-pt-pt","13":"product_cat-karate-tradicional-pt","14":"product_cat-karateguis-kaiten","15":"product_cat-promocoes-pt-pt","16":"product_cat-karateguis","17":"product_cat-kaiten","18":"product_tag-club-15-pt","20":"first","21":"onbackorder","22":"sale","23":"taxable","24":"shipping-taxable","25":"purchasable","26":"product-type-variable","27":"has-default-attributes"},"_links":{"self":[{"href":"https:\/\/hajimekarate.com\/pt-pt\/wp-json\/wp\/v2\/product\/30009","targetHints":{"allow":["GET"]}}],"collection":[{"href":"https:\/\/hajimekarate.com\/pt-pt\/wp-json\/wp\/v2\/product"}],"about":[{"href":"https:\/\/hajimekarate.com\/pt-pt\/wp-json\/wp\/v2\/types\/product"}],"wp:featuredmedia":[{"embeddable":true,"href":"https:\/\/hajimekarate.com\/pt-pt\/wp-json\/wp\/v2\/media\/10796"}],"wp:attachment":[{"href":"https:\/\/hajimekarate.com\/pt-pt\/wp-json\/wp\/v2\/media?parent=30009"}],"wp:term":[{"taxonomy":"product_brand","embeddable":true,"href":"https:\/\/hajimekarate.com\/pt-pt\/wp-json\/wp\/v2\/product_brand?post=30009"},{"taxonomy":"product_cat","embeddable":true,"href":"https:\/\/hajimekarate.com\/pt-pt\/wp-json\/wp\/v2\/product_cat?post=30009"},{"taxonomy":"product_tag","embeddable":true,"href":"https:\/\/hajimekarate.com\/pt-pt\/wp-json\/wp\/v2\/product_tag?post=30009"}],"curies":[{"name":"wp","href":"https:\/\/api.w.org\/{rel}","templated":true}]}}