{"id":29079,"date":"2020-10-28T12:25:03","date_gmt":"2020-10-28T11:25:03","guid":{"rendered":"https:\/\/hajimekarate.com\/comprar\/shureido-rash-guard\/"},"modified":"2025-04-15T18:09:51","modified_gmt":"2025-04-15T16:09:51","slug":"equipamento-rash-guard-shureido","status":"publish","type":"product","link":"https:\/\/hajimekarate.com\/pt-pt\/comprar\/equipamento-rash-guard-shureido\/","title":{"rendered":"Equipamento Rash Guard Shureido"},"content":{"rendered":"<p><strong>Sente o ESP\u00cdRITO SHUREIDO!!!<\/strong><\/p>\n<p>O artigo de que todos os Karatekas t\u00eam estado \u00e0 espera. \u00c9 a vers\u00e3o adaptada do exclusivo <strong>TEAM SHUREIDO.<\/strong><br \/>\nMaterial: poli\u00e9ster 100 %.<br \/>\nTamanhos dispon\u00edveis: XS, S, M e L<\/p>\n<p>Detalhes das medidas: <a href=\"https:\/\/hajimekarate.com\/wp-content\/uploads\/2020\/09\/Shureido-medidas-rash-guard.xlsx.pdf\">Shureido medidas Rash Guard<\/a><br \/>\nDispon\u00edvel em conjunto, s\u00f3 a camisola ou s\u00f3 os collants.<br \/>\n<strong>Por pedido (tempo de espera de cerca de 15 dias a 1 m\u00eas)<\/strong><\/p>\n","protected":false},"excerpt":{"rendered":"<p><strong>Sente o esp\u00edrito Shureido!!!<\/strong><\/p>\n<p>O artigo de que todos os Karatekas t\u00eam estado \u00e0 espera. \u00c9 a vers\u00e3o adaptada do exclusivo <strong>TEAM SHUREIDO.<\/strong> Material: poli\u00e9ster 100 %.<br \/>\nTamanhos dispon\u00edveis: XS, S, M e L (para detalhes de tamanhos, ver Descri\u00e7\u00e3o)<\/p>\n<p>Dispon\u00edvel em conjunto, s\u00f3 a camisola ou s\u00f3 os collants.<br \/>\n<strong>Dispon\u00edvel a pedido<\/strong> (prazo de entrega de cerca de 15 dias a 1 m\u00eas)<\/p>\n","protected":false},"featured_media":22337,"template":"","meta":{"_joinchat":[]},"product_brand":[],"product_cat":[3341,333],"product_tag":[],"class_list":{"0":"post-29079","1":"product","2":"type-product","3":"status-publish","4":"has-post-thumbnail","6":"product_cat-t-shirts-pt","7":"product_cat-acessorios-pt","9":"first","10":"instock","11":"taxable","12":"shipping-taxable","13":"purchasable","14":"product-type-variable"},"_links":{"self":[{"href":"https:\/\/hajimekarate.com\/pt-pt\/wp-json\/wp\/v2\/product\/29079","targetHints":{"allow":["GET"]}}],"collection":[{"href":"https:\/\/hajimekarate.com\/pt-pt\/wp-json\/wp\/v2\/product"}],"about":[{"href":"https:\/\/hajimekarate.com\/pt-pt\/wp-json\/wp\/v2\/types\/product"}],"wp:featuredmedia":[{"embeddable":true,"href":"https:\/\/hajimekarate.com\/pt-pt\/wp-json\/wp\/v2\/media\/22337"}],"wp:attachment":[{"href":"https:\/\/hajimekarate.com\/pt-pt\/wp-json\/wp\/v2\/media?parent=29079"}],"wp:term":[{"taxonomy":"product_brand","embeddable":true,"href":"https:\/\/hajimekarate.com\/pt-pt\/wp-json\/wp\/v2\/product_brand?post=29079"},{"taxonomy":"product_cat","embeddable":true,"href":"https:\/\/hajimekarate.com\/pt-pt\/wp-json\/wp\/v2\/product_cat?post=29079"},{"taxonomy":"product_tag","embeddable":true,"href":"https:\/\/hajimekarate.com\/pt-pt\/wp-json\/wp\/v2\/product_tag?post=29079"}],"curies":[{"name":"wp","href":"https:\/\/api.w.org\/{rel}","templated":true}]}}