{"id":29062,"date":"2021-04-16T12:05:03","date_gmt":"2021-04-16T10:05:03","guid":{"rendered":"https:\/\/hajimekarate.com\/comprar\/cinto-de-kaiten-rosa\/"},"modified":"2026-01-13T15:51:58","modified_gmt":"2026-01-13T14:51:58","slug":"cinto-kaiten-rosa","status":"publish","type":"product","link":"https:\/\/hajimekarate.com\/pt-pt\/comprar\/cinto-kaiten-rosa\/","title":{"rendered":"Cinto Rosa da Kaiten"},"content":{"rendered":"","protected":false},"excerpt":{"rendered":"<p>100% Algod\u00e3o sempre com os melhores acabamentos.<\/p>\n<p>O peso oscila entre as 250 gramas e as 500 gramas, dependendo do tamanho escolhido. Fabricados em algod\u00e3o de qualidade que lhes confere uma espessura perfeita para a pr\u00e1tica de Karat\u00e9 no Dojo.<\/p>\n<p><a href=\"https:\/\/hajimekarate.com\/pt-pt\/comprar\/cinto-rosa-da-hajime\/\" target=\"_blank\" rel=\"noopener\">Se n\u00e3o encontrar o seu tamanho, veja tamb\u00e9m Cinto Rosa Hajime<\/a><\/p>\n","protected":false},"featured_media":26175,"template":"","meta":{"_joinchat":[]},"product_brand":[],"product_cat":[3369,1893,328,330,341],"product_tag":[2633],"class_list":{"0":"post-29062","1":"product","2":"type-product","3":"status-publish","4":"has-post-thumbnail","6":"product_cat-cintos-de-cor","7":"product_cat-cintos-personalizados","8":"product_cat-cintos-karate","9":"product_cat-cintos-kaiten","10":"product_cat-kaiten","11":"product_tag-club-33-pt","13":"first","14":"instock","15":"taxable","16":"shipping-taxable","17":"purchasable","18":"product-type-variable"},"_links":{"self":[{"href":"https:\/\/hajimekarate.com\/pt-pt\/wp-json\/wp\/v2\/product\/29062","targetHints":{"allow":["GET"]}}],"collection":[{"href":"https:\/\/hajimekarate.com\/pt-pt\/wp-json\/wp\/v2\/product"}],"about":[{"href":"https:\/\/hajimekarate.com\/pt-pt\/wp-json\/wp\/v2\/types\/product"}],"wp:featuredmedia":[{"embeddable":true,"href":"https:\/\/hajimekarate.com\/pt-pt\/wp-json\/wp\/v2\/media\/26175"}],"wp:attachment":[{"href":"https:\/\/hajimekarate.com\/pt-pt\/wp-json\/wp\/v2\/media?parent=29062"}],"wp:term":[{"taxonomy":"product_brand","embeddable":true,"href":"https:\/\/hajimekarate.com\/pt-pt\/wp-json\/wp\/v2\/product_brand?post=29062"},{"taxonomy":"product_cat","embeddable":true,"href":"https:\/\/hajimekarate.com\/pt-pt\/wp-json\/wp\/v2\/product_cat?post=29062"},{"taxonomy":"product_tag","embeddable":true,"href":"https:\/\/hajimekarate.com\/pt-pt\/wp-json\/wp\/v2\/product_tag?post=29062"}],"curies":[{"name":"wp","href":"https:\/\/api.w.org\/{rel}","templated":true}]}}