{"id":28837,"date":"2021-06-03T18:11:27","date_gmt":"2021-06-03T16:11:27","guid":{"rendered":"https:\/\/hajimekarate.com\/comprar\/makiwara-shureido-piso\/"},"modified":"2026-02-03T12:13:41","modified_gmt":"2026-02-03T11:13:41","slug":"makiwara-piso-shureido","status":"publish","type":"product","link":"https:\/\/hajimekarate.com\/pt-pt\/comprar\/makiwara-piso-shureido\/","title":{"rendered":"Makiwara de Solo Shureido"},"content":{"rendered":"","protected":false},"excerpt":{"rendered":"<p>Inclui capa em pele natural, suporte em madeira e base de fixa\u00e7\u00e3o. Desmont\u00e1vel. (n\u00e3o inclui parafusos para fixar ao ch\u00e3o)<\/p>\n<p>IMPORTANTE: Todas as nossas armas e utens\u00edlios s\u00e3o vendidos como artigos de cole\u00e7\u00e3o e \u00e9 proibida a sua utiliza\u00e7\u00e3o ou transporte como armas.<\/p>\n","protected":false},"featured_media":53349,"template":"","meta":{"_joinchat":[]},"product_brand":[],"product_cat":[800,1391],"product_tag":[2622],"class_list":{"0":"post-28837","1":"product","2":"type-product","3":"status-publish","4":"has-post-thumbnail","6":"product_cat-armas-e-utensilios","7":"product_cat-armas-e-utensilios-shureido","8":"product_tag-club-10-pt","9":"product_shipping_class-tools_metal","11":"first","12":"instock","13":"taxable","14":"shipping-taxable","15":"purchasable","16":"product-type-simple"},"_links":{"self":[{"href":"https:\/\/hajimekarate.com\/pt-pt\/wp-json\/wp\/v2\/product\/28837","targetHints":{"allow":["GET"]}}],"collection":[{"href":"https:\/\/hajimekarate.com\/pt-pt\/wp-json\/wp\/v2\/product"}],"about":[{"href":"https:\/\/hajimekarate.com\/pt-pt\/wp-json\/wp\/v2\/types\/product"}],"wp:featuredmedia":[{"embeddable":true,"href":"https:\/\/hajimekarate.com\/pt-pt\/wp-json\/wp\/v2\/media\/53349"}],"wp:attachment":[{"href":"https:\/\/hajimekarate.com\/pt-pt\/wp-json\/wp\/v2\/media?parent=28837"}],"wp:term":[{"taxonomy":"product_brand","embeddable":true,"href":"https:\/\/hajimekarate.com\/pt-pt\/wp-json\/wp\/v2\/product_brand?post=28837"},{"taxonomy":"product_cat","embeddable":true,"href":"https:\/\/hajimekarate.com\/pt-pt\/wp-json\/wp\/v2\/product_cat?post=28837"},{"taxonomy":"product_tag","embeddable":true,"href":"https:\/\/hajimekarate.com\/pt-pt\/wp-json\/wp\/v2\/product_tag?post=28837"}],"curies":[{"name":"wp","href":"https:\/\/api.w.org\/{rel}","templated":true}]}}