{"id":28707,"date":"2021-09-02T13:51:20","date_gmt":"2021-09-02T11:51:20","guid":{"rendered":"https:\/\/hajimekarate.com\/comprar\/trocellen-yoga-mat-biobased-grip\/"},"modified":"2025-08-05T17:44:00","modified_gmt":"2025-08-05T15:44:00","slug":"tapete-trocellen-antiderrapante-para-yoga","status":"publish","type":"product","link":"https:\/\/hajimekarate.com\/pt-pt\/comprar\/tapete-trocellen-antiderrapante-para-yoga\/","title":{"rendered":"Tapete Antiderrapante para Yoga da Trocellen"},"content":{"rendered":"<p class=\"p1\"><span class=\"s1\">Este tapete \u00e9 fabricado pela Trocellen para a pr\u00e1tica regular de Yoga. Com dimens\u00f5es equilibradas para todos os tipos de utilizadores: 175 cm de comprimento, 65 cm de largura e 4 mm de espessura, proporcionando conforto e equil\u00edbrio. Com um poderoso efeito de ader\u00eancia. \u00c9 f\u00e1cil de transportar e tem boa estabilidade e planeza no ch\u00e3o, com apenas 0,5 kg de peso. Pode ser facilmente lavado. Al\u00e9m disso, \u00e9 amigo do ambiente, uma vez que para o seu fabrico s\u00e3o utilizadas mat\u00e9rias-primas sustent\u00e1veis provenientes de recursos naturais de origem vegetal.<\/span><\/p>\n<p class=\"p1\"><span class=\"s1\">A sua utiliza\u00e7\u00e3o \u00e9 compat\u00edvel com o aquecimento e arrefecimento por piso radiante.<\/span><\/p>\n<p class=\"p1\"><span class=\"s1\">Este tapete ir\u00e1 ajud\u00e1-te a encontrares o teu equil\u00edbrio.<\/span><\/p>\n","protected":false},"excerpt":{"rendered":"<p class=\"p1\"><span class=\"s1\">Tapete Antiderrapante para Yoga da Trocellen bio baseado em Azul Turquesa. <\/span><\/p>\n<p class=\"p1\"><span class=\"s1\">Dimens\u00f5es: 0,65 m de largura x 1,75 m de comprimento x 4 mm de espessura.<\/span><\/p>\n<p class=\"p1\"><span class=\"s1\">Da marca italiana Trocellen lan\u00e7amos este tapete especialmente concebido para a pr\u00e1tica de Yoga, com um excelente efeito de ader\u00eancia devido \u00e0s suas caracter\u00edsticas antiderrapantes.<\/span><\/p>\n","protected":false},"featured_media":28694,"template":"","meta":{"_joinchat":[]},"product_brand":[],"product_cat":[3357,333,348],"product_tag":[],"class_list":{"0":"post-28707","1":"product","2":"type-product","3":"status-publish","4":"has-post-thumbnail","6":"product_cat-treino-pt","7":"product_cat-acessorios-pt","8":"product_cat-tatami","10":"first","11":"outofstock","12":"taxable","13":"shipping-taxable","14":"purchasable","15":"product-type-simple"},"_links":{"self":[{"href":"https:\/\/hajimekarate.com\/pt-pt\/wp-json\/wp\/v2\/product\/28707","targetHints":{"allow":["GET"]}}],"collection":[{"href":"https:\/\/hajimekarate.com\/pt-pt\/wp-json\/wp\/v2\/product"}],"about":[{"href":"https:\/\/hajimekarate.com\/pt-pt\/wp-json\/wp\/v2\/types\/product"}],"wp:featuredmedia":[{"embeddable":true,"href":"https:\/\/hajimekarate.com\/pt-pt\/wp-json\/wp\/v2\/media\/28694"}],"wp:attachment":[{"href":"https:\/\/hajimekarate.com\/pt-pt\/wp-json\/wp\/v2\/media?parent=28707"}],"wp:term":[{"taxonomy":"product_brand","embeddable":true,"href":"https:\/\/hajimekarate.com\/pt-pt\/wp-json\/wp\/v2\/product_brand?post=28707"},{"taxonomy":"product_cat","embeddable":true,"href":"https:\/\/hajimekarate.com\/pt-pt\/wp-json\/wp\/v2\/product_cat?post=28707"},{"taxonomy":"product_tag","embeddable":true,"href":"https:\/\/hajimekarate.com\/pt-pt\/wp-json\/wp\/v2\/product_tag?post=28707"}],"curies":[{"name":"wp","href":"https:\/\/api.w.org\/{rel}","templated":true}]}}