{"id":27914,"date":"2020-08-24T18:14:36","date_gmt":"2020-08-24T16:14:36","guid":{"rendered":"https:\/\/hajimekarate.com\/comprar\/sosetsukon-shureido\/"},"modified":"2026-04-14T12:57:55","modified_gmt":"2026-04-14T10:57:55","slug":"sosetsukon-shureido","status":"publish","type":"product","link":"https:\/\/hajimekarate.com\/pt-pt\/comprar\/sosetsukon-shureido\/","title":{"rendered":"Sosetsukon\/Nunchaku Octogonal Shureido"},"content":{"rendered":"<p>Existem v\u00e1rias teorias sobre a sua origem, mas tal como as Tonfas, trata-se de um utens\u00edlio agr\u00edcola transformado numa arma de Kobudo. Ap\u00f3s a proibi\u00e7\u00e3o em 1609 do uso de armas pelos camponeses e face aos cont\u00ednuos ataques dos samurais, estes passaram a utilizar utens\u00edlios de trabalho para se defenderem.<\/p>\n<p>O objetivo desta arma \u00e9 quebrar a atitude do advers\u00e1rio ou de v\u00e1rias pessoas e assim acalmar a situa\u00e7\u00e3o de conflito, n\u00e3o \u00e9 para atacar voluntariamente. Esta \u00e9 a raz\u00e3o pela qual o Kata de Sosetsukon\/Nunchaku come\u00e7a sempre com defesa.<\/p>\n<p>Existem v\u00e1rias formas, redondas, quadradas, hexagonais, embora a mais popular seja a octogonal como a que temos na Hajime Karate. Fabricado artesanalmente no Jap\u00e3o em madeira de carvalho vermelho, com 33,5 cm.<\/p>\n","protected":false},"excerpt":{"rendered":"<p>Sosetsukon\/Nunchaku octogonal com 33,5 cm fabricado artesanalmente em Okinawa, Jap\u00e3o. Consulte-nos para pre\u00e7os de medidas especiais dispon\u00edveis apenas por pedido: 37, 40 ou 42 cm.<\/p>\n<p>IMPORTANTE: Todas as nossas armas e utens\u00edlios s\u00e3o vendidos como artigos de cole\u00e7\u00e3o e \u00e9 proibida a sua utiliza\u00e7\u00e3o ou transporte como armas.<\/p>\n","protected":false},"featured_media":66470,"template":"","meta":{"_joinchat":[]},"product_brand":[],"product_cat":[800,1391],"product_tag":[2622],"class_list":{"0":"post-27914","1":"product","2":"type-product","3":"status-publish","4":"has-post-thumbnail","6":"product_cat-armas-e-utensilios","7":"product_cat-armas-e-utensilios-shureido","8":"product_tag-club-10-pt","10":"first","11":"instock","12":"taxable","13":"shipping-taxable","14":"purchasable","15":"product-type-variable"},"_links":{"self":[{"href":"https:\/\/hajimekarate.com\/pt-pt\/wp-json\/wp\/v2\/product\/27914","targetHints":{"allow":["GET"]}}],"collection":[{"href":"https:\/\/hajimekarate.com\/pt-pt\/wp-json\/wp\/v2\/product"}],"about":[{"href":"https:\/\/hajimekarate.com\/pt-pt\/wp-json\/wp\/v2\/types\/product"}],"wp:featuredmedia":[{"embeddable":true,"href":"https:\/\/hajimekarate.com\/pt-pt\/wp-json\/wp\/v2\/media\/66470"}],"wp:attachment":[{"href":"https:\/\/hajimekarate.com\/pt-pt\/wp-json\/wp\/v2\/media?parent=27914"}],"wp:term":[{"taxonomy":"product_brand","embeddable":true,"href":"https:\/\/hajimekarate.com\/pt-pt\/wp-json\/wp\/v2\/product_brand?post=27914"},{"taxonomy":"product_cat","embeddable":true,"href":"https:\/\/hajimekarate.com\/pt-pt\/wp-json\/wp\/v2\/product_cat?post=27914"},{"taxonomy":"product_tag","embeddable":true,"href":"https:\/\/hajimekarate.com\/pt-pt\/wp-json\/wp\/v2\/product_tag?post=27914"}],"curies":[{"name":"wp","href":"https:\/\/api.w.org\/{rel}","templated":true}]}}