{"id":27711,"date":"2021-06-11T12:37:25","date_gmt":"2021-06-11T10:37:25","guid":{"rendered":"https:\/\/hajimekarate.com\/?post_type=product&#038;p=27711"},"modified":"2025-07-22T11:23:45","modified_gmt":"2025-07-22T09:23:45","slug":"casaco-karategui-preto-da-shureido-para-kobudo","status":"publish","type":"product","link":"https:\/\/hajimekarate.com\/pt-pt\/comprar\/casaco-karategui-preto-da-shureido-para-kobudo\/","title":{"rendered":"Casacos pretos Karateguis Shureido para Kobudo."},"content":{"rendered":"<p>Casacos dos Karateguis Shureido pretos que se podem encomendar no modelo K-10 (medidas cl\u00e1ssicas japonesas) ou no modelo TK-10 (com casaco ligeiramente mais comprido e mangas pr\u00e9-cortadas). Os casacos demoram cerca de 3 meses porque s\u00e3o feitos por encomenda, pelo que se pedir bordado demor\u00e1 o mesmo tempo.<\/p>\n","protected":false},"excerpt":{"rendered":"<p>&nbsp;<\/p>\n<p style=\"color: #e7110b;\"><strong>DISPON\u00cdVEL POR ENCOMENDA<\/strong><\/p>\n<p>Casacos dos Karateguis Shureido pretos que se podem encomendar no modelo K-10 (medidas cl\u00e1ssicas japonesas) ou no modelo TK-10 (com casaco ligeiramente mais comprido e mangas pr\u00e9-cortadas). Estes Karateguis demoram cerca de 3 meses porque s\u00e3o feitos por encomenda, pelo que se pedir bordado demor\u00e1 o mesmo tempo.<\/p>\n","protected":false},"featured_media":45317,"template":"","meta":{"_joinchat":[]},"product_brand":[],"product_cat":[2911,2912,1897,3113,338,337,3271,3126,334,342],"product_tag":[2622],"class_list":{"0":"post-27711","1":"product","2":"type-product","3":"status-publish","4":"has-post-thumbnail","6":"product_cat-equipamento-de-karate-personalizado","7":"product_cat-shureido-casaco-a-medida","8":"product_cat-fatos-shureido-personalizables","9":"product_cat-karate-tradicional-pt","10":"product_cat-karateguis-pretos","11":"product_cat-karateguis-shureido","12":"product_cat-shureido-casaco-preto-bordado","13":"product_cat-shureido-tradicional-pt-pt","14":"product_cat-karateguis","15":"product_cat-shureido","16":"product_tag-club-10-pt","18":"first","19":"onbackorder","20":"taxable","21":"shipping-taxable","22":"purchasable","23":"product-type-variable","24":"has-default-attributes"},"_links":{"self":[{"href":"https:\/\/hajimekarate.com\/pt-pt\/wp-json\/wp\/v2\/product\/27711","targetHints":{"allow":["GET"]}}],"collection":[{"href":"https:\/\/hajimekarate.com\/pt-pt\/wp-json\/wp\/v2\/product"}],"about":[{"href":"https:\/\/hajimekarate.com\/pt-pt\/wp-json\/wp\/v2\/types\/product"}],"wp:featuredmedia":[{"embeddable":true,"href":"https:\/\/hajimekarate.com\/pt-pt\/wp-json\/wp\/v2\/media\/45317"}],"wp:attachment":[{"href":"https:\/\/hajimekarate.com\/pt-pt\/wp-json\/wp\/v2\/media?parent=27711"}],"wp:term":[{"taxonomy":"product_brand","embeddable":true,"href":"https:\/\/hajimekarate.com\/pt-pt\/wp-json\/wp\/v2\/product_brand?post=27711"},{"taxonomy":"product_cat","embeddable":true,"href":"https:\/\/hajimekarate.com\/pt-pt\/wp-json\/wp\/v2\/product_cat?post=27711"},{"taxonomy":"product_tag","embeddable":true,"href":"https:\/\/hajimekarate.com\/pt-pt\/wp-json\/wp\/v2\/product_tag?post=27711"}],"curies":[{"name":"wp","href":"https:\/\/api.w.org\/{rel}","templated":true}]}}