{"id":27153,"date":"2021-02-23T16:01:23","date_gmt":"2021-02-23T15:01:23","guid":{"rendered":"https:\/\/hajimekarate.com\/comprar\/tatatami-trocellen-progame-multisport-inducao-ijf-vermelho-cinzento-verde\/"},"modified":"2025-08-01T17:43:27","modified_gmt":"2025-08-01T15:43:27","slug":"tatami-trocellen-progame-multiesport-induction-ijf-red-gray-green","status":"publish","type":"product","link":"https:\/\/hajimekarate.com\/pt-pt\/comprar\/tatami-trocellen-progame-multiesport-induction-ijf-red-gray-green\/","title":{"rendered":"Tatami Trocellen ProGame Multisport Induction IJF Vermelho-Cinza-Verde"},"content":{"rendered":"<p>O Tatami Trocellen ProGame Multisport Induction \u00e9 um Tatami de alta qualidade para artes marciais, \u00e9 tamb\u00e9m recomendado para atividades desportivas infantis regulares e extracurriculares. Garante seguran\u00e7a e comodidade a longo prazo. As caracter\u00edsticas deste Tatami, como o peso e a forma, proporicionam uma instala\u00e7\u00e3o r\u00e1pida, flex\u00edvel e f\u00e1cil.<\/p>\n<h4>Tatami ProGame da Trocellen Multisport Induction IJF:<\/h4>\n<ul>\n<li>Caracter\u00edsticas de qualidade atribu\u00eddas que garantem a comodidade e a seguran\u00e7a para as crian\u00e7as<\/li>\n<li>Alto desempenho duradouro garantido por observa\u00e7\u00e3o, medi\u00e7\u00e3o e testes cont\u00ednuos<\/li>\n<li>Conformidade m\u00e1xima: testado para ser apropriado para atividades educativas<\/li>\n<li>Flex\u00edvel e duradouro<\/li>\n<li>Produto visivelmente referenciado com o logotipo da IJF e ProGame Tatami da Trocellen.<\/li>\n<\/ul>\n<p>O sucesso do Tatami ProGame da Trocellen basea-se nas propriedades perfeitas do produto que atendem \u00e0s necessidades dos atletas, bem como no manuseamento f\u00e1cil e flex\u00edvel.<\/p>\n<p><strong>DIMENS\u00d5ES<\/strong><\/p>\n<ul>\n<li>Comprimento: 1.000 mm<\/li>\n<li>Largura: 1.000 mm<\/li>\n<li>Espessura: 40\/50 mm<\/li>\n<\/ul>\n<p><strong>CORES<\/strong><br \/>\nVermelho\/cinza\/verde de acordo com os requisitos da IJF.<\/p>\n<p><strong>PROPRIEDADES<\/strong><\/p>\n<ul>\n<li>Espuma de polietileno de dupla densidade de c\u00e9lula fechada<\/li>\n<li>Tecnologia de corte com jato de \u00e1gua que garante 100% de precis\u00e3o e superf\u00edcie est\u00e1vel<\/li>\n<li>Logotipo da IJF e Tatami ProGame da Trocellen gravados a laser<\/li>\n<li>Alta absor\u00e7\u00e3o de impactos (camadas internas de polietileno perfurado)<\/li>\n<li>Superf\u00edcie antiderrapante<\/li>\n<li>Lav\u00e1vel, imperme\u00e1vel, antif\u00fangico, antibacteriano, hipoalerg\u00e9nico, revers\u00edvel<\/li>\n<li>Resultados do teste HIC (EN1177) para este modelo dispon\u00edveis mediante solicita\u00e7\u00e3o<\/li>\n<li>Valores SHORE (dureza):\n<ul>\n<li>Shore A: 26 (m\u00e9todo de teste ISO 868)<\/li>\n<li>Shore 0: 29 (m\u00e9todo de teste ASTM D 2240)<\/li>\n<li>Shore 00: 69 (m\u00e9todo de teste ASTM D 2240).<\/li>\n<\/ul>\n<\/li>\n<\/ul>\n","protected":false},"excerpt":{"rendered":"<p>O Tatami Trocellen ProGame Multisport Induction \u00e9 um Tatami de alta qualidade para artes marciais, \u00e9 tamb\u00e9m recomendado para atividades desportivas infantis regulares e extracurriculares.<\/p>\n<p>Certificado de inc\u00eandio.<\/p>\n<p><em>Os portes de envio ser\u00e3o calculados separadamente com base na quantidade de pe\u00e7as compradas, pois dependem do peso e do volume total da mercadoria.<\/em><\/p>\n","protected":false},"featured_media":25211,"template":"","meta":{"_joinchat":[]},"product_brand":[],"product_cat":[348],"product_tag":[],"class_list":{"0":"post-27153","1":"product","2":"type-product","3":"status-publish","4":"has-post-thumbnail","6":"product_cat-tatami","8":"first","9":"outofstock","10":"taxable","11":"shipping-taxable","12":"purchasable","13":"product-type-simple"},"_links":{"self":[{"href":"https:\/\/hajimekarate.com\/pt-pt\/wp-json\/wp\/v2\/product\/27153","targetHints":{"allow":["GET"]}}],"collection":[{"href":"https:\/\/hajimekarate.com\/pt-pt\/wp-json\/wp\/v2\/product"}],"about":[{"href":"https:\/\/hajimekarate.com\/pt-pt\/wp-json\/wp\/v2\/types\/product"}],"wp:featuredmedia":[{"embeddable":true,"href":"https:\/\/hajimekarate.com\/pt-pt\/wp-json\/wp\/v2\/media\/25211"}],"wp:attachment":[{"href":"https:\/\/hajimekarate.com\/pt-pt\/wp-json\/wp\/v2\/media?parent=27153"}],"wp:term":[{"taxonomy":"product_brand","embeddable":true,"href":"https:\/\/hajimekarate.com\/pt-pt\/wp-json\/wp\/v2\/product_brand?post=27153"},{"taxonomy":"product_cat","embeddable":true,"href":"https:\/\/hajimekarate.com\/pt-pt\/wp-json\/wp\/v2\/product_cat?post=27153"},{"taxonomy":"product_tag","embeddable":true,"href":"https:\/\/hajimekarate.com\/pt-pt\/wp-json\/wp\/v2\/product_tag?post=27153"}],"curies":[{"name":"wp","href":"https:\/\/api.w.org\/{rel}","templated":true}]}}