{"id":27150,"date":"2021-02-23T15:28:50","date_gmt":"2021-02-23T14:28:50","guid":{"rendered":"https:\/\/hajimekarate.com\/comprar\/tatami-trocellen-progame-itf-azul-e-vermelho-reversivel\/"},"modified":"2025-08-01T17:43:08","modified_gmt":"2025-08-01T15:43:08","slug":"tatami-trocellen-progame-itf-azul-e-vermelho-reversivel","status":"publish","type":"product","link":"https:\/\/hajimekarate.com\/pt-pt\/comprar\/tatami-trocellen-progame-itf-azul-e-vermelho-reversivel\/","title":{"rendered":"Tatami Trocellen ProGame ITF Azul-Vermelho Revers\u00edvel"},"content":{"rendered":"<p>O Tatami ProGame ITF da Trocellen foi desenvolvido, testado e aprovado para oferecer solu\u00e7\u00f5es de elevada qualidade tendo em conta as necessidades dos atletas, requisitos da ITF e regras de competi\u00e7\u00e3o.<\/p>\n<p>Disponibilizamos um Tatami que se adapta a 3000 movimentos tendo em considera\u00e7\u00e3o as necessidades espec\u00edficas do Taekwondo, oferecemos a solu\u00e7\u00e3o perfeita para treino e competi\u00e7\u00e3o.<br \/>\nManter o equil\u00edbrio, ter uma coordena\u00e7\u00e3o perfeita e conseguir uma boa finaliza\u00e7\u00e3o exige um Tatami est\u00e1vel e de qualidade. O nosso Tatami de alta densidade e com uma superf\u00edcie est\u00e1vel e antiderrapante cria o impulso perfeito.<\/p>\n<p><strong>O Tatami ProGame da Trocellen homologado pela ITF oferece:<\/strong><\/p>\n<ul>\n<li>Caracter\u00edsticas de elevada qualidade<\/li>\n<li>Elevado rendimento e estabilidade garantidos por observa\u00e7\u00e3o, medi\u00e7\u00e3o e teste cont\u00ednuos<\/li>\n<li>Conformidade m\u00e1xima &#8211; testado para ser adequado para a pr\u00e1tica de Taekwondo<\/li>\n<li>Produto visivelmente referenciado com o logotipo da ITF e ProGame Tatami da Trocellen gravados a laser<\/li>\n<\/ul>\n<p>O sucesso do Tatami ProGame da Trocellen baseia-se nas propriedades perfeitas do produto, que atendem \u00e0s necessidades dos atletas, assim como na facilidade e flexibilidade no manuseio do Tatami.<\/p>\n<h4>DIMENS\u00d5ES<\/h4>\n<ul>\n<li>Comprimento: 1.000 mm<\/li>\n<li>Largura: 1.000 mm<\/li>\n<li>Espessura: 22 mm<\/li>\n<\/ul>\n<h4>CORES<\/h4>\n<ul>\n<li>Azul\/vermelho revers\u00edvel de acordo com os requisitos da ITF<\/li>\n<\/ul>\n<h4>PROPRIEDADES<\/h4>\n<ul>\n<li>Polietileno mono densidade de c\u00e9lula fechada<\/li>\n<li>Tecnologia de corte com jato de \u00e1gua que garante 100% de precis\u00e3o e uma superf\u00edcie est\u00e1vel<\/li>\n<li>Logotipo da ITF e ProGame Tatami da Trocellen gravados a laser<\/li>\n<li>Superf\u00edcie antiderrapante<\/li>\n<li>Lav\u00e1vel, imperme\u00e1vel, antif\u00fangico, antibacteriano, hipoalerg\u00e9nico, revers\u00edvel<\/li>\n<li>Resultados dos testes HIC (EN1177) para este modelo dispon\u00edveis mediante solicita\u00e7\u00e3o<\/li>\n<li>Classifica\u00e7\u00e3o de inc\u00eandio Euroclass D, dispon\u00edvel mediante solicita\u00e7\u00e3o<\/li>\n<li>Valores SHORE (dureza):\n<ul>\n<li>Shore A: valor 26 (m\u00e9todo de teste ISO 868)<\/li>\n<li>Shore O: valor 31 (m\u00e9todo de teste ASTM D 2240)<\/li>\n<li>Shore OO: valor 70 (m\u00e9todo de teste ASTM D 2240).<\/li>\n<\/ul>\n<\/li>\n<\/ul>\n","protected":false},"excerpt":{"rendered":"<p>O Tatami ProGame ITF da Trocellen foi desenvolvido, testado e aprovado para oferecer solu\u00e7\u00f5es de elevada qualidade tendo em conta as necessidades dos atletas, requisitos da ITF e regras de competi\u00e7\u00e3o.<\/p>\n<p>Certificado de inc\u00eandio.<\/p>\n<p><em>Os portes de envio ser\u00e3o calculados separadamente com base na quantidade de pe\u00e7as compradas, pois dependem do peso e do volume total da mercadoria.<\/em><\/p>\n","protected":false},"featured_media":25163,"template":"","meta":{"_joinchat":[]},"product_brand":[],"product_cat":[348],"product_tag":[],"class_list":{"0":"post-27150","1":"product","2":"type-product","3":"status-publish","4":"has-post-thumbnail","6":"product_cat-tatami","8":"first","9":"outofstock","10":"taxable","11":"shipping-taxable","12":"purchasable","13":"product-type-simple"},"_links":{"self":[{"href":"https:\/\/hajimekarate.com\/pt-pt\/wp-json\/wp\/v2\/product\/27150","targetHints":{"allow":["GET"]}}],"collection":[{"href":"https:\/\/hajimekarate.com\/pt-pt\/wp-json\/wp\/v2\/product"}],"about":[{"href":"https:\/\/hajimekarate.com\/pt-pt\/wp-json\/wp\/v2\/types\/product"}],"wp:featuredmedia":[{"embeddable":true,"href":"https:\/\/hajimekarate.com\/pt-pt\/wp-json\/wp\/v2\/media\/25163"}],"wp:attachment":[{"href":"https:\/\/hajimekarate.com\/pt-pt\/wp-json\/wp\/v2\/media?parent=27150"}],"wp:term":[{"taxonomy":"product_brand","embeddable":true,"href":"https:\/\/hajimekarate.com\/pt-pt\/wp-json\/wp\/v2\/product_brand?post=27150"},{"taxonomy":"product_cat","embeddable":true,"href":"https:\/\/hajimekarate.com\/pt-pt\/wp-json\/wp\/v2\/product_cat?post=27150"},{"taxonomy":"product_tag","embeddable":true,"href":"https:\/\/hajimekarate.com\/pt-pt\/wp-json\/wp\/v2\/product_tag?post=27150"}],"curies":[{"name":"wp","href":"https:\/\/api.w.org\/{rel}","templated":true}]}}