{"id":27147,"date":"2021-02-23T16:33:12","date_gmt":"2021-02-23T15:33:12","guid":{"rendered":"https:\/\/hajimekarate.com\/comprar\/tatami-trocellen-i-tis-training-yellow\/"},"modified":"2025-08-05T17:19:49","modified_gmt":"2025-08-05T15:19:49","slug":"tatami-trocellen-progame-i-tis-treino-amarelo","status":"publish","type":"product","link":"https:\/\/hajimekarate.com\/pt-pt\/comprar\/tatami-trocellen-progame-i-tis-treino-amarelo\/","title":{"rendered":"Tatami Trocellen ProGame I-TIS Treino Amarelo"},"content":{"rendered":"<p>O Tatami Trocellen ProGame I-TIS \u00e9 um produto completamente novo resultante da evolu\u00e7\u00e3o do conceito TIS anterior. Cada caracter\u00edstica do Tatami I-TIS \u00e9 inovadora e revolucion\u00e1ria. Este Tatami foi testado e aprovado para treino intensivo para disciplinas como Judo, Grappling, MMA, Jiu-jitsu brasileiro e todas as artes marciais que exigem Tatamis de elevada performance.<\/p>\n<p>O seu sistema patenteado de encaixe oculto mant\u00e9m as pe\u00e7as firmemente unidas durante a a\u00e7\u00e3o. O Tatami I-TIS \u00e9 o Tatami perfeito para todos os tipos de atividades. A \u00e1rea instalada tamb\u00e9m n\u00e3o requer estruturas de conten\u00e7\u00e3o.<\/p>\n<p>Gra\u00e7as \u00e0 sua extrema leveza e estrutura \u00e9 f\u00e1cil de instalar e n\u00e3o deixa espa\u00e7os entre as pe\u00e7as, evitando que se movam, como por vezes acontece com os Tatamis mais tradicionais. A seguran\u00e7a garantida deste Tatami e o seu sistema inovador de encaixe oculto fazem com que seja o Tatami mais seguro e est\u00e1vel do mercado, ideal para qualquer tipo de evento.<\/p>\n<h4>O Tatami Trocellen ProGame I-TIS Treino oferece:<\/h4>\n<ul>\n<li>Leveza, impermeabilidade e seguran\u00e7a<\/li>\n<li>Desempenho superior garantido por verifica\u00e7\u00f5es, medi\u00e7\u00f5es e testes cont\u00ednuos<\/li>\n<li>Conformidade m\u00e1xima: produto reconhecido como adequado para uso intensivo<\/li>\n<li>Resist\u00eancia ao fogo &#8211; Euroclass E<\/li>\n<li>Possibilidade de personaliza\u00e7\u00e3o com cores e logotipos<\/li>\n<\/ul>\n<p>O sucesso da Trocellen no campo dos Tatamis para artes marciais baseia-se nas caracter\u00edsticas perfeitas dos seus produtos, satisfazendo as necessidades dos desportistas e oferecendo uma instala\u00e7\u00e3o muito simples e f\u00e1cil, gra\u00e7as ao sistema de encaixe oculto.<\/p>\n","protected":false},"excerpt":{"rendered":"<p>O Tatami Trocellen ProGame I-TIS Treino \u00e9 um Tatami inovador e revolucion\u00e1rio. Este Tatami foi testado e aprovado para treino intensivo para disciplinas como Judo, Grappling, MMA, Jiu-jitsu brasileiro e todas as artes marciais que exigem Tatamis de elevada performance.<\/p>\n<p><em>Os portes de envio ser\u00e3o calculados separadamente com base na quantidade de pe\u00e7as compradas, pois dependem do peso e do volume total da mercadoria.<\/em><\/p>\n","protected":false},"featured_media":25259,"template":"","meta":{"_joinchat":[]},"product_brand":[],"product_cat":[348],"product_tag":[],"class_list":{"0":"post-27147","1":"product","2":"type-product","3":"status-publish","4":"has-post-thumbnail","6":"product_cat-tatami","8":"first","9":"outofstock","10":"taxable","11":"shipping-taxable","12":"purchasable","13":"product-type-variable"},"_links":{"self":[{"href":"https:\/\/hajimekarate.com\/pt-pt\/wp-json\/wp\/v2\/product\/27147","targetHints":{"allow":["GET"]}}],"collection":[{"href":"https:\/\/hajimekarate.com\/pt-pt\/wp-json\/wp\/v2\/product"}],"about":[{"href":"https:\/\/hajimekarate.com\/pt-pt\/wp-json\/wp\/v2\/types\/product"}],"wp:featuredmedia":[{"embeddable":true,"href":"https:\/\/hajimekarate.com\/pt-pt\/wp-json\/wp\/v2\/media\/25259"}],"wp:attachment":[{"href":"https:\/\/hajimekarate.com\/pt-pt\/wp-json\/wp\/v2\/media?parent=27147"}],"wp:term":[{"taxonomy":"product_brand","embeddable":true,"href":"https:\/\/hajimekarate.com\/pt-pt\/wp-json\/wp\/v2\/product_brand?post=27147"},{"taxonomy":"product_cat","embeddable":true,"href":"https:\/\/hajimekarate.com\/pt-pt\/wp-json\/wp\/v2\/product_cat?post=27147"},{"taxonomy":"product_tag","embeddable":true,"href":"https:\/\/hajimekarate.com\/pt-pt\/wp-json\/wp\/v2\/product_tag?post=27147"}],"curies":[{"name":"wp","href":"https:\/\/api.w.org\/{rel}","templated":true}]}}