{"id":27132,"date":"2021-02-23T16:40:00","date_gmt":"2021-02-23T15:40:00","guid":{"rendered":"https:\/\/hajimekarate.com\/comprar\/tatami-trocellen-progame-i-tis-competition-ijf-red\/"},"modified":"2025-08-05T17:31:57","modified_gmt":"2025-08-05T15:31:57","slug":"tatami-trocellen-progame-i-tis-competition-ijf-red","status":"publish","type":"product","link":"https:\/\/hajimekarate.com\/pt-pt\/comprar\/tatami-trocellen-progame-i-tis-competition-ijf-red\/","title":{"rendered":"Tatami Trocellen ProGame I-TIS Competition IJF Vermelho"},"content":{"rendered":"<p>O I-TIS da ProGame Tatami da Trocellen \u00e9 um produto completamente novo, resultante da evolu\u00e7\u00e3o do conceito TIS anterior. Cada caracter\u00edstica do Tatami de Judo I-TIS \u00e9 inovadora e revolucion\u00e1ria. Homologado pela Federa\u00e7\u00e3o Internacional de Judo, \u00e9 reconhecido como um produto adequado para qualquer tipo de competi\u00e7\u00e3o, desde torneios regionais at\u00e9 eventos ol\u00edmpicos.<\/p>\n<p>O seu sistema patenteado de encaixe oculto mant\u00e9m as pe\u00e7as firmemente unidas durante a a\u00e7\u00e3o. O Tatami I-TIS homologado IJF \u00e9 o perfeito para todos os tipos de atividades. A \u00e1rea instalada tamb\u00e9m n\u00e3o requer estruturas de conten\u00e7\u00e3o.<\/p>\n<p>Gra\u00e7as \u00e0 sua extrema leveza e estrutura \u00e9 f\u00e1cil de instalar e n\u00e3o deixa espa\u00e7os entre as pe\u00e7as, evitando que se movam, como por vezes acontece com os Tatamis mais tradicionais. A seguran\u00e7a garantida deste Tatami e o seu sistema inovador de encaixe oculto fazem com que seja o Tatami mais seguro e est\u00e1vel do mercado, ideal para qualquer tipo de evento.<\/p>\n<h4>Caracter\u00edsticas comprovadas do Tatami Trocellen ProGame I-TIS Competition IJF:<\/h4>\n<ul>\n<li>Leveza, impermeabilidade e seguran\u00e7a<\/li>\n<li>Desempenho m\u00e1ximo gra\u00e7as a verifica\u00e7\u00f5es, medi\u00e7\u00f5es e testes cont\u00ednuos<\/li>\n<li>Conformidade m\u00e1xima, produto homologado para todas as competi\u00e7\u00f5es da IJF<\/li>\n<li>Resistente ao fogo &#8211; certificado Euroclass E<\/li>\n<li>Possibilidade de personalizar o produto a pedido.<\/li>\n<\/ul>\n<p>O sucesso da Trocellen no campo dos Tatamis para artes marciais baseia-se nas caracter\u00edsticas perfeitas dos seus produtos, satisfazendo as necessidades dos desportistas e oferecendo uma instala\u00e7\u00e3o muito simples e f\u00e1cil, gra\u00e7as ao sistema de encaixe oculto.<\/p>\n<p><strong>DIMENS\u00d5ES<\/strong><\/p>\n<ul>\n<li>Comprimento: 2.000 mm<\/li>\n<li>Largura: 1.000 mm<\/li>\n<li>Espessura: 50 mm<\/li>\n<\/ul>\n<p><strong>CORES<\/strong><br \/>\nVermelho\/amarelo segundo os regulamentos da IJF para competi\u00e7\u00f5es internacionais<\/p>\n<p>&nbsp;<\/p>\n<p><strong>CARACTERISTICAS<\/strong><\/p>\n<ul>\n<li>Monodensidade de c\u00e9lulas fechadas de polietileno reticulado<\/li>\n<li>Palha de arroz de PVC em relevo e especificamente enrolada com espuma de polietileno reticulada<\/li>\n<li>Sistema patenteado de conten\u00e7\u00e3o oculto desenhado especificamente para evitar o uso de estruturas de adicionais para bloqueio do deslize<\/li>\n<li>70% mais leve que um Tatami tradicional<\/li>\n<li>Lav\u00e1vel, imperme\u00e1vel, leve, seguro, inovador<\/li>\n<li>Elevada absor\u00e7\u00e3o de impacto reconhecida e testada pela CRITT de acordo com as exig\u00eancias da IJF<\/li>\n<li>Logotipo da IJF e refer\u00eancias ProGame Tatami da Trocellen gravados com tecnologia laser<\/li>\n<\/ul>\n","protected":false},"excerpt":{"rendered":"<p>\u00c9 reconhecido pela Federa\u00e7\u00e3o Internacional de Judo como um produto adequado para qualquer tipo de competi\u00e7\u00e3o, desde torneios regionais at\u00e9 eventos ol\u00edmpicos. Dispon\u00edvel em vermelho e amarelo, de acordo com os regulamentos da IJF para competi\u00e7\u00f5es internacionais.<br \/>\nDimens\u00f5es: 2.000 x 1.000 x 50 mm.<\/p>\n<p><em>Os portes de envio ser\u00e3o calculados separadamente com base na quantidade de pe\u00e7as compradas, pois dependem do peso e do volume total da mercadoria.<\/em><\/p>\n","protected":false},"featured_media":25281,"template":"","meta":{"_joinchat":[]},"product_brand":[],"product_cat":[348],"product_tag":[],"class_list":{"0":"post-27132","1":"product","2":"type-product","3":"status-publish","4":"has-post-thumbnail","6":"product_cat-tatami","8":"first","9":"outofstock","10":"taxable","11":"shipping-taxable","12":"purchasable","13":"product-type-simple"},"_links":{"self":[{"href":"https:\/\/hajimekarate.com\/pt-pt\/wp-json\/wp\/v2\/product\/27132","targetHints":{"allow":["GET"]}}],"collection":[{"href":"https:\/\/hajimekarate.com\/pt-pt\/wp-json\/wp\/v2\/product"}],"about":[{"href":"https:\/\/hajimekarate.com\/pt-pt\/wp-json\/wp\/v2\/types\/product"}],"wp:featuredmedia":[{"embeddable":true,"href":"https:\/\/hajimekarate.com\/pt-pt\/wp-json\/wp\/v2\/media\/25281"}],"wp:attachment":[{"href":"https:\/\/hajimekarate.com\/pt-pt\/wp-json\/wp\/v2\/media?parent=27132"}],"wp:term":[{"taxonomy":"product_brand","embeddable":true,"href":"https:\/\/hajimekarate.com\/pt-pt\/wp-json\/wp\/v2\/product_brand?post=27132"},{"taxonomy":"product_cat","embeddable":true,"href":"https:\/\/hajimekarate.com\/pt-pt\/wp-json\/wp\/v2\/product_cat?post=27132"},{"taxonomy":"product_tag","embeddable":true,"href":"https:\/\/hajimekarate.com\/pt-pt\/wp-json\/wp\/v2\/product_tag?post=27132"}],"curies":[{"name":"wp","href":"https:\/\/api.w.org\/{rel}","templated":true}]}}