{"id":27130,"date":"2021-02-23T15:46:37","date_gmt":"2021-02-23T14:46:37","guid":{"rendered":"https:\/\/hajimekarate.com\/comprar\/tatami-trocellen-progame-gym-preto-cinzento-vermelho-reversivel\/"},"modified":"2025-08-01T17:42:20","modified_gmt":"2025-08-01T15:42:20","slug":"tatami-trocellen-progame-gym-preto-cinza-vermelho-reversivel","status":"publish","type":"product","link":"https:\/\/hajimekarate.com\/pt-pt\/comprar\/tatami-trocellen-progame-gym-preto-cinza-vermelho-reversivel\/","title":{"rendered":"Tatami Trocellen ProGame Gym Preto-Cinza-Vermelho Revers\u00edvel"},"content":{"rendered":"<p>O Tatami ProGame Gym tem 3,5 cm de espessura e \u00e9 revers\u00edvel entre as cores Preto e Vermelho, ideal para a pr\u00e1tica de MMA e modalidades de grappling. O Tatami ProGame Gym \u00e9 a solu\u00e7\u00e3o recomendada para quem necessita de um produto profissional feito para resistir e que oferece uma superf\u00edcie ideal para praticar situa\u00e7\u00f5es extremas de combate.<\/p>\n<h4>O Tatami ProGame Gym da Trocellen oferece:<\/h4>\n<ul>\n<li>Caracter\u00edsticas de elevada qualidade<\/li>\n<li>Elevado rendimento garantido por observa\u00e7\u00e3o, medi\u00e7\u00e3o e teste cont\u00ednuos<\/li>\n<li>Conformidade m\u00e1xima &#8211; testado para ser adequado para pr\u00e1tica de situa\u00e7\u00f5es extremas de combate<\/li>\n<li>Logotipo Tatami ProGame da Trocellen gravado a laser<\/li>\n<\/ul>\n<p>O sucesso do Tatami ProGame Gym da Trocellen baseia-se nas propriedades perfeitas do produto, que atendem \u00e0s necessidades dos atletas, assim como na facilidade e flexibilidade no manuseio do Tatami.<\/p>\n<p><strong>DIMENS\u00d5ES<\/strong><\/p>\n<ul>\n<li>Comprimento: 1.000 mm<\/li>\n<li>Largura: 1.000 mm<\/li>\n<li>Espessura: 35 mm<\/li>\n<\/ul>\n<p><strong>CORES<\/strong><\/p>\n<ul>\n<li>Preto\/cinza\/vermelho, revers\u00edvel entre as cores preto e vermelho<\/li>\n<\/ul>\n<p><strong>PROPRIEDADES<\/strong><\/p>\n<ul>\n<li>Espuma de polietileno com duas densidades de c\u00e9lula fechada<\/li>\n<li>Tecnologia de corte com jato de \u00e1gua que garante 100% de precis\u00e3o e uma superf\u00edcie est\u00e1vel<\/li>\n<li>Superf\u00edcie antiderrapante<\/li>\n<li>Lav\u00e1vel, imperme\u00e1vel, antif\u00fangico, antibacteriano, hipoalerg\u00e9nico, revers\u00edvel<\/li>\n<li>Logotipo Tatami ProGame da Trocellen gravado a laser<\/li>\n<li>Resultados do teste HIC (EN1177) para este modelo dispon\u00edveis mediante solicita\u00e7\u00e3o.<\/li>\n<\/ul>\n","protected":false},"excerpt":{"rendered":"<p>O Tatami ProGame Gym tem 3,5 cm de espessura e \u00e9 revers\u00edvel entre as cores Preto e Vermelho, ideal para a pr\u00e1tica de MMA e modalidades de grappling.<\/p>\n<p><em>Os portes de envio ser\u00e3o calculados separadamente com base na quantidade de pe\u00e7as compradas, pois dependem do peso e do volume total da mercadoria.<\/em><\/p>\n","protected":false},"featured_media":25195,"template":"","meta":{"_joinchat":[]},"product_brand":[],"product_cat":[348],"product_tag":[],"class_list":{"0":"post-27130","1":"product","2":"type-product","3":"status-publish","4":"has-post-thumbnail","6":"product_cat-tatami","8":"first","9":"outofstock","10":"taxable","11":"shipping-taxable","12":"purchasable","13":"product-type-simple"},"_links":{"self":[{"href":"https:\/\/hajimekarate.com\/pt-pt\/wp-json\/wp\/v2\/product\/27130","targetHints":{"allow":["GET"]}}],"collection":[{"href":"https:\/\/hajimekarate.com\/pt-pt\/wp-json\/wp\/v2\/product"}],"about":[{"href":"https:\/\/hajimekarate.com\/pt-pt\/wp-json\/wp\/v2\/types\/product"}],"wp:featuredmedia":[{"embeddable":true,"href":"https:\/\/hajimekarate.com\/pt-pt\/wp-json\/wp\/v2\/media\/25195"}],"wp:attachment":[{"href":"https:\/\/hajimekarate.com\/pt-pt\/wp-json\/wp\/v2\/media?parent=27130"}],"wp:term":[{"taxonomy":"product_brand","embeddable":true,"href":"https:\/\/hajimekarate.com\/pt-pt\/wp-json\/wp\/v2\/product_brand?post=27130"},{"taxonomy":"product_cat","embeddable":true,"href":"https:\/\/hajimekarate.com\/pt-pt\/wp-json\/wp\/v2\/product_cat?post=27130"},{"taxonomy":"product_tag","embeddable":true,"href":"https:\/\/hajimekarate.com\/pt-pt\/wp-json\/wp\/v2\/product_tag?post=27130"}],"curies":[{"name":"wp","href":"https:\/\/api.w.org\/{rel}","templated":true}]}}