{"id":26871,"date":"2020-08-24T17:59:28","date_gmt":"2020-08-24T15:59:28","guid":{"rendered":"https:\/\/hajimekarate.com\/comprar\/shureido-direto-bo\/"},"modified":"2026-01-23T11:49:34","modified_gmt":"2026-01-23T10:49:34","slug":"bo-recto","status":"publish","type":"product","link":"https:\/\/hajimekarate.com\/pt-pt\/comprar\/bo-recto\/","title":{"rendered":"Bo Reto Shureido"},"content":{"rendered":"<p>\u00c9 uma das armas mais importantes no Kobudo Okinawense. A primeira refer\u00eancia a este utens\u00edlio de que h\u00e1 registo data do s\u00e9culo XVII, num documento que faz refer\u00eancia \u00e0 sua descri\u00e7\u00e3o e uso. O seu nome vem da abreviatura de <em>Rokushakub\u014d<\/em>. O termo <em>B\u014d<\/em> \u00e9 geralmente usado para fazer refer\u00eancia a uma vara com cerca de 180 cm. A sua principal fun\u00e7\u00e3o era potenciar a for\u00e7a de um golpe, alavancado pela in\u00e9rcia do movimento do Artista Marcial. Ou mesmo para alcan\u00e7ar objetos.<\/p>\n<p>A maioria das artes marciais que utilizam armas e utens\u00edlios incluem a t\u00e9cnica do <em>B\u014d<\/em>. A sua origem remonta aos tempos antigos, quando os guerreiros samurais perdiam a ponta do Yari (lan\u00e7a Japonesa) e ficavam com um B\u00f5 rudimentar.<\/p>\n<p><em>O B\u014djutso <\/em>\u00e9 a arte marcial japonesa dedicada ao uso do B\u014d. As t\u00e9cnicas utilizadas baseiam-se em prepara\u00e7\u00e3o, defesas, controlo, varrimentos, pegas, ataques, empurr\u00f5es ou imobiliza\u00e7\u00f5es e luxa\u00e7\u00f5es articulares.<\/p>\n","protected":false},"excerpt":{"rendered":"<p>Bo reto de madeira de carvalho vermelho fabricado artesanalmente em Okinawa, no Jap\u00e3o. Dispon\u00edvel em 183 cm e 196 cm.<\/p>\n<p>IMPORTANTE: Todas as nossas armas e utens\u00edlios s\u00e3o vendidos como artigos de cole\u00e7\u00e3o e \u00e9 proibida a sua utiliza\u00e7\u00e3o ou transporte como armas.<\/p>\n","protected":false},"featured_media":22016,"template":"","meta":{"_joinchat":[]},"product_brand":[],"product_cat":[2350,800,1391],"product_tag":[2622],"class_list":{"0":"post-26871","1":"product","2":"type-product","3":"status-publish","4":"has-post-thumbnail","6":"product_cat-ferramentas-custos","7":"product_cat-armas-e-utensilios","8":"product_cat-armas-e-utensilios-shureido","9":"product_tag-club-10-pt","10":"product_shipping_class-tools_vol","12":"first","13":"onbackorder","14":"taxable","15":"shipping-taxable","16":"purchasable","17":"product-type-variable"},"_links":{"self":[{"href":"https:\/\/hajimekarate.com\/pt-pt\/wp-json\/wp\/v2\/product\/26871","targetHints":{"allow":["GET"]}}],"collection":[{"href":"https:\/\/hajimekarate.com\/pt-pt\/wp-json\/wp\/v2\/product"}],"about":[{"href":"https:\/\/hajimekarate.com\/pt-pt\/wp-json\/wp\/v2\/types\/product"}],"wp:featuredmedia":[{"embeddable":true,"href":"https:\/\/hajimekarate.com\/pt-pt\/wp-json\/wp\/v2\/media\/22016"}],"wp:attachment":[{"href":"https:\/\/hajimekarate.com\/pt-pt\/wp-json\/wp\/v2\/media?parent=26871"}],"wp:term":[{"taxonomy":"product_brand","embeddable":true,"href":"https:\/\/hajimekarate.com\/pt-pt\/wp-json\/wp\/v2\/product_brand?post=26871"},{"taxonomy":"product_cat","embeddable":true,"href":"https:\/\/hajimekarate.com\/pt-pt\/wp-json\/wp\/v2\/product_cat?post=26871"},{"taxonomy":"product_tag","embeddable":true,"href":"https:\/\/hajimekarate.com\/pt-pt\/wp-json\/wp\/v2\/product_tag?post=26871"}],"curies":[{"name":"wp","href":"https:\/\/api.w.org\/{rel}","templated":true}]}}