{"id":26432,"date":"2020-06-08T12:46:50","date_gmt":"2020-06-08T10:46:50","guid":{"rendered":"https:\/\/hajimekarate.com\/?post_type=product&#038;p=26432"},"modified":"2026-02-13T17:46:14","modified_gmt":"2026-02-13T16:46:14","slug":"karategui-shureido-sensei-tournament-tk-10-2","status":"publish","type":"product","link":"https:\/\/hajimekarate.com\/pt-pt\/comprar\/karategui-shureido-sensei-tournament-tk-10-2\/","title":{"rendered":"Karategui Shureido Sensei Tournament TK-10"},"content":{"rendered":"","protected":false},"excerpt":{"rendered":"<p>Karategui Shureido Sensei Tournament, TK-10. Modelo cl\u00e1ssico da Shureido, de peso m\u00e9dio, 100% algod\u00e3o, casaco mais comprido e mangas e cal\u00e7as pr\u00e9-cortadas.<\/p>\n<p>Se quiser saber mais sobre as diferen\u00e7as entre os tecidos e cortes dos modelos de karateguis Shureido, <a href=\"https:\/\/hajimekarate.com\/pt-pt\/corte-japones-vs-corte-europeu-nos-karategis-shureido\/\" target=\"_blank\" rel=\"noopener\">clique aqui.<\/a><\/p>\n","protected":false},"featured_media":34846,"template":"","meta":{"_joinchat":[]},"product_brand":[],"product_cat":[2911,2917,2918,2912,2921,1897,3113,337,2477,3126,334,342],"product_tag":[3334,3146,2621],"class_list":{"0":"post-26432","1":"product","2":"type-product","3":"status-publish","4":"has-post-thumbnail","6":"product_cat-equipamento-de-karate-personalizado","7":"product_cat-shureido-calcas-a-medida","8":"product_cat-shureido-calcas-bordados","9":"product_cat-shureido-casaco-a-medida","10":"product_cat-shureido-casaco-bordados","11":"product_cat-fatos-shureido-personalizables","12":"product_cat-karate-tradicional-pt","13":"product_cat-karateguis-shureido","14":"product_cat-kata-treino","15":"product_cat-shureido-tradicional-pt-pt","16":"product_cat-karateguis","17":"product_cat-shureido","18":"product_tag-blackfriday-club-15-pt","19":"product_tag-blackfriday-pt","20":"product_tag-club-05-pt","22":"first","23":"instock","24":"taxable","25":"shipping-taxable","26":"purchasable","27":"product-type-variable"},"_links":{"self":[{"href":"https:\/\/hajimekarate.com\/pt-pt\/wp-json\/wp\/v2\/product\/26432","targetHints":{"allow":["GET"]}}],"collection":[{"href":"https:\/\/hajimekarate.com\/pt-pt\/wp-json\/wp\/v2\/product"}],"about":[{"href":"https:\/\/hajimekarate.com\/pt-pt\/wp-json\/wp\/v2\/types\/product"}],"wp:featuredmedia":[{"embeddable":true,"href":"https:\/\/hajimekarate.com\/pt-pt\/wp-json\/wp\/v2\/media\/34846"}],"wp:attachment":[{"href":"https:\/\/hajimekarate.com\/pt-pt\/wp-json\/wp\/v2\/media?parent=26432"}],"wp:term":[{"taxonomy":"product_brand","embeddable":true,"href":"https:\/\/hajimekarate.com\/pt-pt\/wp-json\/wp\/v2\/product_brand?post=26432"},{"taxonomy":"product_cat","embeddable":true,"href":"https:\/\/hajimekarate.com\/pt-pt\/wp-json\/wp\/v2\/product_cat?post=26432"},{"taxonomy":"product_tag","embeddable":true,"href":"https:\/\/hajimekarate.com\/pt-pt\/wp-json\/wp\/v2\/product_tag?post=26432"}],"curies":[{"name":"wp","href":"https:\/\/api.w.org\/{rel}","templated":true}]}}