{"id":24928,"date":"2021-02-10T16:46:10","date_gmt":"2021-02-10T15:46:10","guid":{"rendered":"https:\/\/hajimekarate.com\/?post_type=product&#038;p=24928"},"modified":"2026-02-12T13:20:54","modified_gmt":"2026-02-12T12:20:54","slug":"tekko-eliptico","status":"publish","type":"product","link":"https:\/\/hajimekarate.com\/pt-pt\/comprar\/tekko-eliptico\/","title":{"rendered":"Tekko El\u00edptico Linha Miyabi"},"content":{"rendered":"<p>O Tekko \u00e9 uma arma de punho que aumenta a viol\u00eancia dos ataques do seu utilizador. Trata-se de um utens\u00edlio met\u00e1lico de a\u00e7o carbono (ferro e carbono) de primeira qualidade, fabricado de forma artesanal. A sua origem como arma\/utens\u00edlio marcial remonta \u00e0 \u00e9poca em que uso de armas foi proibido em Okinawa e as ferraduras dos cavalos eram usadas como armas para os habitantes locais se protegerem de qualquer ataque surpresa. Depois de passar por diferentes transforma\u00e7\u00f5es, a vers\u00e3o original do Tekko deixou de ser utilizada e foi substitu\u00edda por outra idealizada a partir dos estribos de cavalo, que, devido ao seu tamanho mais reduzido, era mais f\u00e1cil de esconder. A medida aproximada \u00e9 a largura do punho. <strong>Artesanato.<\/strong> Vendido <strong>aos pares<\/strong>.<\/p>\n","protected":false},"excerpt":{"rendered":"<div>Novo design de pe\u00e7a \u00fanica, sem soldaduras, fabricado em a\u00e7o carbono (ferro e carbono) com um extraordin\u00e1rio acabamento cromado. As suas medidas s\u00e3o standard e adaptam-se a qualquer m\u00e3o, com 20 cm de comprimento, 3 cm de pega e 6 cm de largura no centro do orif\u00edcio. Cada pe\u00e7a tem um peso de 300 gr, o que a torna 100% funcional, e tem uma est\u00e9tica muito cuidada. Fabricado por encomenda pelo nosso mestre artes\u00e3o.<\/div>\n<p><strong>Fabricado artesanalmente.<\/strong><br \/>\nPeso: 300 gr cada pe\u00e7a<br \/>\nComprimento: 20 cm<br \/>\nO material utilizado para o seu fabrico \u00e9 a\u00e7o carbono (ferro e carbono) de primeira qualidade.<br \/>\nTamanho standard.<br \/>\nEm pares.<\/p>\n<p data-pm-slice=\"1 1 []\"><em>* Produto artesanal feito por encomenda, por isso, por vezes, se n\u00e3o tivermos stock, pode demorar alguns dias.<\/p>\n<p>IMPORTANTE: Todas as nossas armas e utens\u00edlios s\u00e3o vendidos como artigos de cole\u00e7\u00e3o e \u00e9 proibida a sua utiliza\u00e7\u00e3o ou transporte como armas.<br \/>\n<\/em><\/p>\n","protected":false},"featured_media":67764,"template":"","meta":{"_joinchat":[]},"product_brand":[],"product_cat":[800,1133,1140,1145],"product_tag":[2621],"class_list":{"0":"post-24928","1":"product","2":"type-product","3":"status-publish","4":"has-post-thumbnail","6":"product_cat-armas-e-utensilios","7":"product_cat-armas-e-utensilios-da-linha-miyabi","8":"product_cat-kobudo-pt-pt","9":"product_cat-metal-pt-pt","10":"product_tag-club-05-pt","11":"product_shipping_class-tools_metal","13":"first","14":"onbackorder","15":"taxable","16":"shipping-taxable","17":"purchasable","18":"product-type-simple"},"_links":{"self":[{"href":"https:\/\/hajimekarate.com\/pt-pt\/wp-json\/wp\/v2\/product\/24928","targetHints":{"allow":["GET"]}}],"collection":[{"href":"https:\/\/hajimekarate.com\/pt-pt\/wp-json\/wp\/v2\/product"}],"about":[{"href":"https:\/\/hajimekarate.com\/pt-pt\/wp-json\/wp\/v2\/types\/product"}],"wp:featuredmedia":[{"embeddable":true,"href":"https:\/\/hajimekarate.com\/pt-pt\/wp-json\/wp\/v2\/media\/67764"}],"wp:attachment":[{"href":"https:\/\/hajimekarate.com\/pt-pt\/wp-json\/wp\/v2\/media?parent=24928"}],"wp:term":[{"taxonomy":"product_brand","embeddable":true,"href":"https:\/\/hajimekarate.com\/pt-pt\/wp-json\/wp\/v2\/product_brand?post=24928"},{"taxonomy":"product_cat","embeddable":true,"href":"https:\/\/hajimekarate.com\/pt-pt\/wp-json\/wp\/v2\/product_cat?post=24928"},{"taxonomy":"product_tag","embeddable":true,"href":"https:\/\/hajimekarate.com\/pt-pt\/wp-json\/wp\/v2\/product_tag?post=24928"}],"curies":[{"name":"wp","href":"https:\/\/api.w.org\/{rel}","templated":true}]}}