{"id":24161,"date":"2021-01-20T15:46:20","date_gmt":"2021-01-20T14:46:20","guid":{"rendered":"https:\/\/hajimekarate.com\/comprar\/pulseira-de-fitness-com-peso-2-unidades\/"},"modified":"2025-05-08T13:01:07","modified_gmt":"2025-05-08T11:01:07","slug":"pulseiras-tornozeleiras-de-pesos-para-treino-2-pecas","status":"publish","type":"product","link":"https:\/\/hajimekarate.com\/pt-pt\/comprar\/pulseiras-tornozeleiras-de-pesos-para-treino-2-pecas\/","title":{"rendered":"Pulseiras\/Tornozeleiras de Pesos para Treino (2 pe\u00e7as)"},"content":{"rendered":"<p>Pulseiras\/tornozeleiras de pesos para treino com 0,5 Kg cada, ideais para potenciares e tirares o m\u00e1ximo partido dos teus treinos. Estes pesos para os pulsos ou para os tornozelos s\u00e3o perfeitos como complemento para as tuas rotinas e treinos de alta precis\u00e3o. Dispon\u00edveis em v\u00e1rias cores mate: preto, rosa e verde. As pulseiras\/tornozeleiras permitem um f\u00e1cil ajuste de peso, aumentando-o ou dimunuindo-o, ajustado-o \u00e0s tuas necessidades e objetivos. As bandas t\u00eam os cantos arredondados e podem ser lavadas ou desinfetadas com \u00e1gua e sab\u00e3o. Um acess\u00f3rio imprescind\u00edvel se queres conseguir mais rendimento nos teus treinos e exerc\u00edcios de alta precis\u00e3o. Cada vez mais os Karatecas utilizam este produto para melhorar a sua performance no Tatami.<\/p>\n<div style=\"width: 848px;\" class=\"wp-video\"><!--[if lt IE 9]><script>document.createElement('video');<\/script><![endif]-->\n<video class=\"wp-video-shortcode\" id=\"video-24161-1\" width=\"848\" height=\"480\" preload=\"metadata\" controls=\"controls\"><source type=\"video\/mp4\" src=\"https:\/\/hajimekarate.com\/wp-content\/uploads\/2021\/01\/WhatsApp-Video-2021-02-04-at-14.55.56.mp4?_=1\" \/><a href=\"https:\/\/hajimekarate.com\/wp-content\/uploads\/2021\/01\/WhatsApp-Video-2021-02-04-at-14.55.56.mp4\">https:\/\/hajimekarate.com\/wp-content\/uploads\/2021\/01\/WhatsApp-Video-2021-02-04-at-14.55.56.mp4<\/a><\/video><\/div>\n","protected":false},"excerpt":{"rendered":"<p><strong>Pulseiras\/tornozeleiras de pesos para treino<\/strong> com um peso total de at\u00e9 1 kg. <strong>Flex\u00edveis e ajust\u00e1veis <\/strong>para treino em casa ou no Dojo. Uma mais-valia para o teu treino di\u00e1rio! Perfeito como complemento para o treino de Karat\u00e9, Yoga, Pilates ou qualquer outra disciplina. Para pulsos ou tornozelos. As bandas s\u00e3o facilmente remov\u00edveis para que se possa lav\u00e1-las com \u00e1gua ou sab\u00e3o ou mesmo desinfect\u00e1-las facilmente. <strong>S\u00e3o vendidas em pares de 0,5 Kg cada.<\/strong> Se desejares incluir mais bandas para adicionar peso, por favor, envia-nos um e-mail para info@hajimekarate.com.<\/p>\n<p>Tamanho \u00fanico | Modelo ajust\u00e1vel | Cores mate<\/p>\n","protected":false},"featured_media":24600,"template":"","meta":{"_joinchat":[]},"product_brand":[],"product_cat":[3357,333],"product_tag":[],"class_list":{"0":"post-24161","1":"product","2":"type-product","3":"status-publish","4":"has-post-thumbnail","6":"product_cat-treino-pt","7":"product_cat-acessorios-pt","9":"first","10":"outofstock","11":"taxable","12":"shipping-taxable","13":"purchasable","14":"product-type-variable"},"_links":{"self":[{"href":"https:\/\/hajimekarate.com\/pt-pt\/wp-json\/wp\/v2\/product\/24161","targetHints":{"allow":["GET"]}}],"collection":[{"href":"https:\/\/hajimekarate.com\/pt-pt\/wp-json\/wp\/v2\/product"}],"about":[{"href":"https:\/\/hajimekarate.com\/pt-pt\/wp-json\/wp\/v2\/types\/product"}],"wp:featuredmedia":[{"embeddable":true,"href":"https:\/\/hajimekarate.com\/pt-pt\/wp-json\/wp\/v2\/media\/24600"}],"wp:attachment":[{"href":"https:\/\/hajimekarate.com\/pt-pt\/wp-json\/wp\/v2\/media?parent=24161"}],"wp:term":[{"taxonomy":"product_brand","embeddable":true,"href":"https:\/\/hajimekarate.com\/pt-pt\/wp-json\/wp\/v2\/product_brand?post=24161"},{"taxonomy":"product_cat","embeddable":true,"href":"https:\/\/hajimekarate.com\/pt-pt\/wp-json\/wp\/v2\/product_cat?post=24161"},{"taxonomy":"product_tag","embeddable":true,"href":"https:\/\/hajimekarate.com\/pt-pt\/wp-json\/wp\/v2\/product_tag?post=24161"}],"curies":[{"name":"wp","href":"https:\/\/api.w.org\/{rel}","templated":true}]}}