{"id":22661,"date":"2020-09-15T12:23:36","date_gmt":"2020-09-15T10:23:36","guid":{"rendered":"https:\/\/hajimekarate.com\/comprar\/toalha\/"},"modified":"2026-01-12T10:38:04","modified_gmt":"2026-01-12T09:38:04","slug":"toalha-branca-shureido-kanjis-karate-do","status":"publish","type":"product","link":"https:\/\/hajimekarate.com\/pt-pt\/comprar\/toalha-branca-shureido-kanjis-karate-do\/","title":{"rendered":"Toalha Branca Shureido Kanjis Karate Do"},"content":{"rendered":"<p>Toalha branca Shureido com Karate Do em Kanji. 100 % algod\u00e3o.<br \/>\n<strong>Fabricada no Jap\u00e3o.<\/strong><\/p>\n<p>O <a href=\"https:\/\/hajimekarate.com\/pt-pt\/comprar-online\/exclusivo-hajime\/hankos-pt-pt\/\"><strong>Hanko<\/strong><\/a> quadrado da Shureido, assim como o seu log\u00f3tipo a vermelho, real\u00e7am a presen\u00e7a da marca e a sua origem, <strong>Okinawa<\/strong>.<\/p>\n<p>O que \u00e9 o Hanko? \u00c9 uma obriga\u00e7\u00e3o no Jap\u00e3o, porque \u00e9 um selo personalizado com um nome para identificar a posse, propriedade. Existente h\u00e1 s\u00e9culos, em vez da habitual assinatura que utilizamos noutros pa\u00edses.<\/p>\n<p>Se quiseres comprar um produto Shureido genu\u00edno a um pre\u00e7o acess\u00edvel, este \u00e9 o artigo para ti!<\/p>\n<p>&nbsp;<\/p>\n","protected":false},"excerpt":{"rendered":"<p>Toalha Shureido com Karate Do em kanji.<\/p>\n<p>Tamanho: 34 x 87 cm. <strong>100% algod\u00e3o.<\/strong> Fabricada no Jap\u00e3o.<\/p>\n<p>O Hanko quadrado da Shureido, assim como o seu log\u00f3tipo a vermelho, real\u00e7am a presen\u00e7a da marca e a sua origem.<br \/>\n\u00c9 ideal para uso pessoal ou como presente.<\/p>\n","protected":false},"featured_media":22600,"template":"","meta":{"_joinchat":[]},"product_brand":[],"product_cat":[1793,3349,333],"product_tag":[2622],"class_list":{"0":"post-22661","1":"product","2":"type-product","3":"status-publish","4":"has-post-thumbnail","6":"product_cat-complemento-competidores-de-desembarque","7":"product_cat-toalhas-pt","8":"product_cat-acessorios-pt","9":"product_tag-club-10-pt","11":"first","12":"instock","13":"taxable","14":"shipping-taxable","15":"purchasable","16":"product-type-simple"},"_links":{"self":[{"href":"https:\/\/hajimekarate.com\/pt-pt\/wp-json\/wp\/v2\/product\/22661","targetHints":{"allow":["GET"]}}],"collection":[{"href":"https:\/\/hajimekarate.com\/pt-pt\/wp-json\/wp\/v2\/product"}],"about":[{"href":"https:\/\/hajimekarate.com\/pt-pt\/wp-json\/wp\/v2\/types\/product"}],"wp:featuredmedia":[{"embeddable":true,"href":"https:\/\/hajimekarate.com\/pt-pt\/wp-json\/wp\/v2\/media\/22600"}],"wp:attachment":[{"href":"https:\/\/hajimekarate.com\/pt-pt\/wp-json\/wp\/v2\/media?parent=22661"}],"wp:term":[{"taxonomy":"product_brand","embeddable":true,"href":"https:\/\/hajimekarate.com\/pt-pt\/wp-json\/wp\/v2\/product_brand?post=22661"},{"taxonomy":"product_cat","embeddable":true,"href":"https:\/\/hajimekarate.com\/pt-pt\/wp-json\/wp\/v2\/product_cat?post=22661"},{"taxonomy":"product_tag","embeddable":true,"href":"https:\/\/hajimekarate.com\/pt-pt\/wp-json\/wp\/v2\/product_tag?post=22661"}],"curies":[{"name":"wp","href":"https:\/\/api.w.org\/{rel}","templated":true}]}}