{"id":22660,"date":"2020-11-04T12:48:15","date_gmt":"2020-11-04T11:48:15","guid":{"rendered":"https:\/\/hajimekarate.com\/?post_type=product&#038;p=22660"},"modified":"2025-03-20T16:02:37","modified_gmt":"2025-03-20T15:02:37","slug":"saco-mochila-shureido-3-way-bag","status":"publish","type":"product","link":"https:\/\/hajimekarate.com\/pt-pt\/comprar\/saco-mochila-shureido-3-way-bag\/","title":{"rendered":"Saco-Mochila Shureido 3-Way Bag"},"content":{"rendered":"<p>\u00c9 um saco-mochila muito vers\u00e1til, pois podes usar \u00e0s costas como uma mochila ou como saco de desporto que podes transportar com a pega de m\u00e3o ou ao ombro.<\/p>\n<p>Tem uma grande capacidade para transportar tudo o que necessites.<br \/>\nCor dispon\u00edvel: PRETO<br \/>\nMedidas: 28 cm (alt.) x 59 cm (comp.) x 29 cm (larg.)<\/p>\n<p>Personaliz\u00e1vel a pedido.<br \/>\nCaso queiras bordar este artigo, o tempo de espera \u00e9 de aproximadamente 15 a 45 dias.<\/p>\n<p>&nbsp;<\/p>\n","protected":false},"excerpt":{"rendered":"<p>\u00c9 um saco-mochila muito vers\u00e1til, pois podes usar \u00e0s costas como uma mochila ou como saco de desporto que podes transportar com a pega de m\u00e3o ou ao ombro.Tem uma grande capacidade para transportar tudo o que necessites.<\/p>\n<p>Cor dispon\u00edvel: PRETO<br \/>\nMedidas: 28 cm (alt.) x 59 cm (comp.) x 29 cm (larg.)<\/p>\n<p><strong>Personaliz\u00e1vel<\/strong> a pedido.<br \/>\nCaso queiras bordar este artigo, o tempo de espera \u00e9 de aproximadamente 15 a 45 dias.<br \/>\nPara mais informa\u00e7\u00f5es, por favor, contacta-nos por email para info@hajimekarate.com<\/p>\n","protected":false},"featured_media":22978,"template":"","meta":{"_joinchat":[]},"product_brand":[],"product_cat":[2493,333,342],"product_tag":[2622],"class_list":{"0":"post-22660","1":"product","2":"type-product","3":"status-publish","4":"has-post-thumbnail","6":"product_cat-sacos-karate","7":"product_cat-acessorios-pt","8":"product_cat-shureido","9":"product_tag-club-10-pt","11":"first","12":"onbackorder","13":"taxable","14":"shipping-taxable","15":"purchasable","16":"product-type-simple"},"_links":{"self":[{"href":"https:\/\/hajimekarate.com\/pt-pt\/wp-json\/wp\/v2\/product\/22660","targetHints":{"allow":["GET"]}}],"collection":[{"href":"https:\/\/hajimekarate.com\/pt-pt\/wp-json\/wp\/v2\/product"}],"about":[{"href":"https:\/\/hajimekarate.com\/pt-pt\/wp-json\/wp\/v2\/types\/product"}],"wp:featuredmedia":[{"embeddable":true,"href":"https:\/\/hajimekarate.com\/pt-pt\/wp-json\/wp\/v2\/media\/22978"}],"wp:attachment":[{"href":"https:\/\/hajimekarate.com\/pt-pt\/wp-json\/wp\/v2\/media?parent=22660"}],"wp:term":[{"taxonomy":"product_brand","embeddable":true,"href":"https:\/\/hajimekarate.com\/pt-pt\/wp-json\/wp\/v2\/product_brand?post=22660"},{"taxonomy":"product_cat","embeddable":true,"href":"https:\/\/hajimekarate.com\/pt-pt\/wp-json\/wp\/v2\/product_cat?post=22660"},{"taxonomy":"product_tag","embeddable":true,"href":"https:\/\/hajimekarate.com\/pt-pt\/wp-json\/wp\/v2\/product_tag?post=22660"}],"curies":[{"name":"wp","href":"https:\/\/api.w.org\/{rel}","templated":true}]}}