{"id":22624,"date":"2020-10-20T12:04:25","date_gmt":"2020-10-20T10:04:25","guid":{"rendered":"https:\/\/hajimekarate.com\/comprar\/pergaminhos\/"},"modified":"2025-06-04T14:52:10","modified_gmt":"2025-06-04T12:52:10","slug":"pergaminhos-de-mestres-japoneses","status":"publish","type":"product","link":"https:\/\/hajimekarate.com\/pt-pt\/comprar\/pergaminhos-de-mestres-japoneses\/","title":{"rendered":"Pergaminhos de Mestres Japoneses"},"content":{"rendered":"<p>Pergaminhos de caligrafia em japon\u00eas de Mestres de Karat\u00e9 japoneses em papel especial, tamanho A3.<\/p>\n<p>Hatsuun Jindo &#8211; Separando as nuvens, procurando o caminho &#8211; escrito pelo Mestre Gichin Funakoshi<br \/>\nOs 20 preceitos &#8211; do Mestre Gichin Funakoshi, caligrafia de Gima Shinkin<br \/>\nVerdadeiro Objectivo do Karat\u00e9 &#8211; escrito pelo Mestre Gichin Funakoshi<br \/>\nDojo Kun &#8211; do Mestre Gichin Funakoshi, caligrafia do Mestre Masatoshi Nakayama<\/p>\n<p>Com tradu\u00e7\u00e3o em ingl\u00eas e espanhol.<\/p>\n<p>&nbsp;<\/p>\n","protected":false},"excerpt":{"rendered":"<p>Pergaminhos de caligrafia em japon\u00eas de Mestres de Karat\u00e9 japoneses, em papel especial.<br \/>\nTamanho: A3<\/p>\n<p>Com tradu\u00e7\u00e3o em ingl\u00eas e espanhol.<\/p>\n<p>&nbsp;<\/p>\n","protected":false},"featured_media":22554,"template":"","meta":{"_joinchat":[]},"product_brand":[],"product_cat":[1129,802],"product_tag":[],"class_list":{"0":"post-22624","1":"product","2":"type-product","3":"status-publish","4":"has-post-thumbnail","6":"product_cat-decoracao","7":"product_cat-exclusivo-hajime","9":"first","10":"instock","11":"taxable","12":"shipping-taxable","13":"purchasable","14":"product-type-variable"},"_links":{"self":[{"href":"https:\/\/hajimekarate.com\/pt-pt\/wp-json\/wp\/v2\/product\/22624","targetHints":{"allow":["GET"]}}],"collection":[{"href":"https:\/\/hajimekarate.com\/pt-pt\/wp-json\/wp\/v2\/product"}],"about":[{"href":"https:\/\/hajimekarate.com\/pt-pt\/wp-json\/wp\/v2\/types\/product"}],"wp:featuredmedia":[{"embeddable":true,"href":"https:\/\/hajimekarate.com\/pt-pt\/wp-json\/wp\/v2\/media\/22554"}],"wp:attachment":[{"href":"https:\/\/hajimekarate.com\/pt-pt\/wp-json\/wp\/v2\/media?parent=22624"}],"wp:term":[{"taxonomy":"product_brand","embeddable":true,"href":"https:\/\/hajimekarate.com\/pt-pt\/wp-json\/wp\/v2\/product_brand?post=22624"},{"taxonomy":"product_cat","embeddable":true,"href":"https:\/\/hajimekarate.com\/pt-pt\/wp-json\/wp\/v2\/product_cat?post=22624"},{"taxonomy":"product_tag","embeddable":true,"href":"https:\/\/hajimekarate.com\/pt-pt\/wp-json\/wp\/v2\/product_tag?post=22624"}],"curies":[{"name":"wp","href":"https:\/\/api.w.org\/{rel}","templated":true}]}}