{"id":22623,"date":"2020-10-20T15:04:27","date_gmt":"2020-10-20T13:04:27","guid":{"rendered":"https:\/\/hajimekarate.com\/comprar\/toalha-preta-shureido-karate-do\/"},"modified":"2026-02-09T16:03:33","modified_gmt":"2026-02-09T15:03:33","slug":"toalha-preta-shureido-kanjis-karate-do","status":"publish","type":"product","link":"https:\/\/hajimekarate.com\/pt-pt\/comprar\/toalha-preta-shureido-kanjis-karate-do\/","title":{"rendered":"Toalha Shureido Karate Do | Preta\/Azul"},"content":{"rendered":"<p>Toalha Shureido com Karate Do em Kanji, 100 % algod\u00e3o.<br \/>\nFabricada no Jap\u00e3o.<br \/>\nToalha t\u00edpica Imabari.<\/p>\n<p>O que \u00e9 a toalha tipica Imabari? Imabari \u00e9 uma cidade japonesa com uma longa tradi\u00e7\u00e3o de mais de 120 anos na produ\u00e7\u00e3o de toalhas. No Jap\u00e3o, a \u201cToalha Imabari\u201d \u00e9 conhecida pela sua elevada qualidade. Isto deve-se ao seu clima quente e \u00e0 abund\u00e2ncia e qualidade das suas \u00e1guas subterr\u00e2neas, que s\u00e3o muito baixas em metais pesados e de pouca dureza, juntamente com a inova\u00e7\u00e3o constante. Hoje em dia, a \u201cToalha Imabari\u201d tornou-se uma toalha de prest\u00edgio em todo o mundo.<\/p>\n<p>Caracter\u00edsticas da Toalha Imabari: A Toalha Imabari \u00e9 produzida sob rigorosas normas.<br \/>\n1. R\u00e1pida absor\u00e7\u00e3o de \u00e1gua.<br \/>\n2. Mant\u00e9m a suavidade e a cor durante muito tempo.<br \/>\n3. Muito resistente \u00e0s lavagens.<\/p>\n","protected":false},"excerpt":{"rendered":"<p>Toalla Shureido con Karate Do en kanji.<br \/>\nTama\u00f1o: 34 x 87 cm<br \/>\n<strong>100 % algod\u00f3n.<\/strong> Hecho en Jap\u00f3n.<br \/>\nDisponible en negro o azul.<\/p>\n<p>Toalla Imabari (abajo est\u00e1n especificadas las caracter\u00edsticas del producto).<\/p>\n","protected":false},"featured_media":22605,"template":"","meta":{"_joinchat":[]},"product_brand":[],"product_cat":[1793,3349,333],"product_tag":[2622],"class_list":{"0":"post-22623","1":"product","2":"type-product","3":"status-publish","4":"has-post-thumbnail","6":"product_cat-complemento-competidores-de-desembarque","7":"product_cat-toalhas-pt","8":"product_cat-acessorios-pt","9":"product_tag-club-10-pt","11":"first","12":"instock","13":"taxable","14":"shipping-taxable","15":"purchasable","16":"product-type-variable"},"_links":{"self":[{"href":"https:\/\/hajimekarate.com\/pt-pt\/wp-json\/wp\/v2\/product\/22623","targetHints":{"allow":["GET"]}}],"collection":[{"href":"https:\/\/hajimekarate.com\/pt-pt\/wp-json\/wp\/v2\/product"}],"about":[{"href":"https:\/\/hajimekarate.com\/pt-pt\/wp-json\/wp\/v2\/types\/product"}],"wp:featuredmedia":[{"embeddable":true,"href":"https:\/\/hajimekarate.com\/pt-pt\/wp-json\/wp\/v2\/media\/22605"}],"wp:attachment":[{"href":"https:\/\/hajimekarate.com\/pt-pt\/wp-json\/wp\/v2\/media?parent=22623"}],"wp:term":[{"taxonomy":"product_brand","embeddable":true,"href":"https:\/\/hajimekarate.com\/pt-pt\/wp-json\/wp\/v2\/product_brand?post=22623"},{"taxonomy":"product_cat","embeddable":true,"href":"https:\/\/hajimekarate.com\/pt-pt\/wp-json\/wp\/v2\/product_cat?post=22623"},{"taxonomy":"product_tag","embeddable":true,"href":"https:\/\/hajimekarate.com\/pt-pt\/wp-json\/wp\/v2\/product_tag?post=22623"}],"curies":[{"name":"wp","href":"https:\/\/api.w.org\/{rel}","templated":true}]}}