{"id":11343,"date":"2020-03-04T00:02:20","date_gmt":"2020-03-03T23:02:20","guid":{"rendered":"https:\/\/hajimekarate.com\/?post_type=product&#038;p=11343"},"modified":"2025-12-15T12:52:13","modified_gmt":"2025-12-15T11:52:13","slug":"saco-mochila-shureido","status":"publish","type":"product","link":"https:\/\/hajimekarate.com\/pt-pt\/comprar\/saco-mochila-shureido\/","title":{"rendered":"Saco-Mochila Shureido"},"content":{"rendered":"<p>Saco-mochila inovador da Shureido fabricado em nylon refor\u00e7ado. \u00c9 um saco muito pr\u00e1tico e com muitos compartimentos exteriores. Al\u00e9m disso, podes optar por usar como um saco desportivo ou \u00e0s costas como uma mochila. Especialmente concebido para manter todo o teu equipamento de Karat\u00e9 arrumado e limpo: Karategui, toalhas e prote\u00e7\u00f5es.<\/p>\n<p>Dimens\u00f5es do saco: 70 x 30 x 30 cm<\/p>\n","protected":false},"excerpt":{"rendered":"<p>Saco-mochila Shureido. Com bolsos e compartimentos laterais para um acesso r\u00e1pido e c\u00f3modo. <strong>Com novos fechos de elevada qualidade, mais suaves e f\u00e1ceis de abrir e fechar.<\/strong> Usa como um saco desportivo ou \u00e0s costas como uma mochila. Tamanho: 70 x 30 x 30 cm<\/p>\n","protected":false},"featured_media":34728,"template":"","meta":{"_joinchat":[]},"product_brand":[],"product_cat":[1793,2493,333,342],"product_tag":[2622],"class_list":{"0":"post-11343","1":"product","2":"type-product","3":"status-publish","4":"has-post-thumbnail","6":"product_cat-complemento-competidores-de-desembarque","7":"product_cat-sacos-karate","8":"product_cat-acessorios-pt","9":"product_cat-shureido","10":"product_tag-club-10-pt","12":"first","13":"instock","14":"featured","15":"taxable","16":"shipping-taxable","17":"purchasable","18":"product-type-simple"},"_links":{"self":[{"href":"https:\/\/hajimekarate.com\/pt-pt\/wp-json\/wp\/v2\/product\/11343","targetHints":{"allow":["GET"]}}],"collection":[{"href":"https:\/\/hajimekarate.com\/pt-pt\/wp-json\/wp\/v2\/product"}],"about":[{"href":"https:\/\/hajimekarate.com\/pt-pt\/wp-json\/wp\/v2\/types\/product"}],"wp:featuredmedia":[{"embeddable":true,"href":"https:\/\/hajimekarate.com\/pt-pt\/wp-json\/wp\/v2\/media\/34728"}],"wp:attachment":[{"href":"https:\/\/hajimekarate.com\/pt-pt\/wp-json\/wp\/v2\/media?parent=11343"}],"wp:term":[{"taxonomy":"product_brand","embeddable":true,"href":"https:\/\/hajimekarate.com\/pt-pt\/wp-json\/wp\/v2\/product_brand?post=11343"},{"taxonomy":"product_cat","embeddable":true,"href":"https:\/\/hajimekarate.com\/pt-pt\/wp-json\/wp\/v2\/product_cat?post=11343"},{"taxonomy":"product_tag","embeddable":true,"href":"https:\/\/hajimekarate.com\/pt-pt\/wp-json\/wp\/v2\/product_tag?post=11343"}],"curies":[{"name":"wp","href":"https:\/\/api.w.org\/{rel}","templated":true}]}}