{"id":10892,"date":"2019-10-06T21:56:00","date_gmt":"2019-10-06T19:56:00","guid":{"rendered":"https:\/\/hajimekarate.com\/comprar\/tonfa-pequena\/"},"modified":"2024-03-28T17:35:53","modified_gmt":"2024-03-28T16:35:53","slug":"tonfa-pequeno","status":"publish","type":"product","link":"https:\/\/hajimekarate.com\/pt-pt\/comprar\/tonfa-pequeno\/","title":{"rendered":"Tonfa pequena"},"content":{"rendered":"<p><span style=\"font-weight: 400;\">O tonfa \u00e9 uma arma origin\u00e1ria da China e de Okinawa que originalmente era um instrumento com uma al\u00e7a para girar a roda do moinho e que posteriormente se tornou o moderno bast\u00e3o da pol\u00edcia. O cabo n\u00e3o centralizado deste bast\u00e3o de madeira torna-o uma arma muito vers\u00e1til com dois comprimentos diferentes dependendo da situa\u00e7\u00e3o. Pode ser usado para golpear, defender ou desarmar o oponente. E \u00e9 altamente pr\u00e1tico. \u00c9 tradicionalmente usado em pares para poder fazer ataques simult\u00e2neos. Mas seu manuseio exige muito treinamento e habilidade para saber como us\u00e1-lo corretamente. <\/span><\/p>\n<p>Feito \u00e0 m\u00e3o a partir de madeira de faia de primeira qualidade. O cabo \u00e9 muito bem estudado para caber na m\u00e3o. Lixado \u00e0 m\u00e3o e uma camada de \u00f3leo de linho, para lhes dar beleza e durabilidade. Ideal para kata e contato. Di\u00e2metro de 3 cm. 44 cm de comprimento e 7 cm de ader\u00eancia. Pareja<\/p>\n","protected":false},"excerpt":{"rendered":"<p>Artesanato. Beech. Medidas: 44 cm de comprimento e 7 cm de ader\u00eancia. Peso par: 700 gr.<\/p>\n<p><em>*Produto artesanal feito por encomenda, por isso, por vezes, se n\u00e3o tivermos stock, pode demorar alguns dias.<\/p>\n<p>NOTA IMPORTANTE: Todas as nossas ferramentas s\u00e3o vendidas como artigos de cole\u00e7\u00e3o e n\u00e3o podem ser utilizadas ou transportadas como armas.<br \/>\n<\/em><\/p>\n","protected":false},"featured_media":10220,"template":"","meta":{"_joinchat":[]},"product_brand":[],"product_cat":[800,1133,1143,1140],"product_tag":[2621],"class_list":{"0":"post-10892","1":"product","2":"type-product","3":"status-publish","4":"has-post-thumbnail","6":"product_cat-armas-e-utensilios","7":"product_cat-armas-e-utensilios-da-linha-miyabi","8":"product_cat-de-madeira","9":"product_cat-kobudo-pt-pt","10":"product_tag-club-05-pt","12":"first","13":"onbackorder","14":"taxable","15":"shipping-taxable","16":"purchasable","17":"product-type-simple"},"_links":{"self":[{"href":"https:\/\/hajimekarate.com\/pt-pt\/wp-json\/wp\/v2\/product\/10892","targetHints":{"allow":["GET"]}}],"collection":[{"href":"https:\/\/hajimekarate.com\/pt-pt\/wp-json\/wp\/v2\/product"}],"about":[{"href":"https:\/\/hajimekarate.com\/pt-pt\/wp-json\/wp\/v2\/types\/product"}],"wp:featuredmedia":[{"embeddable":true,"href":"https:\/\/hajimekarate.com\/pt-pt\/wp-json\/wp\/v2\/media\/10220"}],"wp:attachment":[{"href":"https:\/\/hajimekarate.com\/pt-pt\/wp-json\/wp\/v2\/media?parent=10892"}],"wp:term":[{"taxonomy":"product_brand","embeddable":true,"href":"https:\/\/hajimekarate.com\/pt-pt\/wp-json\/wp\/v2\/product_brand?post=10892"},{"taxonomy":"product_cat","embeddable":true,"href":"https:\/\/hajimekarate.com\/pt-pt\/wp-json\/wp\/v2\/product_cat?post=10892"},{"taxonomy":"product_tag","embeddable":true,"href":"https:\/\/hajimekarate.com\/pt-pt\/wp-json\/wp\/v2\/product_tag?post=10892"}],"curies":[{"name":"wp","href":"https:\/\/api.w.org\/{rel}","templated":true}]}}