{"id":10847,"date":"2019-10-06T21:55:00","date_gmt":"2019-10-14T18:35:53","guid":{"rendered":"https:\/\/hajimekarate.com\/comprar\/marble-horn-quadrado-21-mm\/"},"modified":"2025-06-24T15:11:25","modified_gmt":"2025-06-24T13:11:25","slug":"hanko-quadrado-de-21-mm-em-chifre-marmore-com-pega-anatomica","status":"publish","type":"product","link":"https:\/\/hajimekarate.com\/pt-pt\/comprar\/hanko-quadrado-de-21-mm-em-chifre-marmore-com-pega-anatomica\/","title":{"rendered":"Hanko Quadrado de 21 mm em Chifre M\u00e1rmore com Pega Anat\u00f3mica"},"content":{"rendered":"<p>Fabricado em chifre de b\u00fafalo polido em tons m\u00e1rmore caramelo. Grande durabilidade. As caracter\u00edsticas do material fazem com que cada Hanko seja \u00fanico. O Hanko \u00e9 um carimbo personalizado com um nome que tem sido usado no Jap\u00e3o desde h\u00e1 s\u00e9culos em vez de assinaturas para identificar a propriedade. Os Hankos quadrados s\u00e3o usados por organiza\u00e7\u00f5es, como Dojo, Clube, etc&#8230; Os Hankos redondos s\u00e3o normalmente para uso particular. Porque n\u00e3o ter o seu Hanko para usar em diplomas, cartas ou cart\u00f5es de felicita\u00e7\u00f5es? Fa\u00e7a o seu Hanko \u00fanico para fazer a diferen\u00e7a! Pode escolher a forma, o material, o modelo e o tamanho do Hanko. Se quer um Hanko totalmente personalizado ou o seu nome em Kanji, entre em contato connosco! Cada Hanko vem com um elegante inv\u00f3lucro japon\u00eas. Ideal tamb\u00e9m como presente! Inclui almofada de tinta. FABRICADO NO JAP\u00c3O.<\/p>\n","protected":false},"excerpt":{"rendered":"<p>Fabricado em chifre de b\u00fafalo polido em tons m\u00e1rmore caramelo. Grande durabilidade. As caracter\u00edsticas do material fazem com que cada Hanko seja \u00fanico. 21 mm. FABRICADO NO JAP\u00c3O<\/p>\n","protected":false},"featured_media":10741,"template":"","meta":{"_joinchat":[]},"product_brand":[],"product_cat":[802,1131],"product_tag":[],"class_list":{"0":"post-10847","1":"product","2":"type-product","3":"status-publish","4":"has-post-thumbnail","6":"product_cat-exclusivo-hajime","7":"product_cat-hankos-pt-pt","9":"first","10":"onbackorder","11":"taxable","12":"shipping-taxable","13":"purchasable","14":"product-type-simple"},"_links":{"self":[{"href":"https:\/\/hajimekarate.com\/pt-pt\/wp-json\/wp\/v2\/product\/10847","targetHints":{"allow":["GET"]}}],"collection":[{"href":"https:\/\/hajimekarate.com\/pt-pt\/wp-json\/wp\/v2\/product"}],"about":[{"href":"https:\/\/hajimekarate.com\/pt-pt\/wp-json\/wp\/v2\/types\/product"}],"wp:featuredmedia":[{"embeddable":true,"href":"https:\/\/hajimekarate.com\/pt-pt\/wp-json\/wp\/v2\/media\/10741"}],"wp:attachment":[{"href":"https:\/\/hajimekarate.com\/pt-pt\/wp-json\/wp\/v2\/media?parent=10847"}],"wp:term":[{"taxonomy":"product_brand","embeddable":true,"href":"https:\/\/hajimekarate.com\/pt-pt\/wp-json\/wp\/v2\/product_brand?post=10847"},{"taxonomy":"product_cat","embeddable":true,"href":"https:\/\/hajimekarate.com\/pt-pt\/wp-json\/wp\/v2\/product_cat?post=10847"},{"taxonomy":"product_tag","embeddable":true,"href":"https:\/\/hajimekarate.com\/pt-pt\/wp-json\/wp\/v2\/product_tag?post=10847"}],"curies":[{"name":"wp","href":"https:\/\/api.w.org\/{rel}","templated":true}]}}