{"id":10837,"date":"2019-10-06T21:55:08","date_gmt":"2019-10-14T18:16:12","guid":{"rendered":"https:\/\/hajimekarate.com\/comprar\/marble-horn-redondo-18mm-com-tampa\/"},"modified":"2025-06-24T13:34:28","modified_gmt":"2025-06-24T11:34:28","slug":"marble-horn-redondo-con-tapon-18mm","status":"publish","type":"product","link":"https:\/\/hajimekarate.com\/pt-pt\/comprar\/marble-horn-redondo-con-tapon-18mm\/","title":{"rendered":"Hanko Redondo de 18 mm em Chifre M\u00e1rmore com Pega Anat\u00f3mica"},"content":{"rendered":"[vc_row type=&#8221;in_container&#8221; full_screen_row_position=&#8221;middle&#8221; column_margin=&#8221;default&#8221; column_direction=&#8221;default&#8221; column_direction_tablet=&#8221;default&#8221; column_direction_phone=&#8221;default&#8221; scene_position=&#8221;center&#8221; text_color=&#8221;dark&#8221; text_align=&#8221;left&#8221; row_border_radius=&#8221;none&#8221; row_border_radius_applies=&#8221;bg&#8221; overflow=&#8221;visible&#8221; overlay_strength=&#8221;0.3&#8243; gradient_direction=&#8221;left_to_right&#8221; shape_divider_position=&#8221;bottom&#8221; bg_image_animation=&#8221;none&#8221;][vc_column column_padding=&#8221;no-extra-padding&#8221; column_padding_tablet=&#8221;inherit&#8221; column_padding_phone=&#8221;inherit&#8221; column_padding_position=&#8221;all&#8221; column_element_spacing=&#8221;default&#8221; background_color_opacity=&#8221;1&#8243; background_hover_color_opacity=&#8221;1&#8243; column_shadow=&#8221;none&#8221; column_border_radius=&#8221;none&#8221; column_link_target=&#8221;_self&#8221; column_position=&#8221;default&#8221; gradient_direction=&#8221;left_to_right&#8221; overlay_strength=&#8221;0.3&#8243; width=&#8221;1\/1&#8243; tablet_width_inherit=&#8221;default&#8221; tablet_text_alignment=&#8221;default&#8221; phone_text_alignment=&#8221;default&#8221; animation_type=&#8221;default&#8221; bg_image_animation=&#8221;none&#8221; border_type=&#8221;simple&#8221; column_border_width=&#8221;none&#8221; column_border_style=&#8221;solid&#8221;][vc_column_text]Fabricado em chifre de b\u00fafalo polido em tons m\u00e1rmore caramelo. Grande durabilidade. As caracter\u00edsticas do material fazem com que cada Hanko seja \u00fanico. O Hanko \u00e9 um carimbo personalizado com um nome que tem sido usado no Jap\u00e3o desde h\u00e1 s\u00e9culos em vez de assinaturas para identificar a propriedade. Os Hankos quadrados s\u00e3o usados por organiza\u00e7\u00f5es, como Dojo, Clube, etc&#8230; Os Hankos redondos s\u00e3o normalmente para uso particular. Porque n\u00e3o ter o seu Hanko para usar em diplomas, cartas ou cart\u00f5es de felicita\u00e7\u00f5es? Fa\u00e7a o seu Hanko \u00fanico para fazer a diferen\u00e7a! Pode escolher a forma, o material, o modelo e o tamanho do Hanko. Se quer um Hanko totalmente personalizado ou o seu nome em Kanji, entre em contato connosco! Cada Hanko vem com um elegante inv\u00f3lucro japon\u00eas. Ideal tamb\u00e9m como presente! Inclui almofada de tinta. FABRICADO NO JAP\u00c3O.[\/vc_column_text][\/vc_column][\/vc_row]\n","protected":false},"excerpt":{"rendered":"<p>Fabricado em chifre de b\u00fafalo polido em tons m\u00e1rmore caramelo. Grande durabilidade. As caracter\u00edsticas do material fazem com que cada Hanko seja \u00fanico. 18 mm. Com tampa. FABRICADO NO JAP\u00c3O<\/p>\n","protected":false},"featured_media":10747,"template":"","meta":{"_joinchat":[]},"product_brand":[],"product_cat":[802,1131],"product_tag":[],"class_list":{"0":"post-10837","1":"product","2":"type-product","3":"status-publish","4":"has-post-thumbnail","6":"product_cat-exclusivo-hajime","7":"product_cat-hankos-pt-pt","9":"first","10":"onbackorder","11":"taxable","12":"shipping-taxable","13":"purchasable","14":"product-type-simple"},"_links":{"self":[{"href":"https:\/\/hajimekarate.com\/pt-pt\/wp-json\/wp\/v2\/product\/10837","targetHints":{"allow":["GET"]}}],"collection":[{"href":"https:\/\/hajimekarate.com\/pt-pt\/wp-json\/wp\/v2\/product"}],"about":[{"href":"https:\/\/hajimekarate.com\/pt-pt\/wp-json\/wp\/v2\/types\/product"}],"wp:featuredmedia":[{"embeddable":true,"href":"https:\/\/hajimekarate.com\/pt-pt\/wp-json\/wp\/v2\/media\/10747"}],"wp:attachment":[{"href":"https:\/\/hajimekarate.com\/pt-pt\/wp-json\/wp\/v2\/media?parent=10837"}],"wp:term":[{"taxonomy":"product_brand","embeddable":true,"href":"https:\/\/hajimekarate.com\/pt-pt\/wp-json\/wp\/v2\/product_brand?post=10837"},{"taxonomy":"product_cat","embeddable":true,"href":"https:\/\/hajimekarate.com\/pt-pt\/wp-json\/wp\/v2\/product_cat?post=10837"},{"taxonomy":"product_tag","embeddable":true,"href":"https:\/\/hajimekarate.com\/pt-pt\/wp-json\/wp\/v2\/product_tag?post=10837"}],"curies":[{"name":"wp","href":"https:\/\/api.w.org\/{rel}","templated":true}]}}