{"id":10836,"date":"2019-10-06T21:55:09","date_gmt":"2019-10-14T18:15:10","guid":{"rendered":"https:\/\/hajimekarate.com\/comprar\/titanium-redondo-18mm\/"},"modified":"2025-06-26T13:16:34","modified_gmt":"2025-06-26T11:16:34","slug":"hanko-quadrado-de-18-mm-em-titanio-com-pega-a-direito","status":"publish","type":"product","link":"https:\/\/hajimekarate.com\/pt-pt\/comprar\/hanko-quadrado-de-18-mm-em-titanio-com-pega-a-direito\/","title":{"rendered":"Hanko Quadrado de 18 mm em Tit\u00e2nio com Pega a Direito"},"content":{"rendered":"<p>Fabricado em tit\u00e2nio, um material essencial na engenharia aeroespacial, implantes ou pacemakers. Forte, resistente \u00e0 corros\u00e3o e duradouro. N\u00e3o causa alergias. O Hanko \u00e9 um carimbo personalizado com um nome que tem sido usado no Jap\u00e3o desde h\u00e1 s\u00e9culos em vez de assinaturas para identificar a propriedade. Os Hankos quadrados s\u00e3o usados por organiza\u00e7\u00f5es, como Dojo, Clube, etc&#8230; Os Hankos redondos s\u00e3o normalmente para uso particular. Porque n\u00e3o ter o seu Hanko para usar em diplomas, cartas ou cart\u00f5es de felicita\u00e7\u00f5es? Fa\u00e7a o seu Hanko \u00fanico para fazer a diferen\u00e7a! Pode escolher a forma, o material, o modelo e o tamanho do Hanko. Se quer um Hanko totalmente personalizado ou o seu nome em Kanji, entre em contato connosco! Cada Hanko vem com um elegante inv\u00f3lucro japon\u00eas. Ideal tamb\u00e9m como presente! Inclui almofada de tinta. FABRICADO NO JAP\u00c3O.<\/p>\n","protected":false},"excerpt":{"rendered":"<p>Fabricado em tit\u00e2nio, por isso, forte, resistente \u00e0 corros\u00e3o e dur\u00e1vel. N\u00e3o causa alergias. 18 mm. FABRICADO NO JAP\u00c3O<\/p>\n","protected":false},"featured_media":10775,"template":"","meta":{"_joinchat":[]},"product_brand":[],"product_cat":[802,1131],"product_tag":[],"class_list":{"0":"post-10836","1":"product","2":"type-product","3":"status-publish","4":"has-post-thumbnail","6":"product_cat-exclusivo-hajime","7":"product_cat-hankos-pt-pt","9":"first","10":"instock","11":"taxable","12":"shipping-taxable","13":"purchasable","14":"product-type-simple"},"_links":{"self":[{"href":"https:\/\/hajimekarate.com\/pt-pt\/wp-json\/wp\/v2\/product\/10836","targetHints":{"allow":["GET"]}}],"collection":[{"href":"https:\/\/hajimekarate.com\/pt-pt\/wp-json\/wp\/v2\/product"}],"about":[{"href":"https:\/\/hajimekarate.com\/pt-pt\/wp-json\/wp\/v2\/types\/product"}],"wp:featuredmedia":[{"embeddable":true,"href":"https:\/\/hajimekarate.com\/pt-pt\/wp-json\/wp\/v2\/media\/10775"}],"wp:attachment":[{"href":"https:\/\/hajimekarate.com\/pt-pt\/wp-json\/wp\/v2\/media?parent=10836"}],"wp:term":[{"taxonomy":"product_brand","embeddable":true,"href":"https:\/\/hajimekarate.com\/pt-pt\/wp-json\/wp\/v2\/product_brand?post=10836"},{"taxonomy":"product_cat","embeddable":true,"href":"https:\/\/hajimekarate.com\/pt-pt\/wp-json\/wp\/v2\/product_cat?post=10836"},{"taxonomy":"product_tag","embeddable":true,"href":"https:\/\/hajimekarate.com\/pt-pt\/wp-json\/wp\/v2\/product_tag?post=10836"}],"curies":[{"name":"wp","href":"https:\/\/api.w.org\/{rel}","templated":true}]}}