{"id":10834,"date":"2019-10-06T21:55:10","date_gmt":"2019-10-14T18:12:51","guid":{"rendered":"https:\/\/hajimekarate.com\/comprar\/hanko-redondo-de-fibra-de-carbono\/"},"modified":"2025-06-08T13:59:29","modified_gmt":"2025-06-08T11:59:29","slug":"hanko-redondo-de-18-mm-em-fibra-de-carbono-com-pega-a-direito","status":"publish","type":"product","link":"https:\/\/hajimekarate.com\/pt-pt\/comprar\/hanko-redondo-de-18-mm-em-fibra-de-carbono-com-pega-a-direito\/","title":{"rendered":"Hanko Redondo de 18 mm em Fibra de Carbono com Pega a Direito"},"content":{"rendered":"<p>Fabricado em fibra de carbono, muito resistente e leve ao mesmo tempo. Este material \u00e9 usado em muitas \u00e1reas diferentes, como avi\u00f5es, desportos, etc&#8230; 10 vezes mais resistente que o ferro, mas com um quarto do seu peso. O Hanko \u00e9 um carimbo personalizado com um nome que tem sido usado no Jap\u00e3o desde h\u00e1 s\u00e9culos em vez de assinaturas para identificar a propriedade. Os Hankos quadrados s\u00e3o usados por organiza\u00e7\u00f5es, como Dojo, Clube, etc&#8230; Os Hankos redondos s\u00e3o normalmente para uso particular. Porque n\u00e3o ter o seu Hanko para usar em diplomas, cartas ou cart\u00f5es de felicita\u00e7\u00f5es? Fa\u00e7a o seu Hanko \u00fanico para fazer a diferen\u00e7a! Pode escolher a forma, o material, o modelo e o tamanho do Hanko. Se quer um Hanko totalmente personalizado ou o seu nome em Kanji, entre em contato connosco! Cada Hanko vem com um elegante inv\u00f3lucro japon\u00eas. Ideal tamb\u00e9m como presente! Inclui almofada de tinta. FABRICADO NO JAP\u00c3O.<\/p>\n","protected":false},"excerpt":{"rendered":"<p>Fabricado em fibra de carbono, muito resistente e leve ao mesmo tempo. 18 mm. FABRICADO NO JAP\u00c3O<\/p>\n","protected":false},"featured_media":10769,"template":"","meta":{"_joinchat":[]},"product_brand":[],"product_cat":[802,1131],"product_tag":[],"class_list":{"0":"post-10834","1":"product","2":"type-product","3":"status-publish","4":"has-post-thumbnail","6":"product_cat-exclusivo-hajime","7":"product_cat-hankos-pt-pt","9":"first","10":"onbackorder","11":"taxable","12":"shipping-taxable","13":"purchasable","14":"product-type-simple"},"_links":{"self":[{"href":"https:\/\/hajimekarate.com\/pt-pt\/wp-json\/wp\/v2\/product\/10834","targetHints":{"allow":["GET"]}}],"collection":[{"href":"https:\/\/hajimekarate.com\/pt-pt\/wp-json\/wp\/v2\/product"}],"about":[{"href":"https:\/\/hajimekarate.com\/pt-pt\/wp-json\/wp\/v2\/types\/product"}],"wp:featuredmedia":[{"embeddable":true,"href":"https:\/\/hajimekarate.com\/pt-pt\/wp-json\/wp\/v2\/media\/10769"}],"wp:attachment":[{"href":"https:\/\/hajimekarate.com\/pt-pt\/wp-json\/wp\/v2\/media?parent=10834"}],"wp:term":[{"taxonomy":"product_brand","embeddable":true,"href":"https:\/\/hajimekarate.com\/pt-pt\/wp-json\/wp\/v2\/product_brand?post=10834"},{"taxonomy":"product_cat","embeddable":true,"href":"https:\/\/hajimekarate.com\/pt-pt\/wp-json\/wp\/v2\/product_cat?post=10834"},{"taxonomy":"product_tag","embeddable":true,"href":"https:\/\/hajimekarate.com\/pt-pt\/wp-json\/wp\/v2\/product_tag?post=10834"}],"curies":[{"name":"wp","href":"https:\/\/api.w.org\/{rel}","templated":true}]}}