{"id":10827,"date":"2019-10-06T21:55:45","date_gmt":"2019-10-14T18:05:20","guid":{"rendered":"https:\/\/hajimekarate.com\/comprar\/shimenawa-shide\/"},"modified":"2025-06-26T13:02:28","modified_gmt":"2025-06-26T11:02:28","slug":"shimenawa-e-shide","status":"publish","type":"product","link":"https:\/\/hajimekarate.com\/pt-pt\/comprar\/shimenawa-e-shide\/","title":{"rendered":"Shimenawa e Shide"},"content":{"rendered":"<p>Shimenawa (corda) de polipropileno entran\u00e7ado e amarrado com fitas de esparto. \u00c9 geralmente colocado Shomen junto com uma Kamidana. O Shide \u00e9 um papel dobrado em zig zag que \u00e9 colocado entre as cordas entran\u00e7adas. O conjunto simboliza um local sagrado e puro no Xinto\u00edsmo.<\/p>\n","protected":false},"excerpt":{"rendered":"<p>Shimenawa (corda) de polipropileno entran\u00e7ado e amarrado com fitas de esparto. O Shide \u00e9 um papel dobrado em zig zag que \u00e9 colocado entre as cordas entran\u00e7adas. O conjunto simboliza um local sagrado e puro no Xinto\u00edsmo. Peso: 400 gr.<\/p>\n","protected":false},"featured_media":10160,"template":"","meta":{"_joinchat":[]},"product_brand":[],"product_cat":[1129,802],"product_tag":[],"class_list":{"0":"post-10827","1":"product","2":"type-product","3":"status-publish","4":"has-post-thumbnail","6":"product_cat-decoracao","7":"product_cat-exclusivo-hajime","9":"first","10":"outofstock","11":"taxable","12":"shipping-taxable","13":"purchasable","14":"product-type-simple"},"_links":{"self":[{"href":"https:\/\/hajimekarate.com\/pt-pt\/wp-json\/wp\/v2\/product\/10827","targetHints":{"allow":["GET"]}}],"collection":[{"href":"https:\/\/hajimekarate.com\/pt-pt\/wp-json\/wp\/v2\/product"}],"about":[{"href":"https:\/\/hajimekarate.com\/pt-pt\/wp-json\/wp\/v2\/types\/product"}],"wp:featuredmedia":[{"embeddable":true,"href":"https:\/\/hajimekarate.com\/pt-pt\/wp-json\/wp\/v2\/media\/10160"}],"wp:attachment":[{"href":"https:\/\/hajimekarate.com\/pt-pt\/wp-json\/wp\/v2\/media?parent=10827"}],"wp:term":[{"taxonomy":"product_brand","embeddable":true,"href":"https:\/\/hajimekarate.com\/pt-pt\/wp-json\/wp\/v2\/product_brand?post=10827"},{"taxonomy":"product_cat","embeddable":true,"href":"https:\/\/hajimekarate.com\/pt-pt\/wp-json\/wp\/v2\/product_cat?post=10827"},{"taxonomy":"product_tag","embeddable":true,"href":"https:\/\/hajimekarate.com\/pt-pt\/wp-json\/wp\/v2\/product_tag?post=10827"}],"curies":[{"name":"wp","href":"https:\/\/api.w.org\/{rel}","templated":true}]}}