{"id":10826,"date":"2019-10-06T21:55:45","date_gmt":"2019-10-14T18:04:33","guid":{"rendered":"https:\/\/hajimekarate.com\/comprar\/tabela-de-estilo\/"},"modified":"2025-06-26T13:03:19","modified_gmt":"2025-06-26T11:03:19","slug":"tabua-de-estilo","status":"publish","type":"product","link":"https:\/\/hajimekarate.com\/pt-pt\/comprar\/tabua-de-estilo\/","title":{"rendered":"T\u00e1bua de Estilo"},"content":{"rendered":"<p>T\u00e1bua de madeira com o seu estilo de Karat\u00e9. Pe\u00e7a a sua t\u00e1bua com o seu estilo de Karat\u00e9 por email para info@hajimekarate.com<\/p>\n","protected":false},"excerpt":{"rendered":"<p>Personalize a sua t\u00e1bua de madeira com o seu estilo de Karat\u00e9, um lema ou o que preferir.<\/p>\n<p>Madeira de pinho<\/p>\n<p>Dimens\u00f5es: 8 cm x 40 a 50 cm<\/p>\n<p>Cor da letra: Preto<\/p>\n<p>Se tiver alguma quest\u00e3o, contacte-nos clicando no bot\u00e3o do Whatsapp ou envie-nos um email para info@hajimekarate.com<\/p>\n<p>&nbsp;<\/p>\n","protected":false},"featured_media":10196,"template":"","meta":{"_joinchat":[]},"product_brand":[],"product_cat":[1129,802],"product_tag":[2621],"class_list":{"0":"post-10826","1":"product","2":"type-product","3":"status-publish","4":"has-post-thumbnail","6":"product_cat-decoracao","7":"product_cat-exclusivo-hajime","8":"product_tag-club-05-pt","10":"first","11":"outofstock","12":"taxable","13":"shipping-taxable","14":"purchasable","15":"product-type-simple"},"_links":{"self":[{"href":"https:\/\/hajimekarate.com\/pt-pt\/wp-json\/wp\/v2\/product\/10826","targetHints":{"allow":["GET"]}}],"collection":[{"href":"https:\/\/hajimekarate.com\/pt-pt\/wp-json\/wp\/v2\/product"}],"about":[{"href":"https:\/\/hajimekarate.com\/pt-pt\/wp-json\/wp\/v2\/types\/product"}],"wp:featuredmedia":[{"embeddable":true,"href":"https:\/\/hajimekarate.com\/pt-pt\/wp-json\/wp\/v2\/media\/10196"}],"wp:attachment":[{"href":"https:\/\/hajimekarate.com\/pt-pt\/wp-json\/wp\/v2\/media?parent=10826"}],"wp:term":[{"taxonomy":"product_brand","embeddable":true,"href":"https:\/\/hajimekarate.com\/pt-pt\/wp-json\/wp\/v2\/product_brand?post=10826"},{"taxonomy":"product_cat","embeddable":true,"href":"https:\/\/hajimekarate.com\/pt-pt\/wp-json\/wp\/v2\/product_cat?post=10826"},{"taxonomy":"product_tag","embeddable":true,"href":"https:\/\/hajimekarate.com\/pt-pt\/wp-json\/wp\/v2\/product_tag?post=10826"}],"curies":[{"name":"wp","href":"https:\/\/api.w.org\/{rel}","templated":true}]}}