{"id":10821,"date":"2019-10-06T21:55:48","date_gmt":"2019-10-06T19:55:48","guid":{"rendered":"https:\/\/hajimekarate.com\/comprar\/nigiri-game\/"},"modified":"2026-04-15T12:55:46","modified_gmt":"2026-04-15T10:55:46","slug":"nigiri-game","status":"publish","type":"product","link":"https:\/\/hajimekarate.com\/pt-pt\/comprar\/nigiri-game\/","title":{"rendered":"Nigiri Game Linha Miyabi"},"content":{"rendered":"<p><span style=\"font-weight: 400;\">Este utens\u00edlio de treino tradicional \u00e9 um elemento essencial no Hojo Undo. \u00c9 utilizado no Karat\u00e9 mais tradicional de Okinawa para treinos complementares de for\u00e7a. Estes jarros em cer\u00e2mica foram concebidos para desenvolver e potenciar a pega de dedos, os musculos internos da m\u00e3o, os pulsos, os antebra\u00e7os, os ombros, os peitorais e os dorsais. E ajuda a refor\u00e7ar toda a zona abdominal. <\/span><\/p>\n<p>Fabrico artesanal. Di\u00e2metro da boca: 11 cm. Peso: 3,38 kg. Um utens\u00edlio de treino tradicional. Pe\u00e7a essencial em Hojo Undo.<\/p>\n","protected":false},"excerpt":{"rendered":"<p>Fabrico artesanal. Di\u00e2metro da boca: 11 cm. Feito em cer\u00e2mica. Peso: 3,38 kg<\/p>\n<p>IMPORTANTE: Todas as nossas armas e utens\u00edlios s\u00e3o vendidos como artigos de cole\u00e7\u00e3o e \u00e9 proibida a sua utiliza\u00e7\u00e3o ou transporte como armas.<\/p>\n","protected":false},"featured_media":10109,"template":"","meta":{"_joinchat":[]},"product_brand":[],"product_cat":[800,1133,1134,1139],"product_tag":[2621],"class_list":{"0":"post-10821","1":"product","2":"type-product","3":"status-publish","4":"has-post-thumbnail","6":"product_cat-armas-e-utensilios","7":"product_cat-armas-e-utensilios-da-linha-miyabi","8":"product_cat-hojo-undo-pt-pt","9":"product_cat-outras-ferramentas","10":"product_tag-club-05-pt","11":"product_shipping_class-tools_metal","13":"first","14":"outofstock","15":"taxable","16":"shipping-taxable","17":"purchasable","18":"product-type-simple"},"_links":{"self":[{"href":"https:\/\/hajimekarate.com\/pt-pt\/wp-json\/wp\/v2\/product\/10821","targetHints":{"allow":["GET"]}}],"collection":[{"href":"https:\/\/hajimekarate.com\/pt-pt\/wp-json\/wp\/v2\/product"}],"about":[{"href":"https:\/\/hajimekarate.com\/pt-pt\/wp-json\/wp\/v2\/types\/product"}],"wp:featuredmedia":[{"embeddable":true,"href":"https:\/\/hajimekarate.com\/pt-pt\/wp-json\/wp\/v2\/media\/10109"}],"wp:attachment":[{"href":"https:\/\/hajimekarate.com\/pt-pt\/wp-json\/wp\/v2\/media?parent=10821"}],"wp:term":[{"taxonomy":"product_brand","embeddable":true,"href":"https:\/\/hajimekarate.com\/pt-pt\/wp-json\/wp\/v2\/product_brand?post=10821"},{"taxonomy":"product_cat","embeddable":true,"href":"https:\/\/hajimekarate.com\/pt-pt\/wp-json\/wp\/v2\/product_cat?post=10821"},{"taxonomy":"product_tag","embeddable":true,"href":"https:\/\/hajimekarate.com\/pt-pt\/wp-json\/wp\/v2\/product_tag?post=10821"}],"curies":[{"name":"wp","href":"https:\/\/api.w.org\/{rel}","templated":true}]}}