{"id":10820,"date":"2019-10-06T21:55:48","date_gmt":"2019-10-06T19:55:48","guid":{"rendered":"https:\/\/hajimekarate.com\/comprar\/makiwara-chao\/"},"modified":"2026-04-14T18:17:02","modified_gmt":"2026-04-14T16:17:02","slug":"makiwara-suelo","status":"publish","type":"product","link":"https:\/\/hajimekarate.com\/pt-pt\/comprar\/makiwara-suelo\/","title":{"rendered":"Makiwara de Ch\u00e3o Linha Miyabi"},"content":{"rendered":"<p><span style=\"font-weight: 400;\">O Makiwara \u00e9 um dos utens\u00edlios tradicionais de Karat\u00e9 utilizado para melhorar a for\u00e7a e resist\u00eancia corporal. Origin\u00e1rio de Okinawa, existe a teoria de que prov\u00e9m da esgrima tradicional japonesa, dos tempos em que a ilha foi invadida e anexada ao Jap\u00e3o. \u00c9 utilizado para aprender a bater, ajudando no alinhamento corporal, na proje\u00e7\u00e3o da for\u00e7a e a habituar o corpo ao impacto em certas \u00e1reas como os pulsos, tornozelos, dedos das m\u00e3os e dos p\u00e9s.<\/span><\/p>\n","protected":false},"excerpt":{"rendered":"<p>Makiwara artesanal com fixa\u00e7\u00e3o ao ch\u00e3o. Caracter\u00edsticas: Altura 1300 mm x largura 30 mm. Peso do mastro: 2,30 kg. Peso de suporte: 5,45 kg. Caso queria uma outra altura ou largura, ou mesmo uma acabamento espec\u00edfico, envie um e-mail para info@hajimekarate.com, n\u00f3s ajudaremos.<\/p>\n<p><em>* Produto artesanal feito por encomenda, por isso, por vezes, se n\u00e3o tivermos stock, pode demorar alguns dias.<\/em><\/p>\n<p>IMPORTANTE: Todas as nossas armas e utens\u00edlios s\u00e3o vendidos como artigos de cole\u00e7\u00e3o e \u00e9 proibida a sua utiliza\u00e7\u00e3o ou transporte como armas.<\/p>\n","protected":false},"featured_media":10100,"template":"","meta":{"_joinchat":[]},"product_brand":[],"product_cat":[2350,800,1133,1134,1137],"product_tag":[2621],"class_list":{"0":"post-10820","1":"product","2":"type-product","3":"status-publish","4":"has-post-thumbnail","6":"product_cat-ferramentas-custos","7":"product_cat-armas-e-utensilios","8":"product_cat-armas-e-utensilios-da-linha-miyabi","9":"product_cat-hojo-undo-pt-pt","10":"product_cat-makiwara-pt-pt","11":"product_tag-club-05-pt","12":"product_shipping_class-tools_metal","14":"first","15":"onbackorder","16":"taxable","17":"shipping-taxable","18":"purchasable","19":"product-type-simple"},"_links":{"self":[{"href":"https:\/\/hajimekarate.com\/pt-pt\/wp-json\/wp\/v2\/product\/10820","targetHints":{"allow":["GET"]}}],"collection":[{"href":"https:\/\/hajimekarate.com\/pt-pt\/wp-json\/wp\/v2\/product"}],"about":[{"href":"https:\/\/hajimekarate.com\/pt-pt\/wp-json\/wp\/v2\/types\/product"}],"wp:featuredmedia":[{"embeddable":true,"href":"https:\/\/hajimekarate.com\/pt-pt\/wp-json\/wp\/v2\/media\/10100"}],"wp:attachment":[{"href":"https:\/\/hajimekarate.com\/pt-pt\/wp-json\/wp\/v2\/media?parent=10820"}],"wp:term":[{"taxonomy":"product_brand","embeddable":true,"href":"https:\/\/hajimekarate.com\/pt-pt\/wp-json\/wp\/v2\/product_brand?post=10820"},{"taxonomy":"product_cat","embeddable":true,"href":"https:\/\/hajimekarate.com\/pt-pt\/wp-json\/wp\/v2\/product_cat?post=10820"},{"taxonomy":"product_tag","embeddable":true,"href":"https:\/\/hajimekarate.com\/pt-pt\/wp-json\/wp\/v2\/product_tag?post=10820"}],"curies":[{"name":"wp","href":"https:\/\/api.w.org\/{rel}","templated":true}]}}