{"id":10818,"date":"2019-10-06T21:55:49","date_gmt":"2019-10-06T19:55:49","guid":{"rendered":"https:\/\/hajimekarate.com\/comprar\/bo-fusiforme-127-cm\/"},"modified":"2026-04-02T11:44:46","modified_gmt":"2026-04-02T09:44:46","slug":"jo-fusiforme-127-cm","status":"publish","type":"product","link":"https:\/\/hajimekarate.com\/pt-pt\/comprar\/jo-fusiforme-127-cm\/","title":{"rendered":"Jo Fusiforme 127 cm Linha Miyabi."},"content":{"rendered":"<p><span style=\"font-weight: 400;\">O Jo \u00e9 um bast\u00e3o de madeira que, segundo a lenda, foi criado no s\u00e9culo XVII pelo guerreiro samurai Katsuyoshi, ap\u00f3s ter sido derrotado, usando um Bo refor\u00e7ado com ferro, contra Musashi, que usava dois Bokken. Musashi foi o Samurai mais famoso.<\/span><\/p>\n<p><span style=\"font-weight: 400;\">Depois de um sonho inspirador, Katsuyoshi criou este utens\u00edlio mais curto que o Bo e desenvolveu diferentes t\u00e9cnicas com as quais finalmente conseguiu derrotar Musashi.<\/span><\/p>\n<p>Ideal para trabalho de Kata e de contacto devido \u00e0 sua dureza, leveza e durabilidade.<\/p>\n","protected":false},"excerpt":{"rendered":"<p>Fabrico artesanal. Madeira de faia de primeira qualidade. Lixado \u00e0 m\u00e3o e aplica\u00e7\u00e3o posterior de uma camada de \u00f3leo de linha\u00e7a. Peso: 640 gr.<\/p>\n<p><em>* Produto artesanal feito por encomenda, por isso, por vezes, se n\u00e3o tivermos stock, pode demorar alguns dias.<\/em><\/p>\n<p>IMPORTANTE: Todas as nossas armas e utens\u00edlios s\u00e3o vendidos como artigos de cole\u00e7\u00e3o e \u00e9 proibida a sua utiliza\u00e7\u00e3o ou transporte como armas.<\/p>\n","protected":false},"featured_media":10244,"template":"","meta":{"_joinchat":[]},"product_brand":[],"product_cat":[2350,800,1133,1143,1140],"product_tag":[2621],"class_list":{"0":"post-10818","1":"product","2":"type-product","3":"status-publish","4":"has-post-thumbnail","6":"product_cat-ferramentas-custos","7":"product_cat-armas-e-utensilios","8":"product_cat-armas-e-utensilios-da-linha-miyabi","9":"product_cat-de-madeira","10":"product_cat-kobudo-pt-pt","11":"product_tag-club-05-pt","12":"product_shipping_class-tools_vol","14":"first","15":"outofstock","16":"taxable","17":"shipping-taxable","18":"purchasable","19":"product-type-simple"},"_links":{"self":[{"href":"https:\/\/hajimekarate.com\/pt-pt\/wp-json\/wp\/v2\/product\/10818","targetHints":{"allow":["GET"]}}],"collection":[{"href":"https:\/\/hajimekarate.com\/pt-pt\/wp-json\/wp\/v2\/product"}],"about":[{"href":"https:\/\/hajimekarate.com\/pt-pt\/wp-json\/wp\/v2\/types\/product"}],"wp:featuredmedia":[{"embeddable":true,"href":"https:\/\/hajimekarate.com\/pt-pt\/wp-json\/wp\/v2\/media\/10244"}],"wp:attachment":[{"href":"https:\/\/hajimekarate.com\/pt-pt\/wp-json\/wp\/v2\/media?parent=10818"}],"wp:term":[{"taxonomy":"product_brand","embeddable":true,"href":"https:\/\/hajimekarate.com\/pt-pt\/wp-json\/wp\/v2\/product_brand?post=10818"},{"taxonomy":"product_cat","embeddable":true,"href":"https:\/\/hajimekarate.com\/pt-pt\/wp-json\/wp\/v2\/product_cat?post=10818"},{"taxonomy":"product_tag","embeddable":true,"href":"https:\/\/hajimekarate.com\/pt-pt\/wp-json\/wp\/v2\/product_tag?post=10818"}],"curies":[{"name":"wp","href":"https:\/\/api.w.org\/{rel}","templated":true}]}}