{"id":10815,"date":"2019-10-06T21:55:52","date_gmt":"2019-10-06T19:55:52","guid":{"rendered":"https:\/\/hajimekarate.com\/comprar\/bo-fusiforme-183-cm\/"},"modified":"2026-02-16T16:25:27","modified_gmt":"2026-02-16T15:25:27","slug":"bo-fusiforme-183-cm","status":"publish","type":"product","link":"https:\/\/hajimekarate.com\/pt-pt\/comprar\/bo-fusiforme-183-cm\/","title":{"rendered":"Bo Fusiforme Linha Miyabi"},"content":{"rendered":"<p><span style=\"font-weight: 400;\">\u00c9 uma das armas mais importantes no Kobudo Okinawense. A primeira refer\u00eancia a este utens\u00edlio de que h\u00e1 registo data do s\u00e9culo XVII, num documento que faz refer\u00eancia \u00e0 sua descri\u00e7\u00e3o e uso. O seu nome vem da abreviatura <\/span><span style=\"font-weight: 400;\">de <\/span><i><span style=\"font-weight: 400;\">Rokushakub\u014d.<\/span><\/i><span style=\"font-weight: 400;\"> O termo <\/span><i><span style=\"font-weight: 400;\">B\u014d <\/span><\/i> <span style=\"font-weight: 400;\">\u00e9 geralmente usado para fazer refer\u00eancia a uma vara com cerca de 180 cm. A sua principal fun\u00e7\u00e3o era potenciar a for\u00e7a de um golpe, alavancado pela in\u00e9rcia do movimento do Artista Marcial. Ou mesmo para alcan\u00e7ar objetos. <\/span><\/p>\n<p><span style=\"font-weight: 400;\">A maioria das artes marciais que utilizam armas e utens\u00edlios incluem a t\u00e9cnica do <\/span><i><span style=\"font-weight: 400;\">B\u014d.<\/span><\/i> <span style=\"font-weight: 400;\">A sua origem remonta aos tempos antigos, quando os guerreiros samurais perdiam a ponta do Yari (lan\u00e7a Japonesa) e ficavam com um B\u00f5 rudimentar.<\/span> <\/p>\n<p><span style=\"font-weight: 400;\">O <\/span><i><span style=\"font-weight: 400;\">B\u014djutso \u00e9 <\/span><\/i><span style=\"font-weight: 400;\">a arte marcial japonesa dedicada \u00e0 utiliza\u00e7\u00e3o do<\/span> <span style=\"font-weight: 400;\">B\u014d. As t\u00e9cnicas utilizadas baseiam-se em prepara\u00e7\u00e3o, defesas, controlo, varrimentos, pegas, ataques, empurr\u00f5es ou imobiliza\u00e7\u00f5es e luxa\u00e7\u00f5es articulares.<\/span><\/p>\n<p>Fabrico artesanal. Fabricado em madeira de faia de primeira qualidade com forma fusiforme\/c\u00f3nica, mais largo numa extremidade e mais estreito na outra. Lixado \u00e0 m\u00e3o e aplica\u00e7\u00e3o posterior de uma camada de \u00f3leo de linha\u00e7a. Ideal para trabalho de Kata e exerc\u00edcios com contacto, pela sua resist\u00eancia, ligeireza e durabilidade<\/p>\n","protected":false},"excerpt":{"rendered":"<p>Fabrico artesanal. Fabricado em madeira de faia de primeira qualidade com forma fusiforme, mais largo no centro e mais estreito nas pontas. 183 cm. Peso: 830 gr.<\/p>\n<p><em>* Produto artesanal feito por encomenda, por isso, por vezes, se n\u00e3o tivermos stock, pode demorar alguns dias.<\/em><\/p>\n<p>IMPORTANTE: Todas as nossas armas e utens\u00edlios s\u00e3o vendidos como artigos de cole\u00e7\u00e3o e \u00e9 proibida a sua utiliza\u00e7\u00e3o ou transporte como armas.<\/p>\n","protected":false},"featured_media":10253,"template":"","meta":{"_joinchat":[]},"product_brand":[],"product_cat":[2350,800,1133,1143,1140],"product_tag":[2621],"class_list":{"0":"post-10815","1":"product","2":"type-product","3":"status-publish","4":"has-post-thumbnail","6":"product_cat-ferramentas-custos","7":"product_cat-armas-e-utensilios","8":"product_cat-armas-e-utensilios-da-linha-miyabi","9":"product_cat-de-madeira","10":"product_cat-kobudo-pt-pt","11":"product_tag-club-05-pt","12":"product_shipping_class-tools_vol","14":"first","15":"onbackorder","16":"taxable","17":"shipping-taxable","18":"purchasable","19":"product-type-simple"},"_links":{"self":[{"href":"https:\/\/hajimekarate.com\/pt-pt\/wp-json\/wp\/v2\/product\/10815","targetHints":{"allow":["GET"]}}],"collection":[{"href":"https:\/\/hajimekarate.com\/pt-pt\/wp-json\/wp\/v2\/product"}],"about":[{"href":"https:\/\/hajimekarate.com\/pt-pt\/wp-json\/wp\/v2\/types\/product"}],"wp:featuredmedia":[{"embeddable":true,"href":"https:\/\/hajimekarate.com\/pt-pt\/wp-json\/wp\/v2\/media\/10253"}],"wp:attachment":[{"href":"https:\/\/hajimekarate.com\/pt-pt\/wp-json\/wp\/v2\/media?parent=10815"}],"wp:term":[{"taxonomy":"product_brand","embeddable":true,"href":"https:\/\/hajimekarate.com\/pt-pt\/wp-json\/wp\/v2\/product_brand?post=10815"},{"taxonomy":"product_cat","embeddable":true,"href":"https:\/\/hajimekarate.com\/pt-pt\/wp-json\/wp\/v2\/product_cat?post=10815"},{"taxonomy":"product_tag","embeddable":true,"href":"https:\/\/hajimekarate.com\/pt-pt\/wp-json\/wp\/v2\/product_tag?post=10815"}],"curies":[{"name":"wp","href":"https:\/\/api.w.org\/{rel}","templated":true}]}}