{"id":10812,"date":"2019-10-06T21:55:53","date_gmt":"2019-10-06T19:55:53","guid":{"rendered":"https:\/\/hajimekarate.com\/comprar\/bokken\/"},"modified":"2026-02-16T11:10:21","modified_gmt":"2026-02-16T10:10:21","slug":"bokken","status":"publish","type":"product","link":"https:\/\/hajimekarate.com\/pt-pt\/comprar\/bokken\/","title":{"rendered":"Bokken Linha Miyabi"},"content":{"rendered":"<p><span style=\"font-weight: 400;\">O Bokken \u00e9 uma Katana de madeira, tamb\u00e9m chamada Bokuto. A sua utiliza\u00e7\u00e3o tornou-se popular no per\u00edodo Muromachi (1336-1600), quando os guerreiros come\u00e7aram a utiliz\u00e1-lo na arte de duelo e n\u00e3o no campo de batalha. \u00c9 atualmente utilizado no Iaijutsu ou Kenjutsu, facto j\u00e1 documentado no s\u00e9culo XVII. Kenjutsu \u00e9 uma t\u00e9cnica do Kobujutsu e que \u00e9 a origem do Kendo. \u00c9 imprescind\u00edvel no treino de Kata. Para o seu fabrico os materiais mais populares utilizados s\u00e3o o carvalho vermelho ou o carvalho branco. <\/span><\/p>\n<p>Fabricado artesanalmente em faia de elevada qualidade com goiva e pincel respeitando a tradi\u00e7\u00e3o. Com as medidas tradicionais do Bokken japon\u00eas: 1023 mm (C) e 40 mm (L), com uma empunhadura em forma el\u00edptica de 270 mm (C) e 40 mm (L). Ideal para a pr\u00e1tica com contacto devido \u00e0 sua leveza, equil\u00edbrio e alta resist\u00eancia. O acabamento tem um elegante tom noz.<\/p>\n","protected":false},"excerpt":{"rendered":"<p>Madeira de faia de primeira qualidade. 1023 mm (C) e 40 mm (L), com empunhadura em forma el\u00edptica de 270 mm (C) e 40 mm (L). Peso: 450 gr.<\/p>\n<p><em>* Produto artesanal feito por encomenda, por isso, por vezes, se n\u00e3o tivermos stock, pode demorar alguns dias.<br \/>\n<\/em><\/p>\n<p>IMPORTANTE: Todas as nossas armas e utens\u00edlios s\u00e3o vendidos como artigos de cole\u00e7\u00e3o e \u00e9 proibida a sua utiliza\u00e7\u00e3o ou transporte como armas.<\/p>\n","protected":false},"featured_media":10256,"template":"","meta":{"_joinchat":[]},"product_brand":[],"product_cat":[791,800,1133,1143,1140],"product_tag":[2621],"class_list":{"0":"post-10812","1":"product","2":"type-product","3":"status-publish","4":"has-post-thumbnail","6":"product_cat-aikido","7":"product_cat-armas-e-utensilios","8":"product_cat-armas-e-utensilios-da-linha-miyabi","9":"product_cat-de-madeira","10":"product_cat-kobudo-pt-pt","11":"product_tag-club-05-pt","12":"product_shipping_class-tools_vol","14":"first","15":"onbackorder","16":"taxable","17":"shipping-taxable","18":"purchasable","19":"product-type-simple"},"_links":{"self":[{"href":"https:\/\/hajimekarate.com\/pt-pt\/wp-json\/wp\/v2\/product\/10812","targetHints":{"allow":["GET"]}}],"collection":[{"href":"https:\/\/hajimekarate.com\/pt-pt\/wp-json\/wp\/v2\/product"}],"about":[{"href":"https:\/\/hajimekarate.com\/pt-pt\/wp-json\/wp\/v2\/types\/product"}],"wp:featuredmedia":[{"embeddable":true,"href":"https:\/\/hajimekarate.com\/pt-pt\/wp-json\/wp\/v2\/media\/10256"}],"wp:attachment":[{"href":"https:\/\/hajimekarate.com\/pt-pt\/wp-json\/wp\/v2\/media?parent=10812"}],"wp:term":[{"taxonomy":"product_brand","embeddable":true,"href":"https:\/\/hajimekarate.com\/pt-pt\/wp-json\/wp\/v2\/product_brand?post=10812"},{"taxonomy":"product_cat","embeddable":true,"href":"https:\/\/hajimekarate.com\/pt-pt\/wp-json\/wp\/v2\/product_cat?post=10812"},{"taxonomy":"product_tag","embeddable":true,"href":"https:\/\/hajimekarate.com\/pt-pt\/wp-json\/wp\/v2\/product_tag?post=10812"}],"curies":[{"name":"wp","href":"https:\/\/api.w.org\/{rel}","templated":true}]}}