{"id":10811,"date":"2019-10-06T21:55:54","date_gmt":"2019-10-06T19:55:54","guid":{"rendered":"https:\/\/hajimekarate.com\/comprar\/eku-168-cm\/"},"modified":"2026-04-24T13:22:06","modified_gmt":"2026-04-24T11:22:06","slug":"eku-168-cm-2","status":"publish","type":"product","link":"https:\/\/hajimekarate.com\/pt-pt\/comprar\/eku-168-cm-2\/","title":{"rendered":"Eku 168 cm Linha Miyabi"},"content":{"rendered":"[vc_row type=&#8221;in_container&#8221; full_screen_row_position=&#8221;middle&#8221; column_margin=&#8221;default&#8221; column_direction=&#8221;default&#8221; column_direction_tablet=&#8221;default&#8221; column_direction_phone=&#8221;default&#8221; scene_position=&#8221;center&#8221; text_color=&#8221;dark&#8221; text_align=&#8221;left&#8221; row_border_radius=&#8221;none&#8221; row_border_radius_applies=&#8221;bg&#8221; overlay_strength=&#8221;0.3&#8243; gradient_direction=&#8221;left_to_right&#8221; shape_divider_position=&#8221;bottom&#8221; bg_image_animation=&#8221;none&#8221;][vc_column column_padding=&#8221;no-extra-padding&#8221; column_padding_tablet=&#8221;inherit&#8221; column_padding_phone=&#8221;inherit&#8221; column_padding_position=&#8221;all&#8221; column_element_spacing=&#8221;default&#8221; background_color_opacity=&#8221;1&#8243; background_hover_color_opacity=&#8221;1&#8243; column_shadow=&#8221;none&#8221; column_border_radius=&#8221;none&#8221; column_link_target=&#8221;_self&#8221; gradient_direction=&#8221;left_to_right&#8221; overlay_strength=&#8221;0.3&#8243; width=&#8221;1\/1&#8243; tablet_width_inherit=&#8221;default&#8221; tablet_text_alignment=&#8221;default&#8221; phone_text_alignment=&#8221;default&#8221; bg_image_animation=&#8221;none&#8221; border_type=&#8221;simple&#8221; column_border_width=&#8221;none&#8221; column_border_style=&#8221;solid&#8221;][vc_column_text]<span style=\"font-weight: 400;\">A origem do Eku ou do Oar \u00e9 muito antiga. Foi idealizado por pescadores de Okinawa para se protegerem de uma poss\u00edvel invas\u00e3o chinesa, adaptando os remos num utens\u00edlio de autodefesa. O resultado foi criarem um excelente utens\u00edlio para cortar o ar e com alto poder destrutivo. A utiliza\u00e7\u00e3o deste utens\u00edlio \u00e9 semelhante \u00e0 do B\u014d, embora devido ao seu formato, com o centro de gravidade deslocado, e ao facto de ser mais pesado, seja mais dif\u00edcil de manejar. Foi originalmente concebido para lutar na praia, uma vez que o lado plano permitia tapar a visibilidade do advers\u00e1rio, permitia fazer outro tipo de ataques, nomeadamente atirar areia para os olhos. <\/span><\/p>\n<p><span style=\"font-weight: 400;\">Com um comprimento total de 168 cm, fabricado artesanalmente em Espanha em madeira de faia.<\/span> Lixado \u00e0 m\u00e3o e aplica\u00e7\u00e3o posterior de uma camada de \u00f3leo de linha\u00e7a. A p\u00e1 mede 59 cm (C) e 9 cm (L), o cabo mede 107 cm e tem um di\u00e2metro de 2,8 cm. Comprimento total de 168 cm.[\/vc_column_text][\/vc_column][\/vc_row]\n","protected":false},"excerpt":{"rendered":"<p><span style=\"font-weight: 400;\">Feito \u00e0 m\u00e3o por um artes\u00e3o espanhol em madeira de faia.<\/span> A p\u00e1 mede 59 cm (C) e 9 cm (L), o cabo mede 107 cm e tem um di\u00e2metro de 2,8 cm. Comprimento total: 168 cm. Peso: 1,6 kg aprox. Acabamento em tons de linho, mogno ou noz, sem custos adicionais.<\/p>\n<p><em>* Produto artesanal feito por encomenda, por isso, por vezes, se n\u00e3o tivermos stock, pode demorar alguns dias. IMPORTANTE: Todas as nossas armas e utens\u00edlios s\u00e3o vendidos como artigos de cole\u00e7\u00e3o e \u00e9 proibida a sua utiliza\u00e7\u00e3o ou transporte como armas.<br \/>\n<\/em><\/p>\n","protected":false},"featured_media":9983,"template":"","meta":{"_joinchat":[]},"product_brand":[],"product_cat":[2350,800,1133,1143,1140],"product_tag":[2621],"class_list":{"0":"post-10811","1":"product","2":"type-product","3":"status-publish","4":"has-post-thumbnail","6":"product_cat-ferramentas-custos","7":"product_cat-armas-e-utensilios","8":"product_cat-armas-e-utensilios-da-linha-miyabi","9":"product_cat-de-madeira","10":"product_cat-kobudo-pt-pt","11":"product_tag-club-05-pt","12":"product_shipping_class-tools_vol","14":"first","15":"onbackorder","16":"taxable","17":"shipping-taxable","18":"purchasable","19":"product-type-simple"},"_links":{"self":[{"href":"https:\/\/hajimekarate.com\/pt-pt\/wp-json\/wp\/v2\/product\/10811","targetHints":{"allow":["GET"]}}],"collection":[{"href":"https:\/\/hajimekarate.com\/pt-pt\/wp-json\/wp\/v2\/product"}],"about":[{"href":"https:\/\/hajimekarate.com\/pt-pt\/wp-json\/wp\/v2\/types\/product"}],"wp:featuredmedia":[{"embeddable":true,"href":"https:\/\/hajimekarate.com\/pt-pt\/wp-json\/wp\/v2\/media\/9983"}],"wp:attachment":[{"href":"https:\/\/hajimekarate.com\/pt-pt\/wp-json\/wp\/v2\/media?parent=10811"}],"wp:term":[{"taxonomy":"product_brand","embeddable":true,"href":"https:\/\/hajimekarate.com\/pt-pt\/wp-json\/wp\/v2\/product_brand?post=10811"},{"taxonomy":"product_cat","embeddable":true,"href":"https:\/\/hajimekarate.com\/pt-pt\/wp-json\/wp\/v2\/product_cat?post=10811"},{"taxonomy":"product_tag","embeddable":true,"href":"https:\/\/hajimekarate.com\/pt-pt\/wp-json\/wp\/v2\/product_tag?post=10811"}],"curies":[{"name":"wp","href":"https:\/\/api.w.org\/{rel}","templated":true}]}}